{"id":676,"date":"2024-06-25T07:57:49","date_gmt":"2024-06-25T05:57:49","guid":{"rendered":"https:\/\/sigmapolymergroup.com\/?page_id=676"},"modified":"2024-08-08T09:46:40","modified_gmt":"2024-08-08T07:46:40","slug":"cookiepolicy","status":"publish","type":"page","link":"https:\/\/sigmapolymergroup.com\/sv\/cookie-policy\/","title":{"rendered":"Policy f\u00f6r cookies"},"content":{"rendered":"<section class=\"bde-section-676-100 bde-section\">\n  \n  \n\t\n\n\n\n<div class=\"section-container\"><div class=\"bde-breadcrumbs-676-102 bde-breadcrumbs bde-preset-f939864a-5cea-4aea-b69b-9c6af527dac6\"><nav aria-label=\"br\u00f6dsmulor\" class=\"rank-math-breadcrumb\"><p><span class=\"last\">Hem<\/span><\/p><\/nav><\/div><div class=\"bde-rich-text-676-101 bde-rich-text breakdance-rich-text-styles\">\n<h2 class=\"cookie-policy-h1\"><strong>Policy f\u00f6r cookies<\/strong><\/h2>\nG\u00e4llande datum: 09-dec-2021\nSenast uppdaterad: 09-dec-2021\n\n&nbsp;\n<h5>Vad \u00e4r cookies?<\/h5>\n<div class=\"cookie-policy-p\">\n\nDenna cookiepolicy f\u00f6rklarar vad cookies \u00e4r och hur vi anv\u00e4nder dem, vilka typer av cookies vi anv\u00e4nder, dvs. vilken information vi samlar in med hj\u00e4lp av cookies och hur den informationen anv\u00e4nds, samt hur du hanterar cookieinst\u00e4llningarna.\n\nCookies \u00e4r sm\u00e5 textfiler som anv\u00e4nds f\u00f6r att lagra sm\u00e5 bitar av information. De lagras p\u00e5 din enhet n\u00e4r webbplatsen laddas i din webbl\u00e4sare. Dessa cookies hj\u00e4lper oss att f\u00e5 webbplatsen att fungera korrekt, g\u00f6ra den s\u00e4krare, ge en b\u00e4ttre anv\u00e4ndarupplevelse och f\u00f6rst\u00e5 hur webbplatsen fungerar samt att analysera vad som fungerar och vad som beh\u00f6ver f\u00f6rb\u00e4ttras.\n\n<\/div>\n&nbsp;\n<h5>Hur anv\u00e4nder vi cookies?<\/h5>\n<div class=\"cookie-policy-p\">\n\nSom de flesta onlinetj\u00e4nster anv\u00e4nder v\u00e5r webbplats f\u00f6rstaparts- och tredjepartscookies f\u00f6r flera olika \u00e4ndam\u00e5l. F\u00f6rstapartscookies \u00e4r oftast n\u00f6dv\u00e4ndiga f\u00f6r att webbplatsen ska fungera p\u00e5 r\u00e4tt s\u00e4tt, och de samlar inte in n\u00e5gra uppgifter som kan identifiera dig personligen.\n\nDe tredjepartscookies som anv\u00e4nds p\u00e5 v\u00e5r webbplats \u00e4r fr\u00e4mst till f\u00f6r att f\u00f6rst\u00e5 hur webbplatsen fungerar, hur du interagerar med v\u00e5r webbplats, h\u00e5lla v\u00e5ra tj\u00e4nster s\u00e4kra, tillhandah\u00e5lla annonser som \u00e4r relevanta f\u00f6r dig, och allt som allt ge dig en b\u00e4ttre och f\u00f6rb\u00e4ttrad anv\u00e4ndarupplevelse och hj\u00e4lpa till att p\u00e5skynda dina framtida interaktioner med v\u00e5r webbplats.\n\n<\/div>\n&nbsp;\n<h5>Typer av cookies som vi anv\u00e4nder<\/h5>\n<div class=\"cky-audit-table-element\"><\/div>\n&nbsp;\n<h5 style=\"margin-bottom: 20px;\">Hantera cookiepreferenser<\/h5>\n<a class=\"cky-banner-element\">Inst\u00e4llningar f\u00f6r cookies<\/a>\n<div>\n\nDu kan \u00e4ndra dina cookie-inst\u00e4llningar n\u00e4r som helst genom att klicka p\u00e5 knappen ovan. D\u00e5 kan du \u00e5terg\u00e5 till bannern f\u00f6r samtycke till cookies och \u00e4ndra dina preferenser eller \u00e5terkalla ditt samtycke direkt.\n\nDessutom erbjuder olika webbl\u00e4sare olika metoder f\u00f6r att blockera och radera cookies som anv\u00e4nds av webbplatser. Du kan \u00e4ndra inst\u00e4llningarna i din webbl\u00e4sare f\u00f6r att blockera\/radera cookies. Nedan finns l\u00e4nkar till supportdokument om hur du hanterar och tar bort cookies fr\u00e5n de st\u00f6rsta webbl\u00e4sarna.\n\nChrome: <a href=\"https:\/\/support.google.com\/accounts\/answer\/32050\" target=\"_blank\" rel=\"noopener\">https:\/\/support.google.com\/accounts\/answer\/32050<\/a>\n\nSafari: <a href=\"https:\/\/support.apple.com\/en-in\/guide\/safari\/sfri11471\/mac\" target=\"_blank\" rel=\"noopener\">https:\/\/support.apple.com\/en-in\/guide\/safari\/sfri11471\/mac<\/a>\n\nFirefox: <a href=\"https:\/\/support.mozilla.org\/en-US\/kb\/clear-cookies-and-site-data-firefox?redirectslug=delete-cookies-remove-info-websites-stored&amp;redirectlocale=en-US\" target=\"_blank\" rel=\"noopener\">https:\/\/support.mozilla.org\/en-US\/kb\/clear-cookies-and-site-data-firefox?redirectslug=delete-cookies-remove-info-websites-stored&amp;redirectlocale=en-US<\/a>\n\nInternet Explorer: <a href=\"https:\/\/support.microsoft.com\/en-us\/topic\/how-to-delete-cookie-files-in-internet-explorer-bca9446f-d873-78de-77ba-d42645fa52fc\" target=\"_blank\" rel=\"noopener\">https:\/\/support.microsoft.com\/en-us\/topic\/how-to-delete-cookie-files-in-internet-explorer-bca9446f-d873-78de-77ba-d42645fa52fc<\/a>\n\nOm du anv\u00e4nder n\u00e5gon annan webbl\u00e4sare, v\u00e4nligen bes\u00f6k din webbl\u00e4sares officiella supportdokument.\n\n<\/div>\n&nbsp;\n<p class=\"cookie-policy-p\">Cookiepolicy genererad av <a target=\"_blank\" href=\"https:\/\/www.cookieyes.com\/?utm_source=CP&amp;utm_medium=footer&amp;utm_campaign=UW\" rel=\"noopener\">CookieYes - Generator f\u00f6r cookiepolicy<\/a>.<\/p>\n<\/div><\/div>\n<\/section>","protected":false},"excerpt":{"rendered":"<p>Home Cookie Policy Effective Date: 09-Dec-2021 Last Updated: 09-Dec-2021 &nbsp; What are cookies? This Cookie Policy explains what cookies are and how we use them, the types of cookies we use i.e, the information we collect using cookies and how that information is used, and how to manage the cookie settings. Cookies are small text [&hellip;]<\/p>\n","protected":false},"author":2,"featured_media":0,"parent":0,"menu_order":0,"comment_status":"closed","ping_status":"closed","template":"","meta":{"_acf_changed":false,"_breakdance_hide_in_design_set":false,"_breakdance_tags":"","footnotes":""},"class_list":["post-676","page","type-page","status-publish","hentry"],"acf":[],"_links":{"self":[{"href":"https:\/\/sigmapolymergroup.com\/sv\/wp-json\/wp\/v2\/pages\/676","targetHints":{"allow":["GET"]}}],"collection":[{"href":"https:\/\/sigmapolymergroup.com\/sv\/wp-json\/wp\/v2\/pages"}],"about":[{"href":"https:\/\/sigmapolymergroup.com\/sv\/wp-json\/wp\/v2\/types\/page"}],"author":[{"embeddable":true,"href":"https:\/\/sigmapolymergroup.com\/sv\/wp-json\/wp\/v2\/users\/2"}],"replies":[{"embeddable":true,"href":"https:\/\/sigmapolymergroup.com\/sv\/wp-json\/wp\/v2\/comments?post=676"}],"version-history":[{"count":3,"href":"https:\/\/sigmapolymergroup.com\/sv\/wp-json\/wp\/v2\/pages\/676\/revisions"}],"predecessor-version":[{"id":815,"href":"https:\/\/sigmapolymergroup.com\/sv\/wp-json\/wp\/v2\/pages\/676\/revisions\/815"}],"wp:attachment":[{"href":"https:\/\/sigmapolymergroup.com\/sv\/wp-json\/wp\/v2\/media?parent=676"}],"curies":[{"name":"wp","href":"https:\/\/api.w.org\/{rel}","templated":true}]}}