{"id":490,"date":"2024-05-10T11:05:19","date_gmt":"2024-05-10T09:05:19","guid":{"rendered":"https:\/\/sigmapolymergroup.com\/?page_id=490"},"modified":"2024-09-03T11:42:43","modified_gmt":"2024-09-03T09:42:43","slug":"tack","status":"publish","type":"page","link":"https:\/\/sigmapolymergroup.com\/sv\/thanks\/","title":{"rendered":"Tack f\u00f6r att du kom"},"content":{"rendered":"<section class=\"bde-section-490-100 bde-section\">\n              \n  \n  \n\t\n\n  <div class=\"section-background-overlay\"><\/div>\n\n\n<div class=\"section-container\"><h1 class=\"bde-heading-490-101 bde-heading\">\nTack f\u00f6r att du str\u00e4cker ut handen\n<\/h1><div class=\"bde-text-490-103 bde-text\">\nVi uppskattar att du kontaktar Sigma Polymer Group. Vi kommer att granska din f\u00f6rfr\u00e5gan och svara i enlighet med detta.\n<\/div><\/div>\n<\/section>","protected":false},"excerpt":{"rendered":"<p>Tack f\u00f6r att du h\u00f6rde av dig Vi uppskattar att du h\u00f6rde av dig till Sigma Polymer Group. Vi kommer att granska din f\u00f6rfr\u00e5gan och svara i enlighet med detta.<\/p>","protected":false},"author":2,"featured_media":0,"parent":0,"menu_order":0,"comment_status":"closed","ping_status":"closed","template":"","meta":{"_acf_changed":false,"_breakdance_hide_in_design_set":false,"_breakdance_tags":"","footnotes":""},"class_list":["post-490","page","type-page","status-publish","hentry"],"acf":[],"_links":{"self":[{"href":"https:\/\/sigmapolymergroup.com\/sv\/wp-json\/wp\/v2\/pages\/490","targetHints":{"allow":["GET"]}}],"collection":[{"href":"https:\/\/sigmapolymergroup.com\/sv\/wp-json\/wp\/v2\/pages"}],"about":[{"href":"https:\/\/sigmapolymergroup.com\/sv\/wp-json\/wp\/v2\/types\/page"}],"author":[{"embeddable":true,"href":"https:\/\/sigmapolymergroup.com\/sv\/wp-json\/wp\/v2\/users\/2"}],"replies":[{"embeddable":true,"href":"https:\/\/sigmapolymergroup.com\/sv\/wp-json\/wp\/v2\/comments?post=490"}],"version-history":[{"count":4,"href":"https:\/\/sigmapolymergroup.com\/sv\/wp-json\/wp\/v2\/pages\/490\/revisions"}],"predecessor-version":[{"id":905,"href":"https:\/\/sigmapolymergroup.com\/sv\/wp-json\/wp\/v2\/pages\/490\/revisions\/905"}],"wp:attachment":[{"href":"https:\/\/sigmapolymergroup.com\/sv\/wp-json\/wp\/v2\/media?parent=490"}],"curies":[{"name":"wp","href":"https:\/\/api.w.org\/{rel}","templated":true}]}}