{"id":488,"date":"2024-05-10T11:04:53","date_gmt":"2024-05-10T09:04:53","guid":{"rendered":"https:\/\/sigmapolymergroup.com\/?page_id=488"},"modified":"2024-09-03T11:42:58","modified_gmt":"2024-09-03T09:42:58","slug":"tack-sa-mycket","status":"publish","type":"page","link":"https:\/\/sigmapolymergroup.com\/sv\/thank-you\/","title":{"rendered":"Tack s\u00e5 mycket"},"content":{"rendered":"<section class=\"bde-section-488-100 bde-section\">\n              \n  \n  \n\t\n\n  <div class=\"section-background-overlay\"><\/div>\n\n\n<div class=\"section-container\"><h1 class=\"bde-heading-488-101 bde-heading\">\nVi har mottagit din ans\u00f6kan!\n<\/h1><div class=\"bde-text-488-103 bde-text\">\nTack f\u00f6r ditt intresse f\u00f6r Sigma Polymer Group. Vi kommer att g\u00e5 igenom ans\u00f6kningarna och f\u00f6lja upp med kvalificerade kandidater.\n<\/div><\/div>\n<\/section>","protected":false},"excerpt":{"rendered":"<p>Vi har mottagit din ans\u00f6kan! Tack f\u00f6r ditt intresse f\u00f6r Sigma Polymer Group. Vi kommer att g\u00e5 igenom ans\u00f6kningarna och f\u00f6lja upp med kvalificerade kandidater.<\/p>","protected":false},"author":2,"featured_media":0,"parent":0,"menu_order":0,"comment_status":"closed","ping_status":"closed","template":"","meta":{"_acf_changed":false,"_breakdance_hide_in_design_set":false,"_breakdance_tags":"","footnotes":""},"class_list":["post-488","page","type-page","status-publish","hentry"],"acf":[],"_links":{"self":[{"href":"https:\/\/sigmapolymergroup.com\/sv\/wp-json\/wp\/v2\/pages\/488","targetHints":{"allow":["GET"]}}],"collection":[{"href":"https:\/\/sigmapolymergroup.com\/sv\/wp-json\/wp\/v2\/pages"}],"about":[{"href":"https:\/\/sigmapolymergroup.com\/sv\/wp-json\/wp\/v2\/types\/page"}],"author":[{"embeddable":true,"href":"https:\/\/sigmapolymergroup.com\/sv\/wp-json\/wp\/v2\/users\/2"}],"replies":[{"embeddable":true,"href":"https:\/\/sigmapolymergroup.com\/sv\/wp-json\/wp\/v2\/comments?post=488"}],"version-history":[{"count":4,"href":"https:\/\/sigmapolymergroup.com\/sv\/wp-json\/wp\/v2\/pages\/488\/revisions"}],"predecessor-version":[{"id":906,"href":"https:\/\/sigmapolymergroup.com\/sv\/wp-json\/wp\/v2\/pages\/488\/revisions\/906"}],"wp:attachment":[{"href":"https:\/\/sigmapolymergroup.com\/sv\/wp-json\/wp\/v2\/media?parent=488"}],"curies":[{"name":"wp","href":"https:\/\/api.w.org\/{rel}","templated":true}]}}