{"id":235,"date":"2024-04-12T09:44:25","date_gmt":"2024-04-12T07:44:25","guid":{"rendered":"https:\/\/sigmapolymergroup.com\/?page_id=235"},"modified":"2026-02-18T15:39:57","modified_gmt":"2026-02-18T14:39:57","slug":"politik","status":"publish","type":"page","link":"https:\/\/sigmapolymergroup.com\/sv\/about-us\/policies\/","title":{"rendered":"Policys"},"content":{"rendered":"<section class=\"bde-section-235-100 bde-section\">\n  \n  \n\t\n\n\n\n<div class=\"section-container\"><div class=\"bde-basicslider-235-101 bde-basicslider\">\n<div class=\"breakdance-swiper-wrapper\" data-swiper-id=\"101\">\n    <div class=\"swiper\">\n      <div class=\"swiper-wrapper\">\n      \n\t                    \n        <div class=\"swiper-slide\">\n          <div class=\"bde-basicslider__slide\">\n              <div class=\"bde-basicslider__content\">\n                                                <\/div>\n\n\t\t\t\t\t\t          <img loading=\"lazy\" decoding=\"async\" class=\"breakdance-image-object bde-basicslider__image\" src=\"https:\/\/sigmapolymergroup.com\/wp-content\/uploads\/2024\/06\/sigma-polymer-group-header-1.jpg\" width=\"800\" height=\"600\" srcset=\"https:\/\/sigmapolymergroup.com\/wp-content\/uploads\/2024\/06\/sigma-polymer-group-header-1.jpg 800w, https:\/\/sigmapolymergroup.com\/wp-content\/uploads\/2024\/06\/sigma-polymer-group-header-1-300x225.jpg 300w, https:\/\/sigmapolymergroup.com\/wp-content\/uploads\/2024\/06\/sigma-polymer-group-header-1-768x576.jpg 768w\" sizes=\"auto, (max-width: 800px) 100vw, 800px\">\n\t\t\t\n          <\/div>\n        <\/div>\n       \n\t                    \n        <div class=\"swiper-slide\">\n          <div class=\"bde-basicslider__slide\">\n              <div class=\"bde-basicslider__content\">\n                                                <\/div>\n\n\t\t\t\t\t\t          <img loading=\"lazy\" decoding=\"async\" class=\"breakdance-image-object bde-basicslider__image\" src=\"https:\/\/sigmapolymergroup.com\/wp-content\/uploads\/2024\/06\/sigma-polymer-group-header-2.jpg\" width=\"800\" height=\"600\" srcset=\"https:\/\/sigmapolymergroup.com\/wp-content\/uploads\/2024\/06\/sigma-polymer-group-header-2.jpg 800w, https:\/\/sigmapolymergroup.com\/wp-content\/uploads\/2024\/06\/sigma-polymer-group-header-2-300x225.jpg 300w, https:\/\/sigmapolymergroup.com\/wp-content\/uploads\/2024\/06\/sigma-polymer-group-header-2-768x576.jpg 768w\" sizes=\"auto, (max-width: 800px) 100vw, 800px\">\n\t\t\t\n          <\/div>\n        <\/div>\n       \n\t                    \n        <div class=\"swiper-slide\">\n          <div class=\"bde-basicslider__slide\">\n              <div class=\"bde-basicslider__content\">\n                                                <\/div>\n\n\t\t\t\t\t\t          <img loading=\"lazy\" decoding=\"async\" class=\"breakdance-image-object bde-basicslider__image\" src=\"https:\/\/sigmapolymergroup.com\/wp-content\/uploads\/2024\/06\/sigma-polymer-group-header-3.jpg\" width=\"1024\" height=\"768\" srcset=\"https:\/\/sigmapolymergroup.com\/wp-content\/uploads\/2024\/06\/sigma-polymer-group-header-3.jpg 1024w, https:\/\/sigmapolymergroup.com\/wp-content\/uploads\/2024\/06\/sigma-polymer-group-header-3-300x225.jpg 300w, https:\/\/sigmapolymergroup.com\/wp-content\/uploads\/2024\/06\/sigma-polymer-group-header-3-768x576.jpg 768w\" sizes=\"auto, (max-width: 1024px) 100vw, 1024px\">\n\t\t\t\n          <\/div>\n        <\/div>\n       \n\t                    \n        <div class=\"swiper-slide\">\n          <div class=\"bde-basicslider__slide\">\n              <div class=\"bde-basicslider__content\">\n                                                <\/div>\n\n\t\t\t\t\t\t          <img loading=\"lazy\" decoding=\"async\" class=\"breakdance-image-object bde-basicslider__image\" src=\"https:\/\/sigmapolymergroup.com\/wp-content\/uploads\/2024\/06\/sigma-polymer-group-header-4.jpg\" width=\"800\" height=\"600\" srcset=\"https:\/\/sigmapolymergroup.com\/wp-content\/uploads\/2024\/06\/sigma-polymer-group-header-4.jpg 800w, https:\/\/sigmapolymergroup.com\/wp-content\/uploads\/2024\/06\/sigma-polymer-group-header-4-300x225.jpg 300w, https:\/\/sigmapolymergroup.com\/wp-content\/uploads\/2024\/06\/sigma-polymer-group-header-4-768x576.jpg 768w\" sizes=\"auto, (max-width: 800px) 100vw, 800px\">\n\t\t\t\n          <\/div>\n        <\/div>\n       \n      <\/div>\n    <\/div>\n                <div class=\"swiper-button-prev\">\n            \n        <\/div>\n        <div class=\"swiper-button-next\">\n            \n        <\/div>\n    \n            <div class=\"swiper-pagination\"><\/div>\n    \n<\/div>\n\n<\/div><div class=\"bde-columns-235-102 bde-columns\"><div class=\"bde-column-235-103 bde-column\">\n  \n  \n\t\n\n\n\n\n<\/div><div class=\"bde-column-235-104 bde-column\">\n  \n  \n\t\n\n\n\n<div class=\"bde-columns-235-105 bde-columns\"><div class=\"bde-column-235-106 bde-column\">\n  \n  \n\t\n\n\n\n<div class=\"bde-image-235-107 bde-image\">\n<figure class=\"breakdance-image breakdance-image--612\">\n\t<div class=\"breakdance-image-container\">\n\t\t<div class=\"breakdance-image-clip\"><img loading=\"lazy\" decoding=\"async\" class=\"breakdance-image-object\" src=\"https:\/\/sigmapolymergroup.com\/wp-content\/uploads\/2024\/06\/sigma-polymer-group-header-1.jpg\" width=\"800\" height=\"600\" srcset=\"https:\/\/sigmapolymergroup.com\/wp-content\/uploads\/2024\/06\/sigma-polymer-group-header-1.jpg 800w, https:\/\/sigmapolymergroup.com\/wp-content\/uploads\/2024\/06\/sigma-polymer-group-header-1-300x225.jpg 300w, https:\/\/sigmapolymergroup.com\/wp-content\/uploads\/2024\/06\/sigma-polymer-group-header-1-768x576.jpg 768w\" sizes=\"auto, (max-width: 800px) 100vw, 800px\"><\/div>\n\t<\/div><\/figure>\n\n<\/div>\n<\/div><div class=\"bde-column-235-108 bde-column\">\n  \n  \n\t\n\n\n\n<div class=\"bde-image-235-109 bde-image\">\n<figure class=\"breakdance-image breakdance-image--611\">\n\t<div class=\"breakdance-image-container\">\n\t\t<div class=\"breakdance-image-clip\"><img loading=\"lazy\" decoding=\"async\" class=\"breakdance-image-object\" src=\"https:\/\/sigmapolymergroup.com\/wp-content\/uploads\/2024\/06\/sigma-polymer-group-header-2.jpg\" width=\"800\" height=\"600\" srcset=\"https:\/\/sigmapolymergroup.com\/wp-content\/uploads\/2024\/06\/sigma-polymer-group-header-2.jpg 800w, https:\/\/sigmapolymergroup.com\/wp-content\/uploads\/2024\/06\/sigma-polymer-group-header-2-300x225.jpg 300w, https:\/\/sigmapolymergroup.com\/wp-content\/uploads\/2024\/06\/sigma-polymer-group-header-2-768x576.jpg 768w\" sizes=\"auto, (max-width: 800px) 100vw, 800px\"><\/div>\n\t<\/div><\/figure>\n\n<\/div>\n<\/div><div class=\"bde-column-235-110 bde-column\">\n  \n  \n\t\n\n\n\n<div class=\"bde-image-235-111 bde-image\">\n<figure class=\"breakdance-image breakdance-image--610\">\n\t<div class=\"breakdance-image-container\">\n\t\t<div class=\"breakdance-image-clip\"><img loading=\"lazy\" decoding=\"async\" class=\"breakdance-image-object\" src=\"https:\/\/sigmapolymergroup.com\/wp-content\/uploads\/2024\/06\/sigma-polymer-group-header-3.jpg\" width=\"1024\" height=\"768\" srcset=\"https:\/\/sigmapolymergroup.com\/wp-content\/uploads\/2024\/06\/sigma-polymer-group-header-3.jpg 1024w, https:\/\/sigmapolymergroup.com\/wp-content\/uploads\/2024\/06\/sigma-polymer-group-header-3-300x225.jpg 300w, https:\/\/sigmapolymergroup.com\/wp-content\/uploads\/2024\/06\/sigma-polymer-group-header-3-768x576.jpg 768w\" sizes=\"auto, (max-width: 1024px) 100vw, 1024px\"><\/div>\n\t<\/div><\/figure>\n\n<\/div>\n<\/div><div class=\"bde-column-235-147 bde-column\">\n  \n  \n\t\n\n\n\n<div class=\"bde-image-235-148 bde-image\">\n<figure class=\"breakdance-image breakdance-image--609\">\n\t<div class=\"breakdance-image-container\">\n\t\t<div class=\"breakdance-image-clip\"><img loading=\"lazy\" decoding=\"async\" class=\"breakdance-image-object\" src=\"https:\/\/sigmapolymergroup.com\/wp-content\/uploads\/2024\/06\/sigma-polymer-group-header-4.jpg\" width=\"800\" height=\"600\" srcset=\"https:\/\/sigmapolymergroup.com\/wp-content\/uploads\/2024\/06\/sigma-polymer-group-header-4.jpg 800w, https:\/\/sigmapolymergroup.com\/wp-content\/uploads\/2024\/06\/sigma-polymer-group-header-4-300x225.jpg 300w, https:\/\/sigmapolymergroup.com\/wp-content\/uploads\/2024\/06\/sigma-polymer-group-header-4-768x576.jpg 768w\" sizes=\"auto, (max-width: 800px) 100vw, 800px\"><\/div>\n\t<\/div><\/figure>\n\n<\/div>\n<\/div><\/div><div class=\"bde-columns-235-112 bde-columns\"><div class=\"bde-column-235-113 bde-column\">\n  \n  \n\t\n\n\n\n<div class=\"bde-breadcrumbs-235-149 bde-breadcrumbs bde-preset-f939864a-5cea-4aea-b69b-9c6af527dac6\"><nav aria-label=\"br\u00f6dsmulor\" class=\"rank-math-breadcrumb\"><p><span class=\"last\">Hem<\/span><\/p><\/nav><\/div><h1 class=\"bde-heading-235-145 bde-heading\">\nV\u00e5ra riktlinjer\n<\/h1><div class=\"bde-globalblock-235-146 bde-globalblock\"><\/div>\n<\/div><div class=\"bde-column-235-116 bde-column\">\n  \n  \n\t\n\n\n\n\n<\/div><\/div>\n<\/div><\/div><\/div>\n<\/section><section class=\"bde-section-235-143 bde-section\">\n  \n  \n\t\n\n\n\n<div class=\"section-container\"><div class=\"bde-div-235-144 bde-div\">\n  \n  \n\t\n\n\n\n<div class=\"bde-rich-text-235-118 bde-rich-text breakdance-rich-text-styles\">\n<p>V\u00e5r vision och v\u00e5ra v\u00e4rderingar driver framg\u00e5ngen och andan i v\u00e5r organisation och hj\u00e4lper oss att fatta dagliga beslut, f\u00f6rdela resurser och fokusera p\u00e5 v\u00e5ra m\u00e5l. Som marknadsledande inom utveckling och produktion av kundanpassade polymerbaserade l\u00f6sningar f\u00f6r nischapplikationer bygger v\u00e5r verksamhet p\u00e5 f\u00f6rm\u00e5gan att skapa och uppr\u00e4tth\u00e5lla \u00f6msesidigt f\u00f6rdelaktiga l\u00e5ngsiktiga relationer med v\u00e5ra kunder. Vi str\u00e4var efter att v\u00e4rna om denna grund genom att bedriva v\u00e5r verksamhet p\u00e5 ett lagligt, etiskt, socialt och milj\u00f6m\u00e4ssigt ansvarsfullt s\u00e4tt.<\/p>\n<\/div><div class=\"bde-div-235-122 bde-div\">\n  \n  \n\t\n\n\n\n<div class=\"bde-text-235-120 bde-text\">\nL\u00e4s v\u00e5r uppf\u00f6randekod f\u00f6r att l\u00e4ra dig mer om den etiska grunden f\u00f6r Sigma h\u00e4r:\n<\/div><a class=\"bde-text-link-235-121 bde-text-link breakdance-link\" href=\"https:\/\/sigmapolymergroup.com\/wp-content\/uploads\/2026\/02\/Code-of-Conduct_EN_2026_V1.1.pdf\" target=\"_blank\" data-type=\"url\">\n  Uppf\u00f6randekod\n\n<\/a>\n<\/div><div class=\"bde-div-235-123 bde-div\">\n  \n  \n\t\n\n\n\n<div class=\"bde-text-235-124 bde-text\">\nSigma kr\u00e4ver att dess leverant\u00f6rer f\u00f6ljer uppf\u00f6randekoden f\u00f6r leverant\u00f6rer som en del av den egna uppf\u00f6randekoden f\u00f6r att s\u00e4kerst\u00e4lla f\u00f6rebyggande och minimering av beteenden som kanske inte \u00f6verensst\u00e4mmer med f\u00f6retagets principer.\n<\/div>\n<\/div><div class=\"bde-div-235-126 bde-div\">\n  \n  \n\t\n\n\n\n<div class=\"bde-text-235-127 bde-text\">\nL\u00e4s v\u00e5r uppf\u00f6randekod f\u00f6r leverant\u00f6rer f\u00f6r att f\u00e5 mer information om v\u00e5r leverant\u00f6rspolicy h\u00e4r:\n<\/div><a class=\"bde-text-link-235-128 bde-text-link breakdance-link\" href=\"https:\/\/sigmapolymergroup.com\/wp-content\/uploads\/2026\/02\/Supplier-Code-of-Conducts_ENG_V1.1.pdf\" target=\"_self\" data-type=\"url\">\n  Uppf\u00f6randekod f\u00f6r leverant\u00f6rer\n\n<\/a>\n<\/div><div class=\"bde-div-235-130 bde-div\">\n  \n  \n\t\n\n\n\n<div class=\"bde-text-235-131 bde-text\">\nAtt uppfylla v\u00e5ra kunders och medarbetares f\u00f6rv\u00e4ntningar \u00e4r avg\u00f6rande f\u00f6r oss. Vi str\u00e4var efter att ha en \u00f6ppen dialog med v\u00e5ra kunder, leverant\u00f6rer, medarbetare och intressenter f\u00f6r att st\u00e4ndigt f\u00f6rb\u00e4ttra oss.\n<\/div>\n<\/div><div class=\"bde-div-235-132 bde-div\">\n  \n  \n\t\n\n\n\n<div class=\"bde-text-235-133 bde-text\">\nL\u00e4s mer om v\u00e5r aff\u00e4rspolicy p\u00e5 svenska h\u00e4r:\n<\/div><a class=\"bde-text-link-235-134 bde-text-link breakdance-link\" href=\"https:\/\/sigmapolymergroup.com\/wp-content\/uploads\/2025\/06\/Verksamhetspolicy-250528.pdf\" target=\"_self\" data-type=\"url\">\n  Verksamhetspolicy\n\n<\/a>\n<\/div><div class=\"bde-div-235-135 bde-div\">\n  \n  \n\t\n\n\n\n<div class=\"bde-text-235-136 bde-text\">\nV\u00e5r fr\u00e4msta angel\u00e4genhet \u00e4r v\u00e5ra medarbetares v\u00e4lbefinnande, b\u00e5de p\u00e5 och utanf\u00f6r arbetsplatsen. D\u00e4rf\u00f6r har vi inr\u00e4ttat ett visselbl\u00e5sarsystem som g\u00f6r det m\u00f6jligt f\u00f6r vem som helst att rapportera problem anonymt via v\u00e5r s\u00e4rskilda portal.\n<\/div><div class=\"bde-div-235-137 bde-div\">\n  \n  \n\t\n\n\n\n<div class=\"bde-text-235-138 bde-text\">\nL\u00e4s v\u00e5r policy f\u00f6r visselbl\u00e5sare h\u00e4r:\n<\/div><a class=\"bde-text-link-235-139 bde-text-link breakdance-link\" href=\"https:\/\/sigmapolymergroup.com\/wp-content\/uploads\/2024\/05\/Whistleblower-policy-Sigma_Eng.pdf\" target=\"_blank\" data-type=\"url\">\n  Policy f\u00f6r visselbl\u00e5sare\n\n<\/a>\n<\/div><div class=\"bde-div-235-140 bde-div\">\n  \n  \n\t\n\n\n\n<div class=\"bde-text-235-141 bde-text\">\nG\u00e5 till visselbl\u00e5sarportalen nedan om du uppt\u00e4cker n\u00e5gon \u00f6vertr\u00e4delse:\n<\/div><a class=\"bde-text-link-235-142 bde-text-link breakdance-link\" href=\"https:\/\/whistle-cc3cb.web.app\/sigmapolymergroup\" target=\"_blank\" data-type=\"url\" rel=\"noopener\">\n  Portal f\u00f6r visselbl\u00e5sare\n\n<\/a>\n<\/div>\n<\/div>\n<\/div><\/div>\n<\/section>","protected":false},"excerpt":{"rendered":"<p>Home Our Policies Our vision and values drive the success and spirit of our organization and help us to make daily decisions, allocate resources and focus on our targets. As a market leader in the development and production of customized polymer based solutions for niche applications, the foundation of our business is built on the [&hellip;]<\/p>\n","protected":false},"author":2,"featured_media":0,"parent":133,"menu_order":0,"comment_status":"closed","ping_status":"closed","template":"","meta":{"_acf_changed":false,"_breakdance_hide_in_design_set":false,"_breakdance_tags":"","footnotes":""},"class_list":["post-235","page","type-page","status-publish","hentry"],"acf":[],"_links":{"self":[{"href":"https:\/\/sigmapolymergroup.com\/sv\/wp-json\/wp\/v2\/pages\/235","targetHints":{"allow":["GET"]}}],"collection":[{"href":"https:\/\/sigmapolymergroup.com\/sv\/wp-json\/wp\/v2\/pages"}],"about":[{"href":"https:\/\/sigmapolymergroup.com\/sv\/wp-json\/wp\/v2\/types\/page"}],"author":[{"embeddable":true,"href":"https:\/\/sigmapolymergroup.com\/sv\/wp-json\/wp\/v2\/users\/2"}],"replies":[{"embeddable":true,"href":"https:\/\/sigmapolymergroup.com\/sv\/wp-json\/wp\/v2\/comments?post=235"}],"version-history":[{"count":18,"href":"https:\/\/sigmapolymergroup.com\/sv\/wp-json\/wp\/v2\/pages\/235\/revisions"}],"predecessor-version":[{"id":1283,"href":"https:\/\/sigmapolymergroup.com\/sv\/wp-json\/wp\/v2\/pages\/235\/revisions\/1283"}],"up":[{"embeddable":true,"href":"https:\/\/sigmapolymergroup.com\/sv\/wp-json\/wp\/v2\/pages\/133"}],"wp:attachment":[{"href":"https:\/\/sigmapolymergroup.com\/sv\/wp-json\/wp\/v2\/media?parent=235"}],"curies":[{"name":"wp","href":"https:\/\/api.w.org\/{rel}","templated":true}]}}