{"id":233,"date":"2024-04-12T09:43:39","date_gmt":"2024-04-12T07:43:39","guid":{"rendered":"https:\/\/sigmapolymergroup.com\/?page_id=233"},"modified":"2024-09-24T14:34:05","modified_gmt":"2024-09-24T12:34:05","slug":"vakuumringar","status":"publish","type":"page","link":"https:\/\/sigmapolymergroup.com\/sv\/standard-products\/vacuum-rings\/","title":{"rendered":"Vakuumringar"},"content":{"rendered":"<section class=\"bde-section-233-100 bde-section\">\n  \n  \n\t\n\n\n\n<div class=\"section-container\"><div class=\"bde-basicslider-233-101 bde-basicslider\">\n<div class=\"breakdance-swiper-wrapper\" data-swiper-id=\"101\">\n    <div class=\"swiper\">\n      <div class=\"swiper-wrapper\">\n      \n\t                    \n        <div class=\"swiper-slide\">\n          <div class=\"bde-basicslider__slide\">\n              <div class=\"bde-basicslider__content\">\n                                                <\/div>\n\n\t\t\t\t\t\t          <img loading=\"lazy\" decoding=\"async\" class=\"breakdance-image-object bde-basicslider__image\" src=\"https:\/\/sigmapolymergroup.com\/wp-content\/uploads\/2024\/06\/sigma-polymer-group-header-1.jpg\" width=\"800\" height=\"600\" srcset=\"https:\/\/sigmapolymergroup.com\/wp-content\/uploads\/2024\/06\/sigma-polymer-group-header-1.jpg 800w, https:\/\/sigmapolymergroup.com\/wp-content\/uploads\/2024\/06\/sigma-polymer-group-header-1-300x225.jpg 300w, https:\/\/sigmapolymergroup.com\/wp-content\/uploads\/2024\/06\/sigma-polymer-group-header-1-768x576.jpg 768w\" sizes=\"auto, (max-width: 800px) 100vw, 800px\">\n\t\t\t\n          <\/div>\n        <\/div>\n       \n\t                    \n        <div class=\"swiper-slide\">\n          <div class=\"bde-basicslider__slide\">\n              <div class=\"bde-basicslider__content\">\n                                                <\/div>\n\n\t\t\t\t\t\t          <img loading=\"lazy\" decoding=\"async\" class=\"breakdance-image-object bde-basicslider__image\" src=\"https:\/\/sigmapolymergroup.com\/wp-content\/uploads\/2024\/06\/sigma-polymer-group-header-2.jpg\" width=\"800\" height=\"600\" srcset=\"https:\/\/sigmapolymergroup.com\/wp-content\/uploads\/2024\/06\/sigma-polymer-group-header-2.jpg 800w, https:\/\/sigmapolymergroup.com\/wp-content\/uploads\/2024\/06\/sigma-polymer-group-header-2-300x225.jpg 300w, https:\/\/sigmapolymergroup.com\/wp-content\/uploads\/2024\/06\/sigma-polymer-group-header-2-768x576.jpg 768w\" sizes=\"auto, (max-width: 800px) 100vw, 800px\">\n\t\t\t\n          <\/div>\n        <\/div>\n       \n\t                    \n        <div class=\"swiper-slide\">\n          <div class=\"bde-basicslider__slide\">\n              <div class=\"bde-basicslider__content\">\n                                                <\/div>\n\n\t\t\t\t\t\t          <img loading=\"lazy\" decoding=\"async\" class=\"breakdance-image-object bde-basicslider__image\" src=\"https:\/\/sigmapolymergroup.com\/wp-content\/uploads\/2024\/06\/sigma-polymer-group-header-3.jpg\" width=\"1024\" height=\"768\" srcset=\"https:\/\/sigmapolymergroup.com\/wp-content\/uploads\/2024\/06\/sigma-polymer-group-header-3.jpg 1024w, https:\/\/sigmapolymergroup.com\/wp-content\/uploads\/2024\/06\/sigma-polymer-group-header-3-300x225.jpg 300w, https:\/\/sigmapolymergroup.com\/wp-content\/uploads\/2024\/06\/sigma-polymer-group-header-3-768x576.jpg 768w\" sizes=\"auto, (max-width: 1024px) 100vw, 1024px\">\n\t\t\t\n          <\/div>\n        <\/div>\n       \n\t                    \n        <div class=\"swiper-slide\">\n          <div class=\"bde-basicslider__slide\">\n              <div class=\"bde-basicslider__content\">\n                                                <\/div>\n\n\t\t\t\t\t\t          <img loading=\"lazy\" decoding=\"async\" class=\"breakdance-image-object bde-basicslider__image\" src=\"https:\/\/sigmapolymergroup.com\/wp-content\/uploads\/2024\/06\/sigma-polymer-group-header-4.jpg\" width=\"800\" height=\"600\" srcset=\"https:\/\/sigmapolymergroup.com\/wp-content\/uploads\/2024\/06\/sigma-polymer-group-header-4.jpg 800w, https:\/\/sigmapolymergroup.com\/wp-content\/uploads\/2024\/06\/sigma-polymer-group-header-4-300x225.jpg 300w, https:\/\/sigmapolymergroup.com\/wp-content\/uploads\/2024\/06\/sigma-polymer-group-header-4-768x576.jpg 768w\" sizes=\"auto, (max-width: 800px) 100vw, 800px\">\n\t\t\t\n          <\/div>\n        <\/div>\n       \n      <\/div>\n    <\/div>\n                <div class=\"swiper-button-prev\">\n            \n        <\/div>\n        <div class=\"swiper-button-next\">\n            \n        <\/div>\n    \n            <div class=\"swiper-pagination\"><\/div>\n    \n<\/div>\n\n<\/div><div class=\"bde-columns-233-102 bde-columns\"><div class=\"bde-column-233-103 bde-column\">\n  \n  \n\t\n\n\n\n\n<\/div><div class=\"bde-column-233-104 bde-column\">\n  \n  \n\t\n\n\n\n<div class=\"bde-columns-233-105 bde-columns\"><div class=\"bde-column-233-106 bde-column\">\n  \n  \n\t\n\n\n\n<div class=\"bde-image-233-107 bde-image\">\n<figure class=\"breakdance-image breakdance-image--612\">\n\t<div class=\"breakdance-image-container\">\n\t\t<div class=\"breakdance-image-clip\"><img loading=\"lazy\" decoding=\"async\" class=\"breakdance-image-object\" src=\"https:\/\/sigmapolymergroup.com\/wp-content\/uploads\/2024\/06\/sigma-polymer-group-header-1.jpg\" width=\"800\" height=\"600\" srcset=\"https:\/\/sigmapolymergroup.com\/wp-content\/uploads\/2024\/06\/sigma-polymer-group-header-1.jpg 800w, https:\/\/sigmapolymergroup.com\/wp-content\/uploads\/2024\/06\/sigma-polymer-group-header-1-300x225.jpg 300w, https:\/\/sigmapolymergroup.com\/wp-content\/uploads\/2024\/06\/sigma-polymer-group-header-1-768x576.jpg 768w\" sizes=\"auto, (max-width: 800px) 100vw, 800px\"><\/div>\n\t<\/div><\/figure>\n\n<\/div>\n<\/div><div class=\"bde-column-233-108 bde-column\">\n  \n  \n\t\n\n\n\n<div class=\"bde-image-233-109 bde-image\">\n<figure class=\"breakdance-image breakdance-image--611\">\n\t<div class=\"breakdance-image-container\">\n\t\t<div class=\"breakdance-image-clip\"><img loading=\"lazy\" decoding=\"async\" class=\"breakdance-image-object\" src=\"https:\/\/sigmapolymergroup.com\/wp-content\/uploads\/2024\/06\/sigma-polymer-group-header-2.jpg\" width=\"800\" height=\"600\" srcset=\"https:\/\/sigmapolymergroup.com\/wp-content\/uploads\/2024\/06\/sigma-polymer-group-header-2.jpg 800w, https:\/\/sigmapolymergroup.com\/wp-content\/uploads\/2024\/06\/sigma-polymer-group-header-2-300x225.jpg 300w, https:\/\/sigmapolymergroup.com\/wp-content\/uploads\/2024\/06\/sigma-polymer-group-header-2-768x576.jpg 768w\" sizes=\"auto, (max-width: 800px) 100vw, 800px\"><\/div>\n\t<\/div><\/figure>\n\n<\/div>\n<\/div><div class=\"bde-column-233-110 bde-column\">\n  \n  \n\t\n\n\n\n<div class=\"bde-image-233-111 bde-image\">\n<figure class=\"breakdance-image breakdance-image--610\">\n\t<div class=\"breakdance-image-container\">\n\t\t<div class=\"breakdance-image-clip\"><img loading=\"lazy\" decoding=\"async\" class=\"breakdance-image-object\" src=\"https:\/\/sigmapolymergroup.com\/wp-content\/uploads\/2024\/06\/sigma-polymer-group-header-3.jpg\" width=\"1024\" height=\"768\" srcset=\"https:\/\/sigmapolymergroup.com\/wp-content\/uploads\/2024\/06\/sigma-polymer-group-header-3.jpg 1024w, https:\/\/sigmapolymergroup.com\/wp-content\/uploads\/2024\/06\/sigma-polymer-group-header-3-300x225.jpg 300w, https:\/\/sigmapolymergroup.com\/wp-content\/uploads\/2024\/06\/sigma-polymer-group-header-3-768x576.jpg 768w\" sizes=\"auto, (max-width: 1024px) 100vw, 1024px\"><\/div>\n\t<\/div><\/figure>\n\n<\/div>\n<\/div><div class=\"bde-column-233-158 bde-column\">\n  \n  \n\t\n\n\n\n<div class=\"bde-image-233-159 bde-image\">\n<figure class=\"breakdance-image breakdance-image--609\">\n\t<div class=\"breakdance-image-container\">\n\t\t<div class=\"breakdance-image-clip\"><img loading=\"lazy\" decoding=\"async\" class=\"breakdance-image-object\" src=\"https:\/\/sigmapolymergroup.com\/wp-content\/uploads\/2024\/06\/sigma-polymer-group-header-4.jpg\" width=\"800\" height=\"600\" srcset=\"https:\/\/sigmapolymergroup.com\/wp-content\/uploads\/2024\/06\/sigma-polymer-group-header-4.jpg 800w, https:\/\/sigmapolymergroup.com\/wp-content\/uploads\/2024\/06\/sigma-polymer-group-header-4-300x225.jpg 300w, https:\/\/sigmapolymergroup.com\/wp-content\/uploads\/2024\/06\/sigma-polymer-group-header-4-768x576.jpg 768w\" sizes=\"auto, (max-width: 800px) 100vw, 800px\"><\/div>\n\t<\/div><\/figure>\n\n<\/div>\n<\/div><\/div><div class=\"bde-columns-233-112 bde-columns\"><div class=\"bde-column-233-113 bde-column\">\n  \n  \n\t\n\n\n\n<div class=\"bde-breadcrumbs-233-163 bde-breadcrumbs bde-preset-f939864a-5cea-4aea-b69b-9c6af527dac6\"><nav aria-label=\"br\u00f6dsmulor\" class=\"rank-math-breadcrumb\"><p><span class=\"last\">Hem<\/span><\/p><\/nav><\/div><h1 class=\"bde-heading-233-156 bde-heading\">\nStandardprodukter\n<\/h1><div class=\"bde-globalblock-233-157 bde-globalblock\"><\/div>\n<\/div><div class=\"bde-column-233-116 bde-column\">\n  \n  \n\t\n\n\n\n<div class=\"bde-div-233-117 bde-div\">\n  \n  \n\t\n\n\n\n<h4 class=\"bde-heading-233-118 bde-heading\">\nInte vad du letar efter?\n<\/h4><div class=\"bde-button-233-119 bde-button bde-preset-c5986fe1-480a-48af-aa13-6b798113a18b\">\n    \n                        \n                        \n    \n    \n    \n    \n            \n                    \n            \n            \n\n    \n    \n    \n    \n    \n    <a class=\"breakdance-link button-atom button-atom--custom bde-button__button\" href=\"https:\/\/sigmapolymergroup.com\/sv\/kundanpassade-losningar\/\" target=\"_self\" data-type=\"url\"  >\n\n    \n        <span class=\"button-atom__text\">G\u00e5 till skr\u00e4ddarsydda l\u00f6sningar<\/span>\n\n                            \n        \n                <\/a>\n\n    \n\n\n<\/div>\n<\/div>\n<\/div><\/div>\n<\/div><\/div><div class=\"bde-div-233-120 bde-div\">\n  \n  \n\t\n\n\n\n<div class=\"bde-rich-text-233-121 bde-rich-text breakdance-rich-text-styles\">\n<p>P\u00e5 Sigma erbjuder vi ett urval av standardprodukter ut\u00f6ver skr\u00e4ddarsydda l\u00f6sningar. Bl\u00e4ddra igenom det h\u00e4r avsnittet f\u00f6r att l\u00e4ra dig mer om de olika standarderbjudanden vi har och tveka inte att kontakta oss f\u00f6r mer information!<\/p>\n<\/div>\n<\/div><\/div>\n<\/section><section id=\"application_areas\" class=\"bde-section-233-122 bde-section\">\n  \n  \n\t\n\n\n\n<div class=\"section-container\"><div class=\"bde-columns-233-123 bde-columns\"><div class=\"bde-column-233-124 bde-column\">\n  \n  \n\t\n\n\n\n\n<\/div><div class=\"bde-column-233-125 bde-column\">\n  \n  \n\t\n\n\n\n<h2 class=\"bde-heading-233-127 bde-heading\">\nVakuumringar\n<\/h2>\n<\/div><\/div><\/div>\n<\/section><section class=\"bde-section-233-131 bde-section\">\n  \n  \n\t\n\n\n\n<div class=\"section-container\"><div class=\"bde-columns-233-140 bde-columns\"><div class=\"bde-column-233-141 bde-column\">\n  \n  \n\t\n\n\n\n<div class=\"bde-image-233-143 bde-image\">\n<figure class=\"breakdance-image breakdance-image--712\">\n\t<div class=\"breakdance-image-container\">\n\t\t<div class=\"breakdance-image-clip\"><img loading=\"lazy\" decoding=\"async\" class=\"breakdance-image-object\" src=\"https:\/\/sigmapolymergroup.com\/wp-content\/uploads\/2024\/06\/vacuum-rings-sigma-polymer-group-1920x1280-1.jpg\" width=\"1920\" height=\"1280\" srcset=\"https:\/\/sigmapolymergroup.com\/wp-content\/uploads\/2024\/06\/vacuum-rings-sigma-polymer-group-1920x1280-1.jpg 1920w, https:\/\/sigmapolymergroup.com\/wp-content\/uploads\/2024\/06\/vacuum-rings-sigma-polymer-group-1920x1280-1-300x200.jpg 300w, https:\/\/sigmapolymergroup.com\/wp-content\/uploads\/2024\/06\/vacuum-rings-sigma-polymer-group-1920x1280-1-1024x683.jpg 1024w, https:\/\/sigmapolymergroup.com\/wp-content\/uploads\/2024\/06\/vacuum-rings-sigma-polymer-group-1920x1280-1-768x512.jpg 768w, https:\/\/sigmapolymergroup.com\/wp-content\/uploads\/2024\/06\/vacuum-rings-sigma-polymer-group-1920x1280-1-1536x1024.jpg 1536w\" sizes=\"auto, (max-width: 1920px) 100vw, 1920px\"><\/div>\n\t<\/div><\/figure>\n\n<\/div><h4 class=\"bde-heading-233-148 bde-heading\">\nSilikonfria vakuumringar\n<\/h4>\n<\/div><div class=\"bde-column-233-153 bde-column\">\n  \n  \n\t\n\n\n\n<div class=\"bde-image-233-154 bde-image\">\n<figure class=\"breakdance-image breakdance-image--711\">\n\t<div class=\"breakdance-image-container\">\n\t\t<div class=\"breakdance-image-clip\"><img loading=\"lazy\" decoding=\"async\" class=\"breakdance-image-object\" src=\"https:\/\/sigmapolymergroup.com\/wp-content\/uploads\/2024\/06\/Silicon-vacuum-rings-sigma-polymer-group-1920x1280-1.jpg\" width=\"1920\" height=\"1280\" srcset=\"https:\/\/sigmapolymergroup.com\/wp-content\/uploads\/2024\/06\/Silicon-vacuum-rings-sigma-polymer-group-1920x1280-1.jpg 1920w, https:\/\/sigmapolymergroup.com\/wp-content\/uploads\/2024\/06\/Silicon-vacuum-rings-sigma-polymer-group-1920x1280-1-300x200.jpg 300w, https:\/\/sigmapolymergroup.com\/wp-content\/uploads\/2024\/06\/Silicon-vacuum-rings-sigma-polymer-group-1920x1280-1-1024x683.jpg 1024w, https:\/\/sigmapolymergroup.com\/wp-content\/uploads\/2024\/06\/Silicon-vacuum-rings-sigma-polymer-group-1920x1280-1-768x512.jpg 768w, https:\/\/sigmapolymergroup.com\/wp-content\/uploads\/2024\/06\/Silicon-vacuum-rings-sigma-polymer-group-1920x1280-1-1536x1024.jpg 1536w\" sizes=\"auto, (max-width: 1920px) 100vw, 1920px\"><\/div>\n\t<\/div><\/figure>\n\n<\/div><h4 class=\"bde-heading-233-155 bde-heading\">\nVakuumringar av silikon\n<\/h4>\n<\/div><\/div><\/div>\n<\/section><section class=\"bde-section-233-133 bde-section\">\n  \n  \n\t\n\n\n\n<div class=\"section-container\"><div class=\"bde-rich-text-233-134 bde-rich-text breakdance-rich-text-styles\">\n<p>Sigma Polymer Group har anv\u00e4nt sin polymerkompetens f\u00f6r att utveckla GT-Vacuum Ring - en flexibel och h\u00e5llbar l\u00f6sning som minskar produktionskostnaderna och \u00f6kar produktkvaliteten f\u00f6r tillverkare av vindrutor.<\/p>\n<\/div><div class=\"bde-rich-text-233-145 bde-rich-text breakdance-rich-text-styles\">\n<p>Bilarnas vindrutor \u00e4r kl\u00e4dda med en laminerad film av polyvinylbutyral (PVB), som \u00e4r placerad mellan tv\u00e5 glasskikt. PVB-skiktet g\u00f6r att glaset kan absorbera st\u00f6tenergi och f\u00f6rb\u00e4ttrar motst\u00e5ndet mot stenskott. S\u00e4kerhetsglas tillverkas vid h\u00f6ga temperaturer - en milj\u00f6 som st\u00e4ller h\u00f6ga krav p\u00e5 alla material i processen.<\/p>\n<\/div><div class=\"bde-rich-text-233-139 bde-rich-text breakdance-rich-text-styles\">\n<p><strong>En kostnadseffektiv l\u00f6sning av h\u00f6g kvalitet:<\/strong> GT-Vacuum Ring anv\u00e4nds f\u00f6r att avl\u00e4gsna kvarvarande luft mellan lagren i PVB-sandwichen vid tillverkning av s\u00e4kerhetsglas. Anv\u00e4ndningen av h\u00f6gkvalitativt gummi g\u00f6r GT-Vacuum Rings extremt motst\u00e5ndskraftiga mot n\u00f6tning och h\u00f6ga temperaturer. Tillverkade i silikon eller silikonfria material har ringarna utm\u00e4rkta mekaniska egenskaper, t.ex. elasticitet, som g\u00f6r det m\u00f6jligt att anv\u00e4nda en ringstorlek p\u00e5 ett brett spektrum av laminat. Eftersom GT-Vacuum Rings \u00e4r tillverkade av h\u00e5llbara, h\u00f6gkvalitativa polymerer t\u00e5l de ett stort antal lamineringscykler, vilket resulterar i l\u00e4gre produktionskostnader per laminat. GT-Vacuum Rings tillverkas i olika sektionsl\u00e4ngder f\u00f6r att passa specifika krav, och kan tillverkas med ett gjutet h\u00f6rn i valfri position f\u00f6r att s\u00e4kerst\u00e4lla en perfekt t\u00e4tning, \u00e4ven runt mycket skarpa h\u00f6rn.<\/p>\n<\/div><div class=\"bde-rich-text-233-160 bde-rich-text breakdance-rich-text-styles\">\n<p><strong>Nya s\u00e4tt att t\u00e4nka:<\/strong> Vi erbjuder dig det st\u00f6d du beh\u00f6ver f\u00f6r att \u00f6ka prestandan, baserat p\u00e5 v\u00e5r m\u00e5ngsidiga applikationsexpertis och decennier av innovationserfarenhet.<br \/><a href=\"https:\/\/sigmapolymergroup.com\/wp-content\/uploads\/2024\/05\/Vacuum-rings.pdf\" target=\"_blank\" rel=\"noopener\">L\u00e4s v\u00e5r broschyr om vakuumringar h\u00e4r!<\/a><\/p>\n<\/div><\/div>\n<\/section><section class=\"bde-section-233-161 bde-section\">\n  \n  \n\t\n\n\n\n<div class=\"section-container\"><div class=\"bde-button-233-162 bde-button\">\n    \n                        \n                        \n    \n    \n    \n    \n            \n                    \n            \n            \n\n    \n    \n    \n    \n    \n    <a class=\"breakdance-link button-atom button-atom--secondary bde-button__button\" href=\"https:\/\/sigmapolymergroup.com\/sv\/standardprodukter\/\" target=\"_self\" data-type=\"url\"  >\n\n    \n        <span class=\"button-atom__text\">\u00c5terg\u00e5 till Standardprodukter<\/span>\n\n        \n        \n                <\/a>\n\n    \n\n\n<\/div><\/div>\n<\/section>","protected":false},"excerpt":{"rendered":"<p>Home Standard Products Not what you are looking for? Go to customized solutions At Sigma, we offer a selection of standard products on top of tailor-made solutions. Browse this section to learn more about the different standard offerings we have and don\u2019t hesitate to contact us for more details! Vacuum Rings Silicone free vacuum rings [&hellip;]<\/p>\n","protected":false},"author":2,"featured_media":0,"parent":131,"menu_order":0,"comment_status":"closed","ping_status":"closed","template":"","meta":{"_acf_changed":false,"_breakdance_hide_in_design_set":false,"_breakdance_tags":"","footnotes":""},"class_list":["post-233","page","type-page","status-publish","hentry"],"acf":[],"_links":{"self":[{"href":"https:\/\/sigmapolymergroup.com\/sv\/wp-json\/wp\/v2\/pages\/233","targetHints":{"allow":["GET"]}}],"collection":[{"href":"https:\/\/sigmapolymergroup.com\/sv\/wp-json\/wp\/v2\/pages"}],"about":[{"href":"https:\/\/sigmapolymergroup.com\/sv\/wp-json\/wp\/v2\/types\/page"}],"author":[{"embeddable":true,"href":"https:\/\/sigmapolymergroup.com\/sv\/wp-json\/wp\/v2\/users\/2"}],"replies":[{"embeddable":true,"href":"https:\/\/sigmapolymergroup.com\/sv\/wp-json\/wp\/v2\/comments?post=233"}],"version-history":[{"count":22,"href":"https:\/\/sigmapolymergroup.com\/sv\/wp-json\/wp\/v2\/pages\/233\/revisions"}],"predecessor-version":[{"id":967,"href":"https:\/\/sigmapolymergroup.com\/sv\/wp-json\/wp\/v2\/pages\/233\/revisions\/967"}],"up":[{"embeddable":true,"href":"https:\/\/sigmapolymergroup.com\/sv\/wp-json\/wp\/v2\/pages\/131"}],"wp:attachment":[{"href":"https:\/\/sigmapolymergroup.com\/sv\/wp-json\/wp\/v2\/media?parent=233"}],"curies":[{"name":"wp","href":"https:\/\/api.w.org\/{rel}","templated":true}]}}