{"id":231,"date":"2024-04-12T09:43:20","date_gmt":"2024-04-12T07:43:20","guid":{"rendered":"https:\/\/sigmapolymergroup.com\/?page_id=231"},"modified":"2025-10-10T10:06:19","modified_gmt":"2025-10-10T08:06:19","slug":"fortojningskompensatorer","status":"publish","type":"page","link":"https:\/\/sigmapolymergroup.com\/sv\/standard-products\/mooring-compensators\/","title":{"rendered":"B\u00e5tf\u00f6rt\u00f6jare"},"content":{"rendered":"<section class=\"bde-section-231-100 bde-section\">\n  \n  \n\t\n\n\n\n<div class=\"section-container\"><div class=\"bde-basicslider-231-101 bde-basicslider\">\n<div class=\"breakdance-swiper-wrapper\" data-swiper-id=\"101\">\n    <div class=\"swiper\">\n      <div class=\"swiper-wrapper\">\n      \n\t                    \n        <div class=\"swiper-slide\">\n          <div class=\"bde-basicslider__slide\">\n              <div class=\"bde-basicslider__content\">\n                                                <\/div>\n\n\t\t\t\t\t\t          <img loading=\"lazy\" decoding=\"async\" class=\"breakdance-image-object bde-basicslider__image\" src=\"https:\/\/sigmapolymergroup.com\/wp-content\/uploads\/2024\/06\/sigma-polymer-group-header-1.jpg\" width=\"800\" height=\"600\" srcset=\"https:\/\/sigmapolymergroup.com\/wp-content\/uploads\/2024\/06\/sigma-polymer-group-header-1.jpg 800w, https:\/\/sigmapolymergroup.com\/wp-content\/uploads\/2024\/06\/sigma-polymer-group-header-1-300x225.jpg 300w, https:\/\/sigmapolymergroup.com\/wp-content\/uploads\/2024\/06\/sigma-polymer-group-header-1-768x576.jpg 768w\" sizes=\"auto, (max-width: 800px) 100vw, 800px\">\n\t\t\t\n          <\/div>\n        <\/div>\n       \n\t                    \n        <div class=\"swiper-slide\">\n          <div class=\"bde-basicslider__slide\">\n              <div class=\"bde-basicslider__content\">\n                                                <\/div>\n\n\t\t\t\t\t\t          <img loading=\"lazy\" decoding=\"async\" class=\"breakdance-image-object bde-basicslider__image\" src=\"https:\/\/sigmapolymergroup.com\/wp-content\/uploads\/2024\/06\/sigma-polymer-group-header-2.jpg\" width=\"800\" height=\"600\" srcset=\"https:\/\/sigmapolymergroup.com\/wp-content\/uploads\/2024\/06\/sigma-polymer-group-header-2.jpg 800w, https:\/\/sigmapolymergroup.com\/wp-content\/uploads\/2024\/06\/sigma-polymer-group-header-2-300x225.jpg 300w, https:\/\/sigmapolymergroup.com\/wp-content\/uploads\/2024\/06\/sigma-polymer-group-header-2-768x576.jpg 768w\" sizes=\"auto, (max-width: 800px) 100vw, 800px\">\n\t\t\t\n          <\/div>\n        <\/div>\n       \n\t                    \n        <div class=\"swiper-slide\">\n          <div class=\"bde-basicslider__slide\">\n              <div class=\"bde-basicslider__content\">\n                                                <\/div>\n\n\t\t\t\t\t\t          <img loading=\"lazy\" decoding=\"async\" class=\"breakdance-image-object bde-basicslider__image\" src=\"https:\/\/sigmapolymergroup.com\/wp-content\/uploads\/2024\/06\/sigma-polymer-group-header-3.jpg\" width=\"1024\" height=\"768\" srcset=\"https:\/\/sigmapolymergroup.com\/wp-content\/uploads\/2024\/06\/sigma-polymer-group-header-3.jpg 1024w, https:\/\/sigmapolymergroup.com\/wp-content\/uploads\/2024\/06\/sigma-polymer-group-header-3-300x225.jpg 300w, https:\/\/sigmapolymergroup.com\/wp-content\/uploads\/2024\/06\/sigma-polymer-group-header-3-768x576.jpg 768w\" sizes=\"auto, (max-width: 1024px) 100vw, 1024px\">\n\t\t\t\n          <\/div>\n        <\/div>\n       \n\t                    \n        <div class=\"swiper-slide\">\n          <div class=\"bde-basicslider__slide\">\n              <div class=\"bde-basicslider__content\">\n                                                <\/div>\n\n\t\t\t\t\t\t          <img loading=\"lazy\" decoding=\"async\" class=\"breakdance-image-object bde-basicslider__image\" src=\"https:\/\/sigmapolymergroup.com\/wp-content\/uploads\/2024\/06\/sigma-polymer-group-header-4.jpg\" width=\"800\" height=\"600\" srcset=\"https:\/\/sigmapolymergroup.com\/wp-content\/uploads\/2024\/06\/sigma-polymer-group-header-4.jpg 800w, https:\/\/sigmapolymergroup.com\/wp-content\/uploads\/2024\/06\/sigma-polymer-group-header-4-300x225.jpg 300w, https:\/\/sigmapolymergroup.com\/wp-content\/uploads\/2024\/06\/sigma-polymer-group-header-4-768x576.jpg 768w\" sizes=\"auto, (max-width: 800px) 100vw, 800px\">\n\t\t\t\n          <\/div>\n        <\/div>\n       \n      <\/div>\n    <\/div>\n                <div class=\"swiper-button-prev\">\n            \n        <\/div>\n        <div class=\"swiper-button-next\">\n            \n        <\/div>\n    \n            <div class=\"swiper-pagination\"><\/div>\n    \n<\/div>\n\n<\/div><div class=\"bde-columns-231-102 bde-columns\"><div class=\"bde-column-231-103 bde-column\">\n  \n  \n\t\n\n\n\n\n<\/div><div class=\"bde-column-231-104 bde-column\">\n  \n  \n\t\n\n\n\n<div class=\"bde-columns-231-105 bde-columns\"><div class=\"bde-column-231-106 bde-column\">\n  \n  \n\t\n\n\n\n<div class=\"bde-image-231-107 bde-image\">\n<figure class=\"breakdance-image breakdance-image--612\">\n\t<div class=\"breakdance-image-container\">\n\t\t<div class=\"breakdance-image-clip\"><img loading=\"lazy\" decoding=\"async\" class=\"breakdance-image-object\" src=\"https:\/\/sigmapolymergroup.com\/wp-content\/uploads\/2024\/06\/sigma-polymer-group-header-1.jpg\" width=\"800\" height=\"600\" srcset=\"https:\/\/sigmapolymergroup.com\/wp-content\/uploads\/2024\/06\/sigma-polymer-group-header-1.jpg 800w, https:\/\/sigmapolymergroup.com\/wp-content\/uploads\/2024\/06\/sigma-polymer-group-header-1-300x225.jpg 300w, https:\/\/sigmapolymergroup.com\/wp-content\/uploads\/2024\/06\/sigma-polymer-group-header-1-768x576.jpg 768w\" sizes=\"auto, (max-width: 800px) 100vw, 800px\"><\/div>\n\t<\/div><\/figure>\n\n<\/div>\n<\/div><div class=\"bde-column-231-108 bde-column\">\n  \n  \n\t\n\n\n\n<div class=\"bde-image-231-109 bde-image\">\n<figure class=\"breakdance-image breakdance-image--611\">\n\t<div class=\"breakdance-image-container\">\n\t\t<div class=\"breakdance-image-clip\"><img loading=\"lazy\" decoding=\"async\" class=\"breakdance-image-object\" src=\"https:\/\/sigmapolymergroup.com\/wp-content\/uploads\/2024\/06\/sigma-polymer-group-header-2.jpg\" width=\"800\" height=\"600\" srcset=\"https:\/\/sigmapolymergroup.com\/wp-content\/uploads\/2024\/06\/sigma-polymer-group-header-2.jpg 800w, https:\/\/sigmapolymergroup.com\/wp-content\/uploads\/2024\/06\/sigma-polymer-group-header-2-300x225.jpg 300w, https:\/\/sigmapolymergroup.com\/wp-content\/uploads\/2024\/06\/sigma-polymer-group-header-2-768x576.jpg 768w\" sizes=\"auto, (max-width: 800px) 100vw, 800px\"><\/div>\n\t<\/div><\/figure>\n\n<\/div>\n<\/div><div class=\"bde-column-231-110 bde-column\">\n  \n  \n\t\n\n\n\n<div class=\"bde-image-231-111 bde-image\">\n<figure class=\"breakdance-image breakdance-image--610\">\n\t<div class=\"breakdance-image-container\">\n\t\t<div class=\"breakdance-image-clip\"><img loading=\"lazy\" decoding=\"async\" class=\"breakdance-image-object\" src=\"https:\/\/sigmapolymergroup.com\/wp-content\/uploads\/2024\/06\/sigma-polymer-group-header-3.jpg\" width=\"1024\" height=\"768\" srcset=\"https:\/\/sigmapolymergroup.com\/wp-content\/uploads\/2024\/06\/sigma-polymer-group-header-3.jpg 1024w, https:\/\/sigmapolymergroup.com\/wp-content\/uploads\/2024\/06\/sigma-polymer-group-header-3-300x225.jpg 300w, https:\/\/sigmapolymergroup.com\/wp-content\/uploads\/2024\/06\/sigma-polymer-group-header-3-768x576.jpg 768w\" sizes=\"auto, (max-width: 1024px) 100vw, 1024px\"><\/div>\n\t<\/div><\/figure>\n\n<\/div>\n<\/div><div class=\"bde-column-231-190 bde-column\">\n  \n  \n\t\n\n\n\n<div class=\"bde-image-231-191 bde-image\">\n<figure class=\"breakdance-image breakdance-image--609\">\n\t<div class=\"breakdance-image-container\">\n\t\t<div class=\"breakdance-image-clip\"><img loading=\"lazy\" decoding=\"async\" class=\"breakdance-image-object\" src=\"https:\/\/sigmapolymergroup.com\/wp-content\/uploads\/2024\/06\/sigma-polymer-group-header-4.jpg\" width=\"800\" height=\"600\" srcset=\"https:\/\/sigmapolymergroup.com\/wp-content\/uploads\/2024\/06\/sigma-polymer-group-header-4.jpg 800w, https:\/\/sigmapolymergroup.com\/wp-content\/uploads\/2024\/06\/sigma-polymer-group-header-4-300x225.jpg 300w, https:\/\/sigmapolymergroup.com\/wp-content\/uploads\/2024\/06\/sigma-polymer-group-header-4-768x576.jpg 768w\" sizes=\"auto, (max-width: 800px) 100vw, 800px\"><\/div>\n\t<\/div><\/figure>\n\n<\/div>\n<\/div><\/div><div class=\"bde-columns-231-112 bde-columns\"><div class=\"bde-column-231-113 bde-column\">\n  \n  \n\t\n\n\n\n<div class=\"bde-breadcrumbs-231-194 bde-breadcrumbs bde-preset-f939864a-5cea-4aea-b69b-9c6af527dac6\"><nav aria-label=\"br\u00f6dsmulor\" class=\"rank-math-breadcrumb\"><p><span class=\"last\">Hem<\/span><\/p><\/nav><\/div><h1 class=\"bde-heading-231-188 bde-heading\">\nStandardprodukter\n<\/h1><div class=\"bde-globalblock-231-189 bde-globalblock\"><\/div>\n<\/div><div class=\"bde-column-231-116 bde-column\">\n  \n  \n\t\n\n\n\n<div class=\"bde-div-231-117 bde-div\">\n  \n  \n\t\n\n\n\n<h4 class=\"bde-heading-231-118 bde-heading\">\nInte vad du letar efter?\n<\/h4><div class=\"bde-button-231-119 bde-button bde-preset-c5986fe1-480a-48af-aa13-6b798113a18b\">\n        \n    \n    \n    \n    \n            \n                    \n            \n            \n\n    \n    \n    \n    \n    \n    <a class=\"breakdance-link button-atom button-atom--custom bde-button__button\" href=\"https:\/\/sigmapolymergroup.com\/sv\/kundanpassade-losningar\/\" target=\"_self\" data-type=\"url\"  >\n\n    \n        <span class=\"button-atom__text\">G\u00e5 till skr\u00e4ddarsydda l\u00f6sningar<\/span>\n\n                            \n        \n                <\/a>\n\n    \n\n\n<\/div>\n<\/div>\n<\/div><\/div>\n<\/div><\/div><div class=\"bde-div-231-120 bde-div\">\n  \n  \n\t\n\n\n\n<div class=\"bde-rich-text-231-121 bde-rich-text breakdance-rich-text-styles\">\n<p>P\u00e5 Sigma erbjuder vi ett urval av standardprodukter ut\u00f6ver skr\u00e4ddarsydda l\u00f6sningar. Bl\u00e4ddra igenom det h\u00e4r avsnittet f\u00f6r att l\u00e4ra dig mer om de olika standarderbjudanden vi har och tveka inte att kontakta oss f\u00f6r mer information!<\/p>\n<\/div>\n<\/div><\/div>\n<\/section><section id=\"application_areas\" class=\"bde-section-231-123 bde-section\">\n  \n  \n\t\n\n\n\n<div class=\"section-container\"><div class=\"bde-columns-231-124 bde-columns\"><div class=\"bde-column-231-125 bde-column\">\n  \n  \n\t\n\n\n\n\n<\/div><div class=\"bde-column-231-126 bde-column\">\n  \n  \n\t\n\n\n\n<h2 class=\"bde-heading-231-156 bde-heading\">\nB\u00e5tf\u00f6rt\u00f6jare\n<\/h2>\n<\/div><\/div><div class=\"bde-text-231-157 bde-text\">\nN\u00e4r vinden b\u00f6rjar bl\u00e5sa \u00e4r det starka krafter som spelar in. Och det \u00e4r inte bara vinden som ger upphov till katastrofala p\u00e5frestningar. Svallv\u00e5gor fr\u00e5n passerande b\u00e5tar, h\u00f6g- och l\u00e5gvatten \u00e4r alla faktorer som kan st\u00e4lla till med stora problem. F\u00f6rt\u00f6jningskompensatorerna minskar p\u00e5frestningarna fr\u00e5n vind, v\u00e5gor och k\u00f6lvatten. Hindrar linor fr\u00e5n att slitas av och f\u00f6rhindrar att klamrar dras ut.\n<\/div><div class=\"bde-text-231-158 bde-text\">\nMed B\u00e5tf\u00f6rt\u00f6jare fr\u00e5n Sigma kan du k\u00e4nna dig helt lugn n\u00e4r det g\u00e4ller dina f\u00f6rt\u00f6jningar. En p\u00e5 varje lina! V\u00e5ra B\u00e5tf\u00f6rt\u00f6jare g\u00f6r ocks\u00e5 att dina bes\u00f6k i andra marinor och hamnar blir b\u00e5de s\u00e4krare och trevligare. Kostnaden f\u00f6r dessa p\u00e5litliga B\u00e5tf\u00f6rt\u00f6jare som fungerar i alla v\u00e4der \u00e4r liten i f\u00f6rh\u00e5llande till de pengar du riskerar om du har bristf\u00e4lliga f\u00f6rt\u00f6jningar. Sigma erbjuder alternativ f\u00f6r s\u00e4ker f\u00f6rt\u00f6jning med den v\u00e4lk\u00e4nda Forsheda-f\u00f6rt\u00f6jaren som \u00e4r tillverkad av h\u00f6gkvalitativt ozonbest\u00e4ndigt EPDM-gummi och ger en absolut s\u00e4ker och l\u00e5ngvarig f\u00f6rt\u00f6jning f\u00f6r alla typer av b\u00e5tar och yachter.<br>\n<\/div><\/div>\n<\/section><section class=\"bde-section-231-160 bde-section\">\n  \n  \n\t\n\n\n\n<div class=\"section-container\"><div class=\"bde-image-231-159 bde-image\">\n<figure class=\"breakdance-image breakdance-image--709\">\n\t<div class=\"breakdance-image-container\">\n\t\t<div class=\"breakdance-image-clip\"><img loading=\"lazy\" decoding=\"async\" class=\"breakdance-image-object\" src=\"https:\/\/sigmapolymergroup.com\/wp-content\/uploads\/2024\/06\/Sigma-Marine1.jpg\" width=\"1920\" height=\"640\" srcset=\"https:\/\/sigmapolymergroup.com\/wp-content\/uploads\/2024\/06\/Sigma-Marine1.jpg 1920w, https:\/\/sigmapolymergroup.com\/wp-content\/uploads\/2024\/06\/Sigma-Marine1-300x100.jpg 300w, https:\/\/sigmapolymergroup.com\/wp-content\/uploads\/2024\/06\/Sigma-Marine1-1024x341.jpg 1024w, https:\/\/sigmapolymergroup.com\/wp-content\/uploads\/2024\/06\/Sigma-Marine1-768x256.jpg 768w, https:\/\/sigmapolymergroup.com\/wp-content\/uploads\/2024\/06\/Sigma-Marine1-1536x512.jpg 1536w\" sizes=\"auto, (max-width: 1920px) 100vw, 1920px\"><\/div>\n\t<\/div><\/figure>\n\n<\/div><\/div>\n<\/section><section class=\"bde-section-231-161 bde-section\">\n  \n  \n\t\n\n\n\n<div class=\"section-container\"><div class=\"bde-rich-text-231-162 bde-rich-text breakdance-rich-text-styles\">\n<p><strong>F\u00f6rt\u00f6jningskompensator:<\/strong> Konstruerad f\u00f6r prestanda - utformad med ansvar, denna f\u00f6rt\u00f6jningskompensator minskar p\u00e5frestningarna fr\u00e5n vind, v\u00e5gor och k\u00f6lvatten. Hindrar linor fr\u00e5n att kn\u00e4ckas och f\u00f6rhindrar att klamrar dras ut. Den \u00e4r ogenomtr\u00e4nglig f\u00f6r v\u00e4der och vind, starkt solljus, saltvatten och envisa f\u00f6rt\u00f6jningar. Inget gnissel, inget slitage, ingen f\u00f6rslitning!\u00a0 <a href=\"https:\/\/sigmapolymergroup.com\/wp-content\/uploads\/2025\/10\/2025-Mooring-Compensator-Leaflet_251010.pdf\">Kolla in v\u00e5r broschyr om f\u00f6rt\u00f6jningskompensatorer!<\/a><\/p>\n<\/div><div class=\"bde-div-231-164 bde-div\">\n  \n  \n\t\n\n\n\n<div class=\"bde-image-231-163 bde-image\">\n<figure class=\"breakdance-image breakdance-image--1249\">\n\t<div class=\"breakdance-image-container\">\n\t\t<div class=\"breakdance-image-clip\"><img loading=\"lazy\" decoding=\"async\" class=\"breakdance-image-object\" src=\"https:\/\/sigmapolymergroup.com\/wp-content\/uploads\/2025\/10\/Mooring-comp-material-details_251010-e1760083493935.png\" width=\"2400\" height=\"836\" srcset=\"https:\/\/sigmapolymergroup.com\/wp-content\/uploads\/2025\/10\/Mooring-comp-material-details_251010-e1760083493935.png 2400w, https:\/\/sigmapolymergroup.com\/wp-content\/uploads\/2025\/10\/Mooring-comp-material-details_251010-e1760083493935-300x105.png 300w, https:\/\/sigmapolymergroup.com\/wp-content\/uploads\/2025\/10\/Mooring-comp-material-details_251010-e1760083493935-1024x357.png 1024w, https:\/\/sigmapolymergroup.com\/wp-content\/uploads\/2025\/10\/Mooring-comp-material-details_251010-e1760083493935-768x268.png 768w, https:\/\/sigmapolymergroup.com\/wp-content\/uploads\/2025\/10\/Mooring-comp-material-details_251010-e1760083493935-1536x535.png 1536w, https:\/\/sigmapolymergroup.com\/wp-content\/uploads\/2025\/10\/Mooring-comp-material-details_251010-e1760083493935-2048x713.png 2048w, https:\/\/sigmapolymergroup.com\/wp-content\/uploads\/2025\/10\/Mooring-comp-material-details_251010-e1760083493935-18x6.png 18w\" sizes=\"auto, (max-width: 2400px) 100vw, 2400px\"><\/div>\n\t<\/div><\/figure>\n\n<\/div>\n<\/div><div class=\"bde-text-231-185 bde-text\">\nDen nya generationens f\u00f6rt\u00f6jningskompensatorer \u00e4r tillverkade av EPDM-gummi som inneh\u00e5ller etylen som framst\u00e4llts av etanol fr\u00e5n sockerr\u00f6r. I sammans\u00e4ttningen ing\u00e5r dessutom 83% \u00e5tervunnen kimr\u00f6k (rCB). Sammantaget inneh\u00e5ller blandningen 26% \u00e5tervunnen kimr\u00f6k (rCB) och 22% etylen som h\u00e4rr\u00f6r fr\u00e5n sockerr\u00f6r. Procentandelarna baseras p\u00e5 interna ber\u00e4kningar och LCA-data (livscykelanalys) fr\u00e5n leverant\u00f6rerna.\n<\/div><div class=\"bde-rich-text-231-187 bde-rich-text breakdance-rich-text-styles\">\n<p><a href=\"https:\/\/sigmapolymergroup.com\/sv\/kontakta-oss\/\">Kontakta oss<\/a> f\u00f6r mer information!<\/p>\n<\/div><\/div>\n<\/section><section class=\"bde-section-231-192 bde-section\">\n  \n  \n\t\n\n\n\n<div class=\"section-container\"><div class=\"bde-button-231-193 bde-button\">\n        \n    \n    \n    \n    \n            \n                    \n            \n            \n\n    \n    \n    \n    \n    \n    <a class=\"breakdance-link button-atom button-atom--secondary bde-button__button\" href=\"https:\/\/sigmapolymergroup.com\/sv\/standardprodukter\/\" target=\"_self\" data-type=\"url\"  >\n\n    \n        <span class=\"button-atom__text\">\u00c5terg\u00e5 till Standardprodukter<\/span>\n\n        \n        \n                <\/a>\n\n    \n\n\n<\/div><\/div>\n<\/section>","protected":false},"excerpt":{"rendered":"<p>Home Standard Products Not what you are looking for? Go to customized solutions At Sigma, we offer a selection of standard products on top of tailor-made solutions. Browse this section to learn more about the different standard offerings we have and don\u2019t hesitate to contact us for more details! Mooring Compensators Powerful forces come into [&hellip;]<\/p>\n","protected":false},"author":2,"featured_media":0,"parent":131,"menu_order":0,"comment_status":"closed","ping_status":"closed","template":"","meta":{"_acf_changed":false,"_breakdance_hide_in_design_set":false,"_breakdance_tags":"","footnotes":""},"class_list":["post-231","page","type-page","status-publish","hentry"],"acf":[],"_links":{"self":[{"href":"https:\/\/sigmapolymergroup.com\/sv\/wp-json\/wp\/v2\/pages\/231","targetHints":{"allow":["GET"]}}],"collection":[{"href":"https:\/\/sigmapolymergroup.com\/sv\/wp-json\/wp\/v2\/pages"}],"about":[{"href":"https:\/\/sigmapolymergroup.com\/sv\/wp-json\/wp\/v2\/types\/page"}],"author":[{"embeddable":true,"href":"https:\/\/sigmapolymergroup.com\/sv\/wp-json\/wp\/v2\/users\/2"}],"replies":[{"embeddable":true,"href":"https:\/\/sigmapolymergroup.com\/sv\/wp-json\/wp\/v2\/comments?post=231"}],"version-history":[{"count":29,"href":"https:\/\/sigmapolymergroup.com\/sv\/wp-json\/wp\/v2\/pages\/231\/revisions"}],"predecessor-version":[{"id":1251,"href":"https:\/\/sigmapolymergroup.com\/sv\/wp-json\/wp\/v2\/pages\/231\/revisions\/1251"}],"up":[{"embeddable":true,"href":"https:\/\/sigmapolymergroup.com\/sv\/wp-json\/wp\/v2\/pages\/131"}],"wp:attachment":[{"href":"https:\/\/sigmapolymergroup.com\/sv\/wp-json\/wp\/v2\/media?parent=231"}],"curies":[{"name":"wp","href":"https:\/\/api.w.org\/{rel}","templated":true}]}}