{"id":12,"date":"2024-03-07T09:45:08","date_gmt":"2024-03-07T09:45:08","guid":{"rendered":"https:\/\/sigmapolymergroup.com\/?page_id=12"},"modified":"2024-12-11T09:19:14","modified_gmt":"2024-12-11T08:19:14","slug":"kommer-inom-kort","status":"publish","type":"page","link":"https:\/\/sigmapolymergroup.com\/sv\/coming-soon\/","title":{"rendered":"Kommer inom kort"},"content":{"rendered":"<section class=\"bde-section-12-100 bde-section\">\n  \n  \n\t\n\n\n\n<div class=\"section-container\"><div class=\"bde-image-12-101 bde-image\">\n<figure class=\"breakdance-image breakdance-image--71\">\n\t<div class=\"breakdance-image-container\">\n\t\t<div class=\"breakdance-image-clip\"><img loading=\"lazy\" decoding=\"async\" class=\"breakdance-image-object\" src=\"https:\/\/sigmapolymergroup.com\/wp-content\/uploads\/2024\/03\/Logo3_1-small.jpg\" width=\"402\" height=\"196\" srcset=\"https:\/\/sigmapolymergroup.com\/wp-content\/uploads\/2024\/03\/Logo3_1-small.jpg 402w, https:\/\/sigmapolymergroup.com\/wp-content\/uploads\/2024\/03\/Logo3_1-small-300x146.jpg 300w\" sizes=\"auto, (max-width: 402px) 100vw, 402px\"><\/div>\n\t<\/div><\/figure>\n\n<\/div><h1 class=\"bde-heading-12-102 bde-heading\">\nUnderh\u00e5llsl\u00e4ge aktivt\n<\/h1><div class=\"bde-text-12-103 bde-text\">\nDetta \u00e4r en staging-milj\u00f6 f\u00f6r sigmapolymergroup.com. <br>Klicka p\u00e5 l\u00e4nken nedan f\u00f6r att komma till v\u00e5r webbplats.\n<\/div><div class=\"bde-button-12-105 bde-button\">\n    \n                        \n                        \n    \n    \n    \n    \n            \n                    \n            \n            \n\n    \n    \n    \n    \n    \n    <a class=\"breakdance-link button-atom button-atom--primary bde-button__button\" href=\"https:\/\/sigmapolymergroup.com\/sv\/\" target=\"_self\" data-type=\"url\"  >\n\n    \n        <span class=\"button-atom__text\">V\u00e4lkommen in<\/span>\n\n        \n        \n                <\/a>\n\n    \n\n\n<\/div><\/div>\n<\/section>","protected":false},"excerpt":{"rendered":"<p>Underh\u00e5llsl\u00e4ge aktivt Detta \u00e4r en stagingmilj\u00f6 f\u00f6r sigmapolymergroup.com. Klicka p\u00e5 l\u00e4nken nedan f\u00f6r att komma in p\u00e5 v\u00e5r webbplats. V\u00e4lkommen in<\/p>","protected":false},"author":1,"featured_media":0,"parent":0,"menu_order":0,"comment_status":"closed","ping_status":"closed","template":"","meta":{"_acf_changed":false,"_breakdance_hide_in_design_set":false,"_breakdance_tags":"","footnotes":""},"class_list":["post-12","page","type-page","status-publish","hentry"],"acf":[],"_links":{"self":[{"href":"https:\/\/sigmapolymergroup.com\/sv\/wp-json\/wp\/v2\/pages\/12","targetHints":{"allow":["GET"]}}],"collection":[{"href":"https:\/\/sigmapolymergroup.com\/sv\/wp-json\/wp\/v2\/pages"}],"about":[{"href":"https:\/\/sigmapolymergroup.com\/sv\/wp-json\/wp\/v2\/types\/page"}],"author":[{"embeddable":true,"href":"https:\/\/sigmapolymergroup.com\/sv\/wp-json\/wp\/v2\/users\/1"}],"replies":[{"embeddable":true,"href":"https:\/\/sigmapolymergroup.com\/sv\/wp-json\/wp\/v2\/comments?post=12"}],"version-history":[{"count":7,"href":"https:\/\/sigmapolymergroup.com\/sv\/wp-json\/wp\/v2\/pages\/12\/revisions"}],"predecessor-version":[{"id":984,"href":"https:\/\/sigmapolymergroup.com\/sv\/wp-json\/wp\/v2\/pages\/12\/revisions\/984"}],"wp:attachment":[{"href":"https:\/\/sigmapolymergroup.com\/sv\/wp-json\/wp\/v2\/media?parent=12"}],"curies":[{"name":"wp","href":"https:\/\/api.w.org\/{rel}","templated":true}]}}