{"id":1120,"date":"2025-03-03T08:37:58","date_gmt":"2025-03-03T07:37:58","guid":{"rendered":"https:\/\/sigmapolymergroup.com\/?page_id=1120"},"modified":"2025-03-03T11:35:28","modified_gmt":"2025-03-03T10:35:28","slug":"valsar","status":"publish","type":"page","link":"https:\/\/sigmapolymergroup.com\/sv\/standard-products\/rollers\/","title":{"rendered":"Rullar och valsar"},"content":{"rendered":"<section class=\"bde-section-1120-100 bde-section\">\n  \n  \n\t\n\n\n\n<div class=\"section-container\"><div class=\"bde-basicslider-1120-101 bde-basicslider\">\n<div class=\"breakdance-swiper-wrapper\" data-swiper-id=\"101\">\n    <div class=\"swiper\">\n      <div class=\"swiper-wrapper\">\n      \n\t                    \n        <div class=\"swiper-slide\">\n          <div class=\"bde-basicslider__slide\">\n              <div class=\"bde-basicslider__content\">\n                                                <\/div>\n\n\t\t\t\t\t\t          <img loading=\"lazy\" decoding=\"async\" class=\"breakdance-image-object bde-basicslider__image\" src=\"https:\/\/sigmapolymergroup.com\/wp-content\/uploads\/2024\/06\/sigma-polymer-group-header-1.jpg\" width=\"800\" height=\"600\" srcset=\"https:\/\/sigmapolymergroup.com\/wp-content\/uploads\/2024\/06\/sigma-polymer-group-header-1.jpg 800w, https:\/\/sigmapolymergroup.com\/wp-content\/uploads\/2024\/06\/sigma-polymer-group-header-1-300x225.jpg 300w, https:\/\/sigmapolymergroup.com\/wp-content\/uploads\/2024\/06\/sigma-polymer-group-header-1-768x576.jpg 768w\" sizes=\"auto, (max-width: 800px) 100vw, 800px\">\n\t\t\t\n          <\/div>\n        <\/div>\n       \n\t                    \n        <div class=\"swiper-slide\">\n          <div class=\"bde-basicslider__slide\">\n              <div class=\"bde-basicslider__content\">\n                                                <\/div>\n\n\t\t\t\t\t\t          <img loading=\"lazy\" decoding=\"async\" class=\"breakdance-image-object bde-basicslider__image\" src=\"https:\/\/sigmapolymergroup.com\/wp-content\/uploads\/2024\/06\/sigma-polymer-group-header-2.jpg\" width=\"800\" height=\"600\" srcset=\"https:\/\/sigmapolymergroup.com\/wp-content\/uploads\/2024\/06\/sigma-polymer-group-header-2.jpg 800w, https:\/\/sigmapolymergroup.com\/wp-content\/uploads\/2024\/06\/sigma-polymer-group-header-2-300x225.jpg 300w, https:\/\/sigmapolymergroup.com\/wp-content\/uploads\/2024\/06\/sigma-polymer-group-header-2-768x576.jpg 768w\" sizes=\"auto, (max-width: 800px) 100vw, 800px\">\n\t\t\t\n          <\/div>\n        <\/div>\n       \n\t                    \n        <div class=\"swiper-slide\">\n          <div class=\"bde-basicslider__slide\">\n              <div class=\"bde-basicslider__content\">\n                                                <\/div>\n\n\t\t\t\t\t\t          <img loading=\"lazy\" decoding=\"async\" class=\"breakdance-image-object bde-basicslider__image\" src=\"https:\/\/sigmapolymergroup.com\/wp-content\/uploads\/2024\/06\/sigma-polymer-group-header-3.jpg\" width=\"1024\" height=\"768\" srcset=\"https:\/\/sigmapolymergroup.com\/wp-content\/uploads\/2024\/06\/sigma-polymer-group-header-3.jpg 1024w, https:\/\/sigmapolymergroup.com\/wp-content\/uploads\/2024\/06\/sigma-polymer-group-header-3-300x225.jpg 300w, https:\/\/sigmapolymergroup.com\/wp-content\/uploads\/2024\/06\/sigma-polymer-group-header-3-768x576.jpg 768w\" sizes=\"auto, (max-width: 1024px) 100vw, 1024px\">\n\t\t\t\n          <\/div>\n        <\/div>\n       \n\t                    \n        <div class=\"swiper-slide\">\n          <div class=\"bde-basicslider__slide\">\n              <div class=\"bde-basicslider__content\">\n                                                <\/div>\n\n\t\t\t\t\t\t          <img loading=\"lazy\" decoding=\"async\" class=\"breakdance-image-object bde-basicslider__image\" src=\"https:\/\/sigmapolymergroup.com\/wp-content\/uploads\/2024\/06\/sigma-polymer-group-header-4.jpg\" width=\"800\" height=\"600\" srcset=\"https:\/\/sigmapolymergroup.com\/wp-content\/uploads\/2024\/06\/sigma-polymer-group-header-4.jpg 800w, https:\/\/sigmapolymergroup.com\/wp-content\/uploads\/2024\/06\/sigma-polymer-group-header-4-300x225.jpg 300w, https:\/\/sigmapolymergroup.com\/wp-content\/uploads\/2024\/06\/sigma-polymer-group-header-4-768x576.jpg 768w\" sizes=\"auto, (max-width: 800px) 100vw, 800px\">\n\t\t\t\n          <\/div>\n        <\/div>\n       \n      <\/div>\n    <\/div>\n                <div class=\"swiper-button-prev\">\n            \n        <\/div>\n        <div class=\"swiper-button-next\">\n            \n        <\/div>\n    \n            <div class=\"swiper-pagination\"><\/div>\n    \n<\/div>\n\n<\/div><div class=\"bde-columns-1120-102 bde-columns\"><div class=\"bde-column-1120-103 bde-column\">\n  \n  \n\t\n\n\n\n\n<\/div><div class=\"bde-column-1120-104 bde-column\">\n  \n  \n\t\n\n\n\n<div class=\"bde-columns-1120-105 bde-columns\"><div class=\"bde-column-1120-106 bde-column\">\n  \n  \n\t\n\n\n\n<div class=\"bde-image-1120-107 bde-image\">\n<figure class=\"breakdance-image breakdance-image--612\">\n\t<div class=\"breakdance-image-container\">\n\t\t<div class=\"breakdance-image-clip\"><img loading=\"lazy\" decoding=\"async\" class=\"breakdance-image-object\" src=\"https:\/\/sigmapolymergroup.com\/wp-content\/uploads\/2024\/06\/sigma-polymer-group-header-1.jpg\" width=\"800\" height=\"600\" srcset=\"https:\/\/sigmapolymergroup.com\/wp-content\/uploads\/2024\/06\/sigma-polymer-group-header-1.jpg 800w, https:\/\/sigmapolymergroup.com\/wp-content\/uploads\/2024\/06\/sigma-polymer-group-header-1-300x225.jpg 300w, https:\/\/sigmapolymergroup.com\/wp-content\/uploads\/2024\/06\/sigma-polymer-group-header-1-768x576.jpg 768w\" sizes=\"auto, (max-width: 800px) 100vw, 800px\"><\/div>\n\t<\/div><\/figure>\n\n<\/div>\n<\/div><div class=\"bde-column-1120-108 bde-column\">\n  \n  \n\t\n\n\n\n<div class=\"bde-image-1120-109 bde-image\">\n<figure class=\"breakdance-image breakdance-image--611\">\n\t<div class=\"breakdance-image-container\">\n\t\t<div class=\"breakdance-image-clip\"><img loading=\"lazy\" decoding=\"async\" class=\"breakdance-image-object\" src=\"https:\/\/sigmapolymergroup.com\/wp-content\/uploads\/2024\/06\/sigma-polymer-group-header-2.jpg\" width=\"800\" height=\"600\" srcset=\"https:\/\/sigmapolymergroup.com\/wp-content\/uploads\/2024\/06\/sigma-polymer-group-header-2.jpg 800w, https:\/\/sigmapolymergroup.com\/wp-content\/uploads\/2024\/06\/sigma-polymer-group-header-2-300x225.jpg 300w, https:\/\/sigmapolymergroup.com\/wp-content\/uploads\/2024\/06\/sigma-polymer-group-header-2-768x576.jpg 768w\" sizes=\"auto, (max-width: 800px) 100vw, 800px\"><\/div>\n\t<\/div><\/figure>\n\n<\/div>\n<\/div><div class=\"bde-column-1120-110 bde-column\">\n  \n  \n\t\n\n\n\n<div class=\"bde-image-1120-111 bde-image\">\n<figure class=\"breakdance-image breakdance-image--610\">\n\t<div class=\"breakdance-image-container\">\n\t\t<div class=\"breakdance-image-clip\"><img loading=\"lazy\" decoding=\"async\" class=\"breakdance-image-object\" src=\"https:\/\/sigmapolymergroup.com\/wp-content\/uploads\/2024\/06\/sigma-polymer-group-header-3.jpg\" width=\"1024\" height=\"768\" srcset=\"https:\/\/sigmapolymergroup.com\/wp-content\/uploads\/2024\/06\/sigma-polymer-group-header-3.jpg 1024w, https:\/\/sigmapolymergroup.com\/wp-content\/uploads\/2024\/06\/sigma-polymer-group-header-3-300x225.jpg 300w, https:\/\/sigmapolymergroup.com\/wp-content\/uploads\/2024\/06\/sigma-polymer-group-header-3-768x576.jpg 768w\" sizes=\"auto, (max-width: 1024px) 100vw, 1024px\"><\/div>\n\t<\/div><\/figure>\n\n<\/div>\n<\/div><div class=\"bde-column-1120-112 bde-column\">\n  \n  \n\t\n\n\n\n<div class=\"bde-image-1120-113 bde-image\">\n<figure class=\"breakdance-image breakdance-image--609\">\n\t<div class=\"breakdance-image-container\">\n\t\t<div class=\"breakdance-image-clip\"><img loading=\"lazy\" decoding=\"async\" class=\"breakdance-image-object\" src=\"https:\/\/sigmapolymergroup.com\/wp-content\/uploads\/2024\/06\/sigma-polymer-group-header-4.jpg\" width=\"800\" height=\"600\" srcset=\"https:\/\/sigmapolymergroup.com\/wp-content\/uploads\/2024\/06\/sigma-polymer-group-header-4.jpg 800w, https:\/\/sigmapolymergroup.com\/wp-content\/uploads\/2024\/06\/sigma-polymer-group-header-4-300x225.jpg 300w, https:\/\/sigmapolymergroup.com\/wp-content\/uploads\/2024\/06\/sigma-polymer-group-header-4-768x576.jpg 768w\" sizes=\"auto, (max-width: 800px) 100vw, 800px\"><\/div>\n\t<\/div><\/figure>\n\n<\/div>\n<\/div><\/div><div class=\"bde-columns-1120-114 bde-columns\"><div class=\"bde-column-1120-115 bde-column\">\n  \n  \n\t\n\n\n\n<div class=\"bde-breadcrumbs-1120-116 bde-breadcrumbs bde-preset-f939864a-5cea-4aea-b69b-9c6af527dac6\"><nav aria-label=\"br\u00f6dsmulor\" class=\"rank-math-breadcrumb\"><p><span class=\"last\">Hem<\/span><\/p><\/nav><\/div><h1 class=\"bde-heading-1120-117 bde-heading\">\nStandardprodukter\n<\/h1><div class=\"bde-globalblock-1120-118 bde-globalblock\"><\/div>\n<\/div><div class=\"bde-column-1120-119 bde-column\">\n  \n  \n\t\n\n\n\n<div class=\"bde-div-1120-120 bde-div\">\n  \n  \n\t\n\n\n\n<h4 class=\"bde-heading-1120-121 bde-heading\">\nInte vad du letar efter?\n<\/h4><div class=\"bde-button-1120-122 bde-button bde-preset-c5986fe1-480a-48af-aa13-6b798113a18b\">\n    \n                        \n                        \n    \n    \n    \n    \n            \n                    \n            \n            \n\n    \n    \n    \n    \n    \n    <a class=\"breakdance-link button-atom button-atom--custom bde-button__button\" href=\"https:\/\/sigmapolymergroup.com\/sv\/kundanpassade-losningar\/\" target=\"_self\" data-type=\"url\"  >\n\n    \n        <span class=\"button-atom__text\">G\u00e5 till skr\u00e4ddarsydda l\u00f6sningar<\/span>\n\n                            \n        \n                <\/a>\n\n    \n\n\n<\/div>\n<\/div>\n<\/div><\/div>\n<\/div><\/div><div class=\"bde-div-1120-123 bde-div\">\n  \n  \n\t\n\n\n\n<div class=\"bde-rich-text-1120-124 bde-rich-text breakdance-rich-text-styles\">\n<p>P\u00e5 Sigma erbjuder vi ett urval av standardprodukter ut\u00f6ver skr\u00e4ddarsydda l\u00f6sningar. Bl\u00e4ddra igenom det h\u00e4r avsnittet f\u00f6r att l\u00e4ra dig mer om de olika standarderbjudanden vi har och tveka inte att kontakta oss f\u00f6r mer information!<\/p>\n<\/div>\n<\/div><\/div>\n<\/section><section id=\"application_areas\" class=\"bde-section-1120-125 bde-section\">\n  \n  \n\t\n\n\n\n<div class=\"section-container\"><div class=\"bde-columns-1120-126 bde-columns\"><div class=\"bde-column-1120-127 bde-column\">\n  \n  \n\t\n\n\n\n\n<\/div><div class=\"bde-column-1120-128 bde-column\">\n  \n  \n\t\n\n\n\n<h2 class=\"bde-heading-1120-129 bde-heading\">\nRullar och valsar\n<\/h2>\n<\/div><\/div><div class=\"bde-columns-1120-136 bde-columns\"><div class=\"bde-column-1120-137 bde-column\">\n  \n  \n\t\n\n\n\n<div class=\"bde-text-1120-130 bde-text\">\nAtt leverera skr\u00e4ddarsydda l\u00f6sningar \u00e4r k\u00e4rnan i det vi g\u00f6r och med den nyligen tillkomna fabriken i Finland har vi ut\u00f6kat v\u00e5r kapacitet till att omfatta h\u00f6gkvalitativa industrivalsar som komplement till v\u00e5ra skr\u00e4ddarsydda polymerl\u00f6sningar.\n<\/div><div class=\"bde-text-1120-131 bde-text\">\n\u00c4ven om valsar kan vara en standardprodukt \u00e4r v\u00e5r strategi helt kundanpassad. Fr\u00e5n materialval till storlek, ytm\u00f6nster och prestandaspecifikationer - varje produkt \u00e4r utformad f\u00f6r att uppfylla dina specifika krav.\n<\/div>\n<\/div><div class=\"bde-column-1120-138 bde-column\">\n  \n  \n\t\n\n\n\n<img decoding=\"async\" class=\"bde-image2-1120-135 bde-image2\" src=\"https:\/\/sigmapolymergroup.com\/wp-content\/uploads\/2025\/03\/Sigma-polymer-group-Rollers-1.jpg\" loading=\"lazy\" srcset=\"https:\/\/sigmapolymergroup.com\/wp-content\/uploads\/2025\/03\/Sigma-polymer-group-Rollers-1.jpg 1234w, https:\/\/sigmapolymergroup.com\/wp-content\/uploads\/2025\/03\/Sigma-polymer-group-Rollers-1-300x68.jpg 300w, https:\/\/sigmapolymergroup.com\/wp-content\/uploads\/2025\/03\/Sigma-polymer-group-Rollers-1-1024x233.jpg 1024w, https:\/\/sigmapolymergroup.com\/wp-content\/uploads\/2025\/03\/Sigma-polymer-group-Rollers-1-768x175.jpg 768w, https:\/\/sigmapolymergroup.com\/wp-content\/uploads\/2025\/03\/Sigma-polymer-group-Rollers-1-18x4.jpg 18w\" sizes=\"(max-width: 1234px) 100vw, 1234px\">\n<\/div><\/div><\/div>\n<\/section><section id=\"application_areas\" class=\"bde-section-1120-146 bde-section\">\n  \n  \n\t\n\n\n\n<div class=\"section-container\"><div class=\"bde-columns-1120-149 bde-columns\"><div class=\"bde-column-1120-150 bde-column\">\n  \n  \n\t\n\n\n\n\n<\/div><div class=\"bde-column-1120-151 bde-column\">\n  \n  \n\t\n\n\n\n<h2 class=\"bde-heading-1120-152 bde-heading\">\nSkr\u00e4ddarsydda l\u00f6sningar f\u00f6r industriella behov\n<\/h2>\n<\/div><\/div><div class=\"bde-columns-1120-147 bde-columns\"><div class=\"bde-column-1120-148 bde-column\">\n  \n  \n\t\n\n\n\n<div class=\"bde-text-1120-153 bde-text\">\nVi tillverkar industriella rullar belagda med polyuretan (PU), silikon eller gummi, utformade f\u00f6r effektiv materialdrift och hantering i olika industriella milj\u00f6er. V\u00e5ra valsar \u00e4r skr\u00e4ddarsydda f\u00f6r att uppfylla exakta operativa krav, med anpassningsalternativ inklusive:\n<\/div><div class=\"bde-rich-text-1120-157 bde-rich-text breakdance-rich-text-styles\">\n<ul><li><strong>L\u00e4ngder<\/strong> som str\u00e4cker sig fr\u00e5n n\u00e5gra centimeter till upp till fyra meter<\/li><li><strong>Materialalternativ<\/strong> baserat p\u00e5 applikationens behov<\/li><li><strong>Ytm\u00f6nster<\/strong> optimerad f\u00f6r specifika applikationer<\/li><\/ul>\n<\/div>\n<\/div><div class=\"bde-column-1120-155 bde-column\">\n  \n  \n\t\n\n\n\n<img decoding=\"async\" class=\"bde-image2-1120-156 bde-image2\" src=\"https:\/\/sigmapolymergroup.com\/wp-content\/uploads\/2025\/03\/Sigma-polymer-group-Rollers-2.jpg\" loading=\"lazy\" srcset=\"https:\/\/sigmapolymergroup.com\/wp-content\/uploads\/2025\/03\/Sigma-polymer-group-Rollers-2.jpg 1237w, https:\/\/sigmapolymergroup.com\/wp-content\/uploads\/2025\/03\/Sigma-polymer-group-Rollers-2-300x96.jpg 300w, https:\/\/sigmapolymergroup.com\/wp-content\/uploads\/2025\/03\/Sigma-polymer-group-Rollers-2-1024x328.jpg 1024w, https:\/\/sigmapolymergroup.com\/wp-content\/uploads\/2025\/03\/Sigma-polymer-group-Rollers-2-768x246.jpg 768w, https:\/\/sigmapolymergroup.com\/wp-content\/uploads\/2025\/03\/Sigma-polymer-group-Rollers-2-18x6.jpg 18w\" sizes=\"(max-width: 1237px) 100vw, 1237px\">\n<\/div><\/div><\/div>\n<\/section><section id=\"application_areas\" class=\"bde-section-1120-169 bde-section\">\n  \n  \n\t\n\n\n\n<div class=\"section-container\"><div class=\"bde-columns-1120-170 bde-columns\"><div class=\"bde-column-1120-171 bde-column\">\n  \n  \n\t\n\n\n\n\n<\/div><div class=\"bde-column-1120-172 bde-column\">\n  \n  \n\t\n\n\n\n<h2 class=\"bde-heading-1120-173 bde-heading\">\nTj\u00e4nster f\u00f6r h\u00e5llbar ombel\u00e4ggning av rullar\n<\/h2>\n<\/div><\/div><div class=\"bde-rich-text-1120-176 bde-rich-text breakdance-rich-text-styles\">\n<p>F\u00f6rutom att tillverka nya valsar erbjuder vi \u00e4ven omfattande ombel\u00e4ggningstj\u00e4nster som \u00e4r utformade f\u00f6r att f\u00f6rl\u00e4nga livscykeln f\u00f6r befintliga valsar. V\u00e5r h\u00e5llbara ombel\u00e4ggningsprocess omfattar f\u00f6ljande<\/p><ul><li><strong>Renovering<\/strong> av slitna valsar genom att \u00e5teranv\u00e4nda befintliga k\u00e4rnor<\/li><li>P\u00e5gjutning <strong>av nya h\u00f6gpresterande ytbel\u00e4ggningar<\/strong><\/li><li><strong>Slipning<\/strong> av rullar till ursprunglig driftstandard<\/li><\/ul><p><span style=\"font-weight: 400;\">Detta h\u00e5llbara tillv\u00e4gag\u00e5ngss\u00e4tt minskar materialavfallet och st\u00f6der dina h\u00e5llbarhetsm\u00e5l - allt utan att kompromissa med prestandan. <\/span><\/p>\n<\/div><\/div>\n<\/section><section id=\"application_areas\" class=\"bde-section-1120-158 bde-section\">\n  \n  \n\t\n\n\n\n<div class=\"section-container\"><div class=\"bde-columns-1120-161 bde-columns\"><div class=\"bde-column-1120-162 bde-column\">\n  \n  \n\t\n\n\n\n\n<\/div><div class=\"bde-column-1120-163 bde-column\">\n  \n  \n\t\n\n\n\n<h2 class=\"bde-heading-1120-164 bde-heading\">\nKapacitet\n<\/h2>\n<\/div><\/div><div class=\"bde-columns-1120-159 bde-columns\"><div class=\"bde-column-1120-160 bde-column\">\n  \n  \n\t\n\n\n\n<div class=\"bde-rich-text-1120-166 bde-rich-text breakdance-rich-text-styles\">\n<p>V\u00e5r tillverkningsexpertis str\u00e4cker sig bortom industriella valsar. Fr\u00e5n komplexa maskinkomponenter till h\u00f6gpresterande industril\u00f6sningar hj\u00e4lper vi v\u00e5ra partners med skr\u00e4ddarsydda l\u00f6sningar f\u00f6r just deras unika applikationer.<\/p><p>Varje produkt - oavsett om den \u00e4r en del av ett logistiksystem eller en kritisk maskinkomponent - \u00e4r konstruerad med samma engagemang f\u00f6r kundanpassning, prestanda och h\u00e5llbarhet, vilket s\u00e4kerst\u00e4ller tillf\u00f6rlitlighet \u00e4ven i de mest kr\u00e4vande industriella milj\u00f6erna.<\/p><p>P\u00e5 Sigma Polymer Group \u00e4r skr\u00e4ddarsydda l\u00f6sningar k\u00e4rnan i allt vi g\u00f6r. V\u00e5rt arbete str\u00e4cker sig l\u00e4ngre \u00e4n till enskilda produkter - vi \u00e4r din OEM-partner som uppfyller alla dina unika krav. <a href=\"https:\/\/sigmapolymergroup.com\/sv\/kundanpassade-losningar\/\">Klicka h\u00e4r f\u00f6r att se v\u00e5ra skr\u00e4ddarsydda l\u00f6sningar<\/a> och <a href=\"https:\/\/sigmapolymergroup.com\/sv\/kontakta-oss\/\" class=\"_yellow_link\">Kontakta oss<\/a> f\u00f6r att l\u00e4ra dig mer!<\/p>\n<\/div>\n<\/div><div class=\"bde-column-1120-167 bde-column\">\n  \n  \n\t\n\n\n\n<img decoding=\"async\" class=\"bde-image2-1120-168 bde-image2\" src=\"https:\/\/sigmapolymergroup.com\/wp-content\/uploads\/2025\/03\/Sigma-polymer-group-Rollers-3.jpg\" loading=\"lazy\" srcset=\"https:\/\/sigmapolymergroup.com\/wp-content\/uploads\/2025\/03\/Sigma-polymer-group-Rollers-3.jpg 966w, https:\/\/sigmapolymergroup.com\/wp-content\/uploads\/2025\/03\/Sigma-polymer-group-Rollers-3-300x114.jpg 300w, https:\/\/sigmapolymergroup.com\/wp-content\/uploads\/2025\/03\/Sigma-polymer-group-Rollers-3-768x293.jpg 768w, https:\/\/sigmapolymergroup.com\/wp-content\/uploads\/2025\/03\/Sigma-polymer-group-Rollers-3-18x7.jpg 18w\" sizes=\"(max-width: 966px) 100vw, 966px\">\n<\/div><\/div><\/div>\n<\/section>","protected":false},"excerpt":{"rendered":"<p>Home Standard Products Not what you are looking for? Go to customized solutions At Sigma, we offer a selection of standard products on top of tailor-made solutions. Browse this section to learn more about the different standard offerings we have and don\u2019t hesitate to contact us for more details! Rollers Delivering tailored solutions is at [&hellip;]<\/p>\n","protected":false},"author":2,"featured_media":0,"parent":131,"menu_order":0,"comment_status":"closed","ping_status":"closed","template":"","meta":{"_acf_changed":false,"_breakdance_hide_in_design_set":false,"_breakdance_tags":"","footnotes":""},"class_list":["post-1120","page","type-page","status-publish","hentry"],"acf":[],"_links":{"self":[{"href":"https:\/\/sigmapolymergroup.com\/sv\/wp-json\/wp\/v2\/pages\/1120","targetHints":{"allow":["GET"]}}],"collection":[{"href":"https:\/\/sigmapolymergroup.com\/sv\/wp-json\/wp\/v2\/pages"}],"about":[{"href":"https:\/\/sigmapolymergroup.com\/sv\/wp-json\/wp\/v2\/types\/page"}],"author":[{"embeddable":true,"href":"https:\/\/sigmapolymergroup.com\/sv\/wp-json\/wp\/v2\/users\/2"}],"replies":[{"embeddable":true,"href":"https:\/\/sigmapolymergroup.com\/sv\/wp-json\/wp\/v2\/comments?post=1120"}],"version-history":[{"count":17,"href":"https:\/\/sigmapolymergroup.com\/sv\/wp-json\/wp\/v2\/pages\/1120\/revisions"}],"predecessor-version":[{"id":1156,"href":"https:\/\/sigmapolymergroup.com\/sv\/wp-json\/wp\/v2\/pages\/1120\/revisions\/1156"}],"up":[{"embeddable":true,"href":"https:\/\/sigmapolymergroup.com\/sv\/wp-json\/wp\/v2\/pages\/131"}],"wp:attachment":[{"href":"https:\/\/sigmapolymergroup.com\/sv\/wp-json\/wp\/v2\/media?parent=1120"}],"curies":[{"name":"wp","href":"https:\/\/api.w.org\/{rel}","templated":true}]}}