{"id":237,"date":"2024-04-12T09:44:36","date_gmt":"2024-04-12T07:44:36","guid":{"rendered":"https:\/\/sigmapolymergroup.com\/?page_id=237"},"modified":"2026-03-17T09:45:10","modified_gmt":"2026-03-17T08:45:10","slug":"asiakirjat","status":"publish","type":"page","link":"https:\/\/sigmapolymergroup.com\/fi\/about-us\/documents\/","title":{"rendered":"Asiakirjat"},"content":{"rendered":"<section class=\"bde-section-237-100 bde-section\">\n  \n  \n\t\n\n\n\n<div class=\"section-container\"><div class=\"bde-basicslider-237-101 bde-basicslider\">\n<div class=\"breakdance-swiper-wrapper\" data-swiper-id=\"101\">\n    <div class=\"swiper\">\n      <div class=\"swiper-wrapper\">\n      \n\t                    \n        <div class=\"swiper-slide\">\n          <div class=\"bde-basicslider__slide\">\n              <div class=\"bde-basicslider__content\">\n                                                <\/div>\n\n\t\t\t\t\t\t          <img loading=\"lazy\" decoding=\"async\" class=\"breakdance-image-object bde-basicslider__image\" src=\"https:\/\/sigmapolymergroup.com\/wp-content\/uploads\/2024\/06\/sigma-polymer-group-header-1.jpg\" width=\"800\" height=\"600\" srcset=\"https:\/\/sigmapolymergroup.com\/wp-content\/uploads\/2024\/06\/sigma-polymer-group-header-1.jpg 800w, https:\/\/sigmapolymergroup.com\/wp-content\/uploads\/2024\/06\/sigma-polymer-group-header-1-300x225.jpg 300w, https:\/\/sigmapolymergroup.com\/wp-content\/uploads\/2024\/06\/sigma-polymer-group-header-1-768x576.jpg 768w\" sizes=\"auto, (max-width: 800px) 100vw, 800px\">\n\t\t\t\n          <\/div>\n        <\/div>\n       \n\t                    \n        <div class=\"swiper-slide\">\n          <div class=\"bde-basicslider__slide\">\n              <div class=\"bde-basicslider__content\">\n                                                <\/div>\n\n\t\t\t\t\t\t          <img loading=\"lazy\" decoding=\"async\" class=\"breakdance-image-object bde-basicslider__image\" src=\"https:\/\/sigmapolymergroup.com\/wp-content\/uploads\/2024\/06\/sigma-polymer-group-header-2.jpg\" width=\"800\" height=\"600\" srcset=\"https:\/\/sigmapolymergroup.com\/wp-content\/uploads\/2024\/06\/sigma-polymer-group-header-2.jpg 800w, https:\/\/sigmapolymergroup.com\/wp-content\/uploads\/2024\/06\/sigma-polymer-group-header-2-300x225.jpg 300w, https:\/\/sigmapolymergroup.com\/wp-content\/uploads\/2024\/06\/sigma-polymer-group-header-2-768x576.jpg 768w\" sizes=\"auto, (max-width: 800px) 100vw, 800px\">\n\t\t\t\n          <\/div>\n        <\/div>\n       \n\t                    \n        <div class=\"swiper-slide\">\n          <div class=\"bde-basicslider__slide\">\n              <div class=\"bde-basicslider__content\">\n                                                <\/div>\n\n\t\t\t\t\t\t          <img loading=\"lazy\" decoding=\"async\" class=\"breakdance-image-object bde-basicslider__image\" src=\"https:\/\/sigmapolymergroup.com\/wp-content\/uploads\/2024\/06\/sigma-polymer-group-header-3.jpg\" width=\"1024\" height=\"768\" srcset=\"https:\/\/sigmapolymergroup.com\/wp-content\/uploads\/2024\/06\/sigma-polymer-group-header-3.jpg 1024w, https:\/\/sigmapolymergroup.com\/wp-content\/uploads\/2024\/06\/sigma-polymer-group-header-3-300x225.jpg 300w, https:\/\/sigmapolymergroup.com\/wp-content\/uploads\/2024\/06\/sigma-polymer-group-header-3-768x576.jpg 768w\" sizes=\"auto, (max-width: 1024px) 100vw, 1024px\">\n\t\t\t\n          <\/div>\n        <\/div>\n       \n\t                    \n        <div class=\"swiper-slide\">\n          <div class=\"bde-basicslider__slide\">\n              <div class=\"bde-basicslider__content\">\n                                                <\/div>\n\n\t\t\t\t\t\t          <img loading=\"lazy\" decoding=\"async\" class=\"breakdance-image-object bde-basicslider__image\" src=\"https:\/\/sigmapolymergroup.com\/wp-content\/uploads\/2024\/06\/sigma-polymer-group-header-4.jpg\" width=\"800\" height=\"600\" srcset=\"https:\/\/sigmapolymergroup.com\/wp-content\/uploads\/2024\/06\/sigma-polymer-group-header-4.jpg 800w, https:\/\/sigmapolymergroup.com\/wp-content\/uploads\/2024\/06\/sigma-polymer-group-header-4-300x225.jpg 300w, https:\/\/sigmapolymergroup.com\/wp-content\/uploads\/2024\/06\/sigma-polymer-group-header-4-768x576.jpg 768w\" sizes=\"auto, (max-width: 800px) 100vw, 800px\">\n\t\t\t\n          <\/div>\n        <\/div>\n       \n      <\/div>\n    <\/div>\n                <div class=\"swiper-button-prev\">\n            \n        <\/div>\n        <div class=\"swiper-button-next\">\n            \n        <\/div>\n    \n            <div class=\"swiper-pagination\"><\/div>\n    \n<\/div>\n\n<\/div><div class=\"bde-columns-237-102 bde-columns\"><div class=\"bde-column-237-103 bde-column\">\n  \n  \n\t\n\n\n\n\n<\/div><div class=\"bde-column-237-104 bde-column\">\n  \n  \n\t\n\n\n\n<div class=\"bde-columns-237-105 bde-columns\"><div class=\"bde-column-237-106 bde-column\">\n  \n  \n\t\n\n\n\n<div class=\"bde-image-237-107 bde-image\">\n<figure class=\"breakdance-image breakdance-image--612\">\n\t<div class=\"breakdance-image-container\">\n\t\t<div class=\"breakdance-image-clip\"><img loading=\"lazy\" decoding=\"async\" class=\"breakdance-image-object\" src=\"https:\/\/sigmapolymergroup.com\/wp-content\/uploads\/2024\/06\/sigma-polymer-group-header-1.jpg\" width=\"800\" height=\"600\" srcset=\"https:\/\/sigmapolymergroup.com\/wp-content\/uploads\/2024\/06\/sigma-polymer-group-header-1.jpg 800w, https:\/\/sigmapolymergroup.com\/wp-content\/uploads\/2024\/06\/sigma-polymer-group-header-1-300x225.jpg 300w, https:\/\/sigmapolymergroup.com\/wp-content\/uploads\/2024\/06\/sigma-polymer-group-header-1-768x576.jpg 768w\" sizes=\"auto, (max-width: 800px) 100vw, 800px\"><\/div>\n\t<\/div><\/figure>\n\n<\/div>\n<\/div><div class=\"bde-column-237-108 bde-column\">\n  \n  \n\t\n\n\n\n<div class=\"bde-image-237-109 bde-image\">\n<figure class=\"breakdance-image breakdance-image--611\">\n\t<div class=\"breakdance-image-container\">\n\t\t<div class=\"breakdance-image-clip\"><img loading=\"lazy\" decoding=\"async\" class=\"breakdance-image-object\" src=\"https:\/\/sigmapolymergroup.com\/wp-content\/uploads\/2024\/06\/sigma-polymer-group-header-2.jpg\" width=\"800\" height=\"600\" srcset=\"https:\/\/sigmapolymergroup.com\/wp-content\/uploads\/2024\/06\/sigma-polymer-group-header-2.jpg 800w, https:\/\/sigmapolymergroup.com\/wp-content\/uploads\/2024\/06\/sigma-polymer-group-header-2-300x225.jpg 300w, https:\/\/sigmapolymergroup.com\/wp-content\/uploads\/2024\/06\/sigma-polymer-group-header-2-768x576.jpg 768w\" sizes=\"auto, (max-width: 800px) 100vw, 800px\"><\/div>\n\t<\/div><\/figure>\n\n<\/div>\n<\/div><div class=\"bde-column-237-110 bde-column\">\n  \n  \n\t\n\n\n\n<div class=\"bde-image-237-111 bde-image\">\n<figure class=\"breakdance-image breakdance-image--610\">\n\t<div class=\"breakdance-image-container\">\n\t\t<div class=\"breakdance-image-clip\"><img loading=\"lazy\" decoding=\"async\" class=\"breakdance-image-object\" src=\"https:\/\/sigmapolymergroup.com\/wp-content\/uploads\/2024\/06\/sigma-polymer-group-header-3.jpg\" width=\"1024\" height=\"768\" srcset=\"https:\/\/sigmapolymergroup.com\/wp-content\/uploads\/2024\/06\/sigma-polymer-group-header-3.jpg 1024w, https:\/\/sigmapolymergroup.com\/wp-content\/uploads\/2024\/06\/sigma-polymer-group-header-3-300x225.jpg 300w, https:\/\/sigmapolymergroup.com\/wp-content\/uploads\/2024\/06\/sigma-polymer-group-header-3-768x576.jpg 768w\" sizes=\"auto, (max-width: 1024px) 100vw, 1024px\"><\/div>\n\t<\/div><\/figure>\n\n<\/div>\n<\/div><div class=\"bde-column-237-171 bde-column\">\n  \n  \n\t\n\n\n\n<div class=\"bde-image-237-172 bde-image\">\n<figure class=\"breakdance-image breakdance-image--609\">\n\t<div class=\"breakdance-image-container\">\n\t\t<div class=\"breakdance-image-clip\"><img loading=\"lazy\" decoding=\"async\" class=\"breakdance-image-object\" src=\"https:\/\/sigmapolymergroup.com\/wp-content\/uploads\/2024\/06\/sigma-polymer-group-header-4.jpg\" width=\"800\" height=\"600\" srcset=\"https:\/\/sigmapolymergroup.com\/wp-content\/uploads\/2024\/06\/sigma-polymer-group-header-4.jpg 800w, https:\/\/sigmapolymergroup.com\/wp-content\/uploads\/2024\/06\/sigma-polymer-group-header-4-300x225.jpg 300w, https:\/\/sigmapolymergroup.com\/wp-content\/uploads\/2024\/06\/sigma-polymer-group-header-4-768x576.jpg 768w\" sizes=\"auto, (max-width: 800px) 100vw, 800px\"><\/div>\n\t<\/div><\/figure>\n\n<\/div>\n<\/div><\/div><div class=\"bde-columns-237-112 bde-columns\"><div class=\"bde-column-237-113 bde-column\">\n  \n  \n\t\n\n\n\n<div class=\"bde-breadcrumbs-237-176 bde-breadcrumbs bde-preset-f939864a-5cea-4aea-b69b-9c6af527dac6\"><nav aria-label=\"korppujauhot\" class=\"rank-math-breadcrumb\"><p><span class=\"last\">Etusivu<\/span><\/p><\/nav><\/div><h1 class=\"bde-heading-237-170 bde-heading\">\nAsiakirjat\n<\/h1><div class=\"bde-globalblock-237-169 bde-globalblock\"><\/div>\n<\/div><div class=\"bde-column-237-116 bde-column\">\n  \n  \n\t\n\n\n\n\n<\/div><\/div>\n<\/div><\/div><div class=\"bde-div-237-117 bde-div\">\n  \n  \n\t\n\n\n\n<div class=\"bde-rich-text-237-118 bde-rich-text breakdance-rich-text-styles\">\n<p>T\u00e4lt\u00e4 sivulta voit lukea ja ladata oppaita, esitteit\u00e4 ja muita asiakirjoja eri aiheista. Ota rohkeasti yhteytt\u00e4 meihin saadaksesi lis\u00e4tietoja!<\/p>\n<\/div>\n<\/div><\/div>\n<\/section><section class=\"bde-section-237-119 bde-section\">\n  \n  \n\t\n\n\n\n<div class=\"section-container\"><div class=\"bde-columns-237-142 bde-columns\"><div class=\"bde-column-237-143 bde-column\">\n  \n  \n\t\n\n\n\n<div class=\"bde-div-237-152 bde-div\">\n  \n  \n\t\n\n\n\n<h2 class=\"bde-heading-237-145 bde-heading\">\nKest\u00e4v\u00e4n kehityksen raportit\n<\/h2><a class=\"bde-text-link-237-178 bde-text-link breakdance-link\" href=\"https:\/\/sigmapolymergroup.com\/wp-content\/uploads\/2025\/10\/Sustainability-Report-2024_V2_251028.pdf\" target=\"_self\" data-type=\"url\">\n  Kest\u00e4v\u00e4n kehityksen raportti 2024 - Sigma Polymer Group\n\n<\/a>\n<\/div><div class=\"bde-div-237-173 bde-div\">\n  \n  \n\t\n\n\n\n<h2 class=\"bde-heading-237-174 bde-heading\">\nYmp\u00e4rist\u00f6aloitteet\n<\/h2><a class=\"bde-text-link-237-175 bde-text-link breakdance-link\" href=\"https:\/\/sigmapolymergroup.com\/wp-content\/uploads\/2025\/10\/Mooring-comp-ad_METS.png\" target=\"_self\" data-type=\"url\">\n  Kiinnityskompensaattoreiden materiaalimuutos\n\n<\/a>\n<\/div><div class=\"bde-div-237-153 bde-div\">\n  \n  \n\t\n\n\n\n<h2 class=\"bde-heading-237-147 bde-heading\">\nTietolehtiset\n<\/h2><a class=\"bde-text-link-237-148 bde-text-link breakdance-link\" href=\"https:\/\/sigmapolymergroup.com\/wp-content\/uploads\/2026\/03\/LinkedIn-and-web_MOL-ROMGUM_2026.pdf\" target=\"_self\" data-type=\"url\">\n  Vesi- ja j\u00e4tevesij\u00e4rjestelmien kumitiivisteet\n\n<\/a><a class=\"bde-text-link-237-179 bde-text-link breakdance-link\" href=\"https:\/\/sigmapolymergroup.com\/wp-content\/uploads\/2025\/10\/2025-Mooring-Compensator-Leaflet_251010.pdf\" target=\"_self\" data-type=\"url\">\n  Kiinnitysjoustimet\n\n<\/a><a class=\"bde-text-link-237-149 bde-text-link breakdance-link\" href=\"https:\/\/sigmapolymergroup.com\/wp-content\/uploads\/2025\/04\/Silicone_Leaflet-2025.pdf\" target=\"_self\" data-type=\"url\">\n  Silikonin valaminen ja pursottaminen\n\n<\/a><a class=\"bde-text-link-237-150 bde-text-link breakdance-link\" href=\"https:\/\/sigmapolymergroup.com\/wp-content\/uploads\/2024\/05\/Seals-Webshop.pdf\" target=\"_blank\" data-type=\"url\">\n  Verkkokauppa\n\n<\/a><a class=\"bde-text-link-237-151 bde-text-link breakdance-link\" href=\"https:\/\/sigmapolymergroup.com\/wp-content\/uploads\/2024\/05\/Vacuum-rings.pdf\" target=\"_blank\" data-type=\"url\">\n  Vakuumirenkaat\n\n<\/a>\n<\/div>\n<\/div><div class=\"bde-column-237-144 bde-column\">\n  \n  \n\t\n\n\n\n<div class=\"bde-div-237-154 bde-div\">\n  \n  \n\t\n\n\n\n<h2 class=\"bde-heading-237-155 bde-heading\">\nSigma-tiivisteet\n<\/h2><a class=\"bde-text-link-237-156 bde-text-link breakdance-link\" href=\"https:\/\/sigmapolymergroup.com\/wp-content\/uploads\/2024\/05\/Product-data-sheet-O-ring-Sigma_V2.pdf\" target=\"_blank\" data-type=\"url\">\n  Tuotetietolehti: O-renkaat\n\n<\/a><a class=\"bde-text-link-237-157 bde-text-link breakdance-link\" href=\"https:\/\/sigmapolymergroup.com\/wp-content\/uploads\/2024\/05\/Product-data-sheet-D-ring-Sigma_V2.pdf\" target=\"_blank\" data-type=\"url\">\n  Tuotetietolehti: D-renkaat\n\n<\/a><a class=\"bde-text-link-237-158 bde-text-link breakdance-link\" href=\"https:\/\/sigmapolymergroup.com\/wp-content\/uploads\/2024\/05\/Product-data-sheet-X-ring-Sigma_V2.pdf\" target=\"_blank\" data-type=\"url\">\n  Tuotetietolehti: X-renkaat\n\n<\/a><a class=\"bde-text-link-237-159 bde-text-link breakdance-link\" href=\"https:\/\/sigmapolymergroup.com\/wp-content\/uploads\/2024\/05\/Material-guide-Sigma_V2.pdf\" target=\"_blank\" data-type=\"url\">\n  Materiaaliopas\n\n<\/a><a class=\"bde-text-link-237-160 bde-text-link breakdance-link\" href=\"https:\/\/sigmapolymergroup.com\/wp-content\/uploads\/2024\/05\/Material-data-sheet-NBR-Sigma_V2.pdf\" target=\"_blank\" data-type=\"url\">\n  Materiaalitietolehti: NBR\n\n<\/a><a class=\"bde-text-link-237-161 bde-text-link breakdance-link\" href=\"https:\/\/sigmapolymergroup.com\/wp-content\/uploads\/2024\/05\/Material-data-sheet-FKM-Sigma_V2.pdf\" target=\"_blank\" data-type=\"url\">\n  Materiaalitietolehti: FKM\n\n<\/a><a class=\"bde-text-link-237-162 bde-text-link breakdance-link\" href=\"https:\/\/sigmapolymergroup.com\/wp-content\/uploads\/2024\/05\/Material-data-sheet-VMQ-Sigma_V2.pdf\" target=\"_blank\" data-type=\"url\">\n  Materiaalitietolehti: VMQ\n\n<\/a><a class=\"bde-text-link-237-163 bde-text-link breakdance-link\" href=\"https:\/\/sigmapolymergroup.com\/wp-content\/uploads\/2024\/05\/Material-data-sheet-EPDM-Sigma_V2.pdf\" target=\"_blank\" data-type=\"url\">\n  Materiaalitietolehti: EPDM\n\n<\/a><a class=\"bde-text-link-237-164 bde-text-link breakdance-link\" href=\"https:\/\/sigmapolymergroup.com\/wp-content\/uploads\/2024\/05\/Material-data-sheet-AU-Sigma_V2.pdf\" target=\"_blank\" data-type=\"url\">\n  Materiaalitietolehti: AU\n\n<\/a><a class=\"bde-text-link-237-165 bde-text-link breakdance-link\" href=\"https:\/\/sigmapolymergroup.com\/wp-content\/uploads\/2024\/05\/Material-data-sheet-SBR-Sigma_V2.pdf\" target=\"_blank\" data-type=\"url\">\n  Materiaalitietolehti: SBR\n\n<\/a>\n<\/div>\n<\/div><\/div><div class=\"bde-div-237-167 bde-div\">\n  \n  \n\t\n\n\n\n<div class=\"bde-button-237-166 bde-button\">\n        \n    \n    \n    \n    \n            \n                    \n            \n            \n\n    \n    \n    \n    \n    \n    <a class=\"breakdance-link button-atom button-atom--secondary bde-button__button\" href=\"https:\/\/sigmapolymergroup.com\/fi\/ota-yhteytta\/\" target=\"_self\" data-type=\"url\"  >\n\n    \n        <span class=\"button-atom__text\">Ota yhteytt\u00e4 saadaksesi lis\u00e4tietoja<\/span>\n\n        \n        \n                <\/a>\n\n    \n\n\n<\/div>\n<\/div><\/div>\n<\/section>","protected":false},"excerpt":{"rendered":"<p>Home Documents You can find guides, leaflets and other documents on various topics to read and download on this page. Feel free to contact us for more information! Sustainability Reports Sustainability Report 2024 &#8211; Sigma Polymer Group Environmental Initiatives Material change for mooring compensators Information Leaflets Rubber Seals for Water &#038; Wastewater Systems Mooring Compensators [&hellip;]<\/p>\n","protected":false},"author":2,"featured_media":0,"parent":133,"menu_order":0,"comment_status":"closed","ping_status":"closed","template":"","meta":{"_acf_changed":false,"_breakdance_hide_in_design_set":false,"_breakdance_tags":"","footnotes":""},"class_list":["post-237","page","type-page","status-publish","hentry"],"acf":[],"_links":{"self":[{"href":"https:\/\/sigmapolymergroup.com\/fi\/wp-json\/wp\/v2\/pages\/237","targetHints":{"allow":["GET"]}}],"collection":[{"href":"https:\/\/sigmapolymergroup.com\/fi\/wp-json\/wp\/v2\/pages"}],"about":[{"href":"https:\/\/sigmapolymergroup.com\/fi\/wp-json\/wp\/v2\/types\/page"}],"author":[{"embeddable":true,"href":"https:\/\/sigmapolymergroup.com\/fi\/wp-json\/wp\/v2\/users\/2"}],"replies":[{"embeddable":true,"href":"https:\/\/sigmapolymergroup.com\/fi\/wp-json\/wp\/v2\/comments?post=237"}],"version-history":[{"count":33,"href":"https:\/\/sigmapolymergroup.com\/fi\/wp-json\/wp\/v2\/pages\/237\/revisions"}],"predecessor-version":[{"id":1308,"href":"https:\/\/sigmapolymergroup.com\/fi\/wp-json\/wp\/v2\/pages\/237\/revisions\/1308"}],"up":[{"embeddable":true,"href":"https:\/\/sigmapolymergroup.com\/fi\/wp-json\/wp\/v2\/pages\/133"}],"wp:attachment":[{"href":"https:\/\/sigmapolymergroup.com\/fi\/wp-json\/wp\/v2\/media?parent=237"}],"curies":[{"name":"wp","href":"https:\/\/api.w.org\/{rel}","templated":true}]}}