{"id":231,"date":"2024-04-12T09:43:20","date_gmt":"2024-04-12T07:43:20","guid":{"rendered":"https:\/\/sigmapolymergroup.com\/?page_id=231"},"modified":"2025-10-10T10:06:19","modified_gmt":"2025-10-10T08:06:19","slug":"kiinnityskompensaattorit","status":"publish","type":"page","link":"https:\/\/sigmapolymergroup.com\/fi\/standard-products\/mooring-compensators\/","title":{"rendered":"Kiinnitysjoustimet"},"content":{"rendered":"<section class=\"bde-section-231-100 bde-section\">\n  \n  \n\t\n\n\n\n<div class=\"section-container\"><div class=\"bde-basicslider-231-101 bde-basicslider\">\n<div class=\"breakdance-swiper-wrapper\" data-swiper-id=\"101\">\n    <div class=\"swiper\">\n      <div class=\"swiper-wrapper\">\n      \n\t                    \n        <div class=\"swiper-slide\">\n          <div class=\"bde-basicslider__slide\">\n              <div class=\"bde-basicslider__content\">\n                                                <\/div>\n\n\t\t\t\t\t\t          <img loading=\"lazy\" decoding=\"async\" class=\"breakdance-image-object bde-basicslider__image\" src=\"https:\/\/sigmapolymergroup.com\/wp-content\/uploads\/2024\/06\/sigma-polymer-group-header-1.jpg\" width=\"800\" height=\"600\" srcset=\"https:\/\/sigmapolymergroup.com\/wp-content\/uploads\/2024\/06\/sigma-polymer-group-header-1.jpg 800w, https:\/\/sigmapolymergroup.com\/wp-content\/uploads\/2024\/06\/sigma-polymer-group-header-1-300x225.jpg 300w, https:\/\/sigmapolymergroup.com\/wp-content\/uploads\/2024\/06\/sigma-polymer-group-header-1-768x576.jpg 768w\" sizes=\"auto, (max-width: 800px) 100vw, 800px\">\n\t\t\t\n          <\/div>\n        <\/div>\n       \n\t                    \n        <div class=\"swiper-slide\">\n          <div class=\"bde-basicslider__slide\">\n              <div class=\"bde-basicslider__content\">\n                                                <\/div>\n\n\t\t\t\t\t\t          <img loading=\"lazy\" decoding=\"async\" class=\"breakdance-image-object bde-basicslider__image\" src=\"https:\/\/sigmapolymergroup.com\/wp-content\/uploads\/2024\/06\/sigma-polymer-group-header-2.jpg\" width=\"800\" height=\"600\" srcset=\"https:\/\/sigmapolymergroup.com\/wp-content\/uploads\/2024\/06\/sigma-polymer-group-header-2.jpg 800w, https:\/\/sigmapolymergroup.com\/wp-content\/uploads\/2024\/06\/sigma-polymer-group-header-2-300x225.jpg 300w, https:\/\/sigmapolymergroup.com\/wp-content\/uploads\/2024\/06\/sigma-polymer-group-header-2-768x576.jpg 768w\" sizes=\"auto, (max-width: 800px) 100vw, 800px\">\n\t\t\t\n          <\/div>\n        <\/div>\n       \n\t                    \n        <div class=\"swiper-slide\">\n          <div class=\"bde-basicslider__slide\">\n              <div class=\"bde-basicslider__content\">\n                                                <\/div>\n\n\t\t\t\t\t\t          <img loading=\"lazy\" decoding=\"async\" class=\"breakdance-image-object bde-basicslider__image\" src=\"https:\/\/sigmapolymergroup.com\/wp-content\/uploads\/2024\/06\/sigma-polymer-group-header-3.jpg\" width=\"1024\" height=\"768\" srcset=\"https:\/\/sigmapolymergroup.com\/wp-content\/uploads\/2024\/06\/sigma-polymer-group-header-3.jpg 1024w, https:\/\/sigmapolymergroup.com\/wp-content\/uploads\/2024\/06\/sigma-polymer-group-header-3-300x225.jpg 300w, https:\/\/sigmapolymergroup.com\/wp-content\/uploads\/2024\/06\/sigma-polymer-group-header-3-768x576.jpg 768w\" sizes=\"auto, (max-width: 1024px) 100vw, 1024px\">\n\t\t\t\n          <\/div>\n        <\/div>\n       \n\t                    \n        <div class=\"swiper-slide\">\n          <div class=\"bde-basicslider__slide\">\n              <div class=\"bde-basicslider__content\">\n                                                <\/div>\n\n\t\t\t\t\t\t          <img loading=\"lazy\" decoding=\"async\" class=\"breakdance-image-object bde-basicslider__image\" src=\"https:\/\/sigmapolymergroup.com\/wp-content\/uploads\/2024\/06\/sigma-polymer-group-header-4.jpg\" width=\"800\" height=\"600\" srcset=\"https:\/\/sigmapolymergroup.com\/wp-content\/uploads\/2024\/06\/sigma-polymer-group-header-4.jpg 800w, https:\/\/sigmapolymergroup.com\/wp-content\/uploads\/2024\/06\/sigma-polymer-group-header-4-300x225.jpg 300w, https:\/\/sigmapolymergroup.com\/wp-content\/uploads\/2024\/06\/sigma-polymer-group-header-4-768x576.jpg 768w\" sizes=\"auto, (max-width: 800px) 100vw, 800px\">\n\t\t\t\n          <\/div>\n        <\/div>\n       \n      <\/div>\n    <\/div>\n                <div class=\"swiper-button-prev\">\n            \n        <\/div>\n        <div class=\"swiper-button-next\">\n            \n        <\/div>\n    \n            <div class=\"swiper-pagination\"><\/div>\n    \n<\/div>\n\n<\/div><div class=\"bde-columns-231-102 bde-columns\"><div class=\"bde-column-231-103 bde-column\">\n  \n  \n\t\n\n\n\n\n<\/div><div class=\"bde-column-231-104 bde-column\">\n  \n  \n\t\n\n\n\n<div class=\"bde-columns-231-105 bde-columns\"><div class=\"bde-column-231-106 bde-column\">\n  \n  \n\t\n\n\n\n<div class=\"bde-image-231-107 bde-image\">\n<figure class=\"breakdance-image breakdance-image--612\">\n\t<div class=\"breakdance-image-container\">\n\t\t<div class=\"breakdance-image-clip\"><img loading=\"lazy\" decoding=\"async\" class=\"breakdance-image-object\" src=\"https:\/\/sigmapolymergroup.com\/wp-content\/uploads\/2024\/06\/sigma-polymer-group-header-1.jpg\" width=\"800\" height=\"600\" srcset=\"https:\/\/sigmapolymergroup.com\/wp-content\/uploads\/2024\/06\/sigma-polymer-group-header-1.jpg 800w, https:\/\/sigmapolymergroup.com\/wp-content\/uploads\/2024\/06\/sigma-polymer-group-header-1-300x225.jpg 300w, https:\/\/sigmapolymergroup.com\/wp-content\/uploads\/2024\/06\/sigma-polymer-group-header-1-768x576.jpg 768w\" sizes=\"auto, (max-width: 800px) 100vw, 800px\"><\/div>\n\t<\/div><\/figure>\n\n<\/div>\n<\/div><div class=\"bde-column-231-108 bde-column\">\n  \n  \n\t\n\n\n\n<div class=\"bde-image-231-109 bde-image\">\n<figure class=\"breakdance-image breakdance-image--611\">\n\t<div class=\"breakdance-image-container\">\n\t\t<div class=\"breakdance-image-clip\"><img loading=\"lazy\" decoding=\"async\" class=\"breakdance-image-object\" src=\"https:\/\/sigmapolymergroup.com\/wp-content\/uploads\/2024\/06\/sigma-polymer-group-header-2.jpg\" width=\"800\" height=\"600\" srcset=\"https:\/\/sigmapolymergroup.com\/wp-content\/uploads\/2024\/06\/sigma-polymer-group-header-2.jpg 800w, https:\/\/sigmapolymergroup.com\/wp-content\/uploads\/2024\/06\/sigma-polymer-group-header-2-300x225.jpg 300w, https:\/\/sigmapolymergroup.com\/wp-content\/uploads\/2024\/06\/sigma-polymer-group-header-2-768x576.jpg 768w\" sizes=\"auto, (max-width: 800px) 100vw, 800px\"><\/div>\n\t<\/div><\/figure>\n\n<\/div>\n<\/div><div class=\"bde-column-231-110 bde-column\">\n  \n  \n\t\n\n\n\n<div class=\"bde-image-231-111 bde-image\">\n<figure class=\"breakdance-image breakdance-image--610\">\n\t<div class=\"breakdance-image-container\">\n\t\t<div class=\"breakdance-image-clip\"><img loading=\"lazy\" decoding=\"async\" class=\"breakdance-image-object\" src=\"https:\/\/sigmapolymergroup.com\/wp-content\/uploads\/2024\/06\/sigma-polymer-group-header-3.jpg\" width=\"1024\" height=\"768\" srcset=\"https:\/\/sigmapolymergroup.com\/wp-content\/uploads\/2024\/06\/sigma-polymer-group-header-3.jpg 1024w, https:\/\/sigmapolymergroup.com\/wp-content\/uploads\/2024\/06\/sigma-polymer-group-header-3-300x225.jpg 300w, https:\/\/sigmapolymergroup.com\/wp-content\/uploads\/2024\/06\/sigma-polymer-group-header-3-768x576.jpg 768w\" sizes=\"auto, (max-width: 1024px) 100vw, 1024px\"><\/div>\n\t<\/div><\/figure>\n\n<\/div>\n<\/div><div class=\"bde-column-231-190 bde-column\">\n  \n  \n\t\n\n\n\n<div class=\"bde-image-231-191 bde-image\">\n<figure class=\"breakdance-image breakdance-image--609\">\n\t<div class=\"breakdance-image-container\">\n\t\t<div class=\"breakdance-image-clip\"><img loading=\"lazy\" decoding=\"async\" class=\"breakdance-image-object\" src=\"https:\/\/sigmapolymergroup.com\/wp-content\/uploads\/2024\/06\/sigma-polymer-group-header-4.jpg\" width=\"800\" height=\"600\" srcset=\"https:\/\/sigmapolymergroup.com\/wp-content\/uploads\/2024\/06\/sigma-polymer-group-header-4.jpg 800w, https:\/\/sigmapolymergroup.com\/wp-content\/uploads\/2024\/06\/sigma-polymer-group-header-4-300x225.jpg 300w, https:\/\/sigmapolymergroup.com\/wp-content\/uploads\/2024\/06\/sigma-polymer-group-header-4-768x576.jpg 768w\" sizes=\"auto, (max-width: 800px) 100vw, 800px\"><\/div>\n\t<\/div><\/figure>\n\n<\/div>\n<\/div><\/div><div class=\"bde-columns-231-112 bde-columns\"><div class=\"bde-column-231-113 bde-column\">\n  \n  \n\t\n\n\n\n<div class=\"bde-breadcrumbs-231-194 bde-breadcrumbs bde-preset-f939864a-5cea-4aea-b69b-9c6af527dac6\"><nav aria-label=\"korppujauhot\" class=\"rank-math-breadcrumb\"><p><span class=\"last\">Etusivu<\/span><\/p><\/nav><\/div><h1 class=\"bde-heading-231-188 bde-heading\">\nVakiotuotteet\n<\/h1><div class=\"bde-globalblock-231-189 bde-globalblock\"><\/div>\n<\/div><div class=\"bde-column-231-116 bde-column\">\n  \n  \n\t\n\n\n\n<div class=\"bde-div-231-117 bde-div\">\n  \n  \n\t\n\n\n\n<h4 class=\"bde-heading-231-118 bde-heading\">\nEtk\u00f6 l\u00f6yt\u00e4nyt etsim\u00e4\u00e4si?\n<\/h4><div class=\"bde-button-231-119 bde-button bde-preset-c5986fe1-480a-48af-aa13-6b798113a18b\">\n        \n    \n    \n    \n    \n            \n                    \n            \n            \n\n    \n    \n    \n    \n    \n    <a class=\"breakdance-link button-atom button-atom--custom bde-button__button\" href=\"https:\/\/sigmapolymergroup.com\/fi\/raataloityja-ratkaisuja\/\" target=\"_self\" data-type=\"url\"  >\n\n    \n        <span class=\"button-atom__text\">Siirry r\u00e4\u00e4t\u00e4l\u00f6ityihin ratkaisuihin<\/span>\n\n                            \n        \n                <\/a>\n\n    \n\n\n<\/div>\n<\/div>\n<\/div><\/div>\n<\/div><\/div><div class=\"bde-div-231-120 bde-div\">\n  \n  \n\t\n\n\n\n<div class=\"bde-rich-text-231-121 bde-rich-text breakdance-rich-text-styles\">\n<p>Sigma tarjoaa valikoiman standardituotteita r\u00e4\u00e4t\u00e4l\u00f6ityjen ratkaisujen lis\u00e4ksi. Tutustu t\u00e4h\u00e4n osioon saadaksesi lis\u00e4tietoja eri vakiotuotteistamme \u00e4l\u00e4k\u00e4 ep\u00e4r\u00f6i ottaa meihin yhteytt\u00e4 saadaksesi lis\u00e4\u00e4 tietoa.<\/p>\n<\/div>\n<\/div><\/div>\n<\/section><section id=\"application_areas\" class=\"bde-section-231-123 bde-section\">\n  \n  \n\t\n\n\n\n<div class=\"section-container\"><div class=\"bde-columns-231-124 bde-columns\"><div class=\"bde-column-231-125 bde-column\">\n  \n  \n\t\n\n\n\n\n<\/div><div class=\"bde-column-231-126 bde-column\">\n  \n  \n\t\n\n\n\n<h2 class=\"bde-heading-231-156 bde-heading\">\nKiinnitysjoustimet\n<\/h2>\n<\/div><\/div><div class=\"bde-text-231-157 bde-text\">\nVoimakkaat voimat astuvat peliin, kun tuuli alkaa puhaltaa. Eik\u00e4 vain tuuli aiheuta katastrofaalisia rasituksia ja rasituksia. Ohiajavien veneiden aiheuttama aallokko, nousu- ja laskuvesi ovat kaikki tekij\u00f6it\u00e4, jotka voivat aiheuttaa paljon ongelmia. Kiinnityskompensaattorit v\u00e4hent\u00e4v\u00e4t tuulen, aaltojen ja aallokon aiheuttamaa rasitusta. Est\u00e4\u00e4 siimoja katkeamasta ja est\u00e4\u00e4 kiinnitysklapeja vet\u00e4ytym\u00e4st\u00e4.\n<\/div><div class=\"bde-text-231-158 bde-text\">\nSigman kiinnitysjoustimet tekev\u00e4t ankkuroinnista huoletonta. Ne varmistavat turvallisen ja mukavan kiinnitymisen satamissa ja laitureissa. Joustimet minimoivat huonon ankkuroinnin riskin. Sigma tarjoaa kaksi vaihtoehtoa turvalliseen ankkurointiin. Perinteisen Forsheda-joustimen, joka on valmistettu otsoninkest\u00e4v\u00e4st\u00e4 EPDM-kumista ja sopii kaikenlaisille veneille.<br>\n<\/div><\/div>\n<\/section><section class=\"bde-section-231-160 bde-section\">\n  \n  \n\t\n\n\n\n<div class=\"section-container\"><div class=\"bde-image-231-159 bde-image\">\n<figure class=\"breakdance-image breakdance-image--709\">\n\t<div class=\"breakdance-image-container\">\n\t\t<div class=\"breakdance-image-clip\"><img loading=\"lazy\" decoding=\"async\" class=\"breakdance-image-object\" src=\"https:\/\/sigmapolymergroup.com\/wp-content\/uploads\/2024\/06\/Sigma-Marine1.jpg\" width=\"1920\" height=\"640\" srcset=\"https:\/\/sigmapolymergroup.com\/wp-content\/uploads\/2024\/06\/Sigma-Marine1.jpg 1920w, https:\/\/sigmapolymergroup.com\/wp-content\/uploads\/2024\/06\/Sigma-Marine1-300x100.jpg 300w, https:\/\/sigmapolymergroup.com\/wp-content\/uploads\/2024\/06\/Sigma-Marine1-1024x341.jpg 1024w, https:\/\/sigmapolymergroup.com\/wp-content\/uploads\/2024\/06\/Sigma-Marine1-768x256.jpg 768w, https:\/\/sigmapolymergroup.com\/wp-content\/uploads\/2024\/06\/Sigma-Marine1-1536x512.jpg 1536w\" sizes=\"auto, (max-width: 1920px) 100vw, 1920px\"><\/div>\n\t<\/div><\/figure>\n\n<\/div><\/div>\n<\/section><section class=\"bde-section-231-161 bde-section\">\n  \n  \n\t\n\n\n\n<div class=\"section-container\"><div class=\"bde-rich-text-231-162 bde-rich-text breakdance-rich-text-styles\">\n<p><strong>ECO- kiinnitysjoustin:<\/strong> T\u00e4m\u00e4 vastuullisesti suunniteltu kiinnityskompensaattori v\u00e4hent\u00e4\u00e4 tuulen, aaltojen ja aallokon aiheuttamaa rasitusta. Est\u00e4\u00e4 k\u00f6ysien katkeamisen ja kiinnityskolmioiden irtoamisen. Se kest\u00e4\u00e4 elementtej\u00e4, voimakasta auringonvaloa, suolavett\u00e4 ja itsep\u00e4isi\u00e4 kiinnityksi\u00e4. Ei vinkumista, ei kulumista, ei repe\u00e4mi\u00e4!\u00a0 <a href=\"https:\/\/sigmapolymergroup.com\/wp-content\/uploads\/2025\/10\/2025-Mooring-Compensator-Leaflet_251010.pdf\">Tutustu kiinnityskompensaattoreiden esitteeseemme!<\/a><\/p>\n<\/div><div class=\"bde-div-231-164 bde-div\">\n  \n  \n\t\n\n\n\n<div class=\"bde-image-231-163 bde-image\">\n<figure class=\"breakdance-image breakdance-image--1249\">\n\t<div class=\"breakdance-image-container\">\n\t\t<div class=\"breakdance-image-clip\"><img loading=\"lazy\" decoding=\"async\" class=\"breakdance-image-object\" src=\"https:\/\/sigmapolymergroup.com\/wp-content\/uploads\/2025\/10\/Mooring-comp-material-details_251010-e1760083493935.png\" width=\"2400\" height=\"836\" srcset=\"https:\/\/sigmapolymergroup.com\/wp-content\/uploads\/2025\/10\/Mooring-comp-material-details_251010-e1760083493935.png 2400w, https:\/\/sigmapolymergroup.com\/wp-content\/uploads\/2025\/10\/Mooring-comp-material-details_251010-e1760083493935-300x105.png 300w, https:\/\/sigmapolymergroup.com\/wp-content\/uploads\/2025\/10\/Mooring-comp-material-details_251010-e1760083493935-1024x357.png 1024w, https:\/\/sigmapolymergroup.com\/wp-content\/uploads\/2025\/10\/Mooring-comp-material-details_251010-e1760083493935-768x268.png 768w, https:\/\/sigmapolymergroup.com\/wp-content\/uploads\/2025\/10\/Mooring-comp-material-details_251010-e1760083493935-1536x535.png 1536w, https:\/\/sigmapolymergroup.com\/wp-content\/uploads\/2025\/10\/Mooring-comp-material-details_251010-e1760083493935-2048x713.png 2048w, https:\/\/sigmapolymergroup.com\/wp-content\/uploads\/2025\/10\/Mooring-comp-material-details_251010-e1760083493935-18x6.png 18w\" sizes=\"auto, (max-width: 2400px) 100vw, 2400px\"><\/div>\n\t<\/div><\/figure>\n\n<\/div>\n<\/div><div class=\"bde-text-231-185 bde-text\">\nUuden sukupolven kiinnityskompensaattorit on valmistettu EPDM-kumista, joka sis\u00e4lt\u00e4\u00e4 sokeriruo'osta saatavasta etanolista tuotettua eteeni\u00e4. Seoksen koostumus sis\u00e4lt\u00e4\u00e4 lis\u00e4ksi 83%-kierr\u00e4tyshiilimustaa (rCB). Kaiken kaikkiaan seos sis\u00e4lt\u00e4\u00e4 26% kierr\u00e4tetty\u00e4 hiilimustaa (rCB) ja 22% sokeriruo'osta per\u00e4isin olevaa etyleeni\u00e4. Prosenttiosuudet perustuvat sis\u00e4isiin laskelmiin ja toimittajien toimittamiin elinkaarianalyysitietoihin.\n<\/div><div class=\"bde-rich-text-231-187 bde-rich-text breakdance-rich-text-styles\">\n<p><a href=\"https:\/\/sigmapolymergroup.com\/fi\/ota-yhteytta\/\">Ota yhteytt\u00e4<\/a> lis\u00e4tietoja!<\/p>\n<\/div><\/div>\n<\/section><section class=\"bde-section-231-192 bde-section\">\n  \n  \n\t\n\n\n\n<div class=\"section-container\"><div class=\"bde-button-231-193 bde-button\">\n        \n    \n    \n    \n    \n            \n                    \n            \n            \n\n    \n    \n    \n    \n    \n    <a class=\"breakdance-link button-atom button-atom--secondary bde-button__button\" href=\"https:\/\/sigmapolymergroup.com\/fi\/vakiotuotteet\/\" target=\"_self\" data-type=\"url\"  >\n\n    \n        <span class=\"button-atom__text\">Paluu vakiotuotteisiin<\/span>\n\n        \n        \n                <\/a>\n\n    \n\n\n<\/div><\/div>\n<\/section>","protected":false},"excerpt":{"rendered":"<p>Home Standard Products Not what you are looking for? Go to customized solutions At Sigma, we offer a selection of standard products on top of tailor-made solutions. Browse this section to learn more about the different standard offerings we have and don\u2019t hesitate to contact us for more details! Mooring Compensators Powerful forces come into [&hellip;]<\/p>\n","protected":false},"author":2,"featured_media":0,"parent":131,"menu_order":0,"comment_status":"closed","ping_status":"closed","template":"","meta":{"_acf_changed":false,"_breakdance_hide_in_design_set":false,"_breakdance_tags":"","footnotes":""},"class_list":["post-231","page","type-page","status-publish","hentry"],"acf":[],"_links":{"self":[{"href":"https:\/\/sigmapolymergroup.com\/fi\/wp-json\/wp\/v2\/pages\/231","targetHints":{"allow":["GET"]}}],"collection":[{"href":"https:\/\/sigmapolymergroup.com\/fi\/wp-json\/wp\/v2\/pages"}],"about":[{"href":"https:\/\/sigmapolymergroup.com\/fi\/wp-json\/wp\/v2\/types\/page"}],"author":[{"embeddable":true,"href":"https:\/\/sigmapolymergroup.com\/fi\/wp-json\/wp\/v2\/users\/2"}],"replies":[{"embeddable":true,"href":"https:\/\/sigmapolymergroup.com\/fi\/wp-json\/wp\/v2\/comments?post=231"}],"version-history":[{"count":29,"href":"https:\/\/sigmapolymergroup.com\/fi\/wp-json\/wp\/v2\/pages\/231\/revisions"}],"predecessor-version":[{"id":1251,"href":"https:\/\/sigmapolymergroup.com\/fi\/wp-json\/wp\/v2\/pages\/231\/revisions\/1251"}],"up":[{"embeddable":true,"href":"https:\/\/sigmapolymergroup.com\/fi\/wp-json\/wp\/v2\/pages\/131"}],"wp:attachment":[{"href":"https:\/\/sigmapolymergroup.com\/fi\/wp-json\/wp\/v2\/media?parent=231"}],"curies":[{"name":"wp","href":"https:\/\/api.w.org\/{rel}","templated":true}]}}