{"id":676,"date":"2024-06-25T07:57:49","date_gmt":"2024-06-25T05:57:49","guid":{"rendered":"https:\/\/sigmapolymergroup.com\/?page_id=676"},"modified":"2024-08-08T09:46:40","modified_gmt":"2024-08-08T07:46:40","slug":"kupsiste-poliitika","status":"publish","type":"page","link":"https:\/\/sigmapolymergroup.com\/et\/cookie-policy\/","title":{"rendered":"K\u00fcpsiste poliitika"},"content":{"rendered":"<section class=\"bde-section-676-100 bde-section\">\n  \n  \n\t\n\n\n\n<div class=\"section-container\"><div class=\"bde-breadcrumbs-676-102 bde-breadcrumbs bde-preset-f939864a-5cea-4aea-b69b-9c6af527dac6\"><nav aria-label=\"leivapuru\" class=\"rank-math-breadcrumb\"><p><span class=\"last\">Kodu<\/span><\/p><\/nav><\/div><div class=\"bde-rich-text-676-101 bde-rich-text breakdance-rich-text-styles\">\n<h2 class=\"cookie-policy-h1\"><strong>K\u00fcpsiste poliitika<\/strong><\/h2>\nJ\u00f5ustumiskuup\u00e4ev: 09-Dets-2021\nViimati uuendatud: 09-Dets-2021\n\n&nbsp;\n<h5>Mis on k\u00fcpsised?<\/h5>\n<div class=\"cookie-policy-p\">\n\nK\u00e4esolev k\u00fcpsiste poliitika selgitab, mis on k\u00fcpsised ja kuidas me neid kasutame, milliseid k\u00fcpsiseid me kasutame, st millist teavet me k\u00fcpsiste abil kogume ja kuidas seda teavet kasutatakse, ning kuidas hallata k\u00fcpsiste seadistusi.\n\nK\u00fcpsised on v\u00e4ikesed tekstifailid, mida kasutatakse v\u00e4ikese teabe salvestamiseks. Need salvestatakse teie seadmesse, kui veebileht on teie brauserisse laaditud. Need k\u00fcpsised aitavad meil muuta veebisaidi korralikult toimivaks, turvalisemaks, pakkuda paremat kasutajakogemust ja m\u00f5ista, kuidas veebisait toimib, ning anal\u00fc\u00fcsida, mis toimib ja kus on vaja parandusi.\n\n<\/div>\n&nbsp;\n<h5>Kuidas me kasutame k\u00fcpsiseid?<\/h5>\n<div class=\"cookie-policy-p\">\n\nNagu enamik v\u00f5rguteenuseid, kasutab ka meie veebisait mitmel eesm\u00e4rgil esimese ja kolmanda osapoole k\u00fcpsiseid. Esimese osapoole k\u00fcpsised on enamasti vajalikud veebisaidi \u00f5igeks toimimiseks ja need ei kogu teie isikuandmeid.\n\nMeie veebisaidil kasutatavad kolmanda osapoole k\u00fcpsised on peamiselt selleks, et m\u00f5ista, kuidas veebisait toimib, kuidas te meie veebisaidiga suhtlete, hoida meie teenuseid turvaliselt, pakkuda teile asjakohaseid reklaame ning kokkuv\u00f5ttes pakkuda teile paremat ja paremat kasutajakogemust ja aidata kiirendada teie edasist suhtlemist meie veebisaidiga.\n\n<\/div>\n&nbsp;\n<h5>Kasutatavad k\u00fcpsiste t\u00fc\u00fcbid<\/h5>\n<div class=\"cky-audit-table-element\"><\/div>\n&nbsp;\n<h5 style=\"margin-bottom: 20px;\">K\u00fcpsiste eelistuste haldamine<\/h5>\n<a class=\"cky-banner-element\">K\u00fcpsise seaded<\/a>\n<div>\n\nSaate oma k\u00fcpsiste eelistusi igal ajal muuta, kl\u00f5psates \u00fclaltoodud nupule. See v\u00f5imaldab teil k\u00fcpsiste n\u00f5usoleku b\u00e4nneri uuesti k\u00fclastada ja oma eelistusi muuta v\u00f5i oma n\u00f5usoleku kohe tagasi v\u00f5tta.\n\nLisaks sellele pakuvad erinevad brauserid erinevaid meetodeid veebisaitide poolt kasutatavate k\u00fcpsiste blokeerimiseks ja kustutamiseks. Saate muuta oma brauseri seadeid k\u00fcpsiste blokeerimiseks\/kustutamiseks. Allpool on loetletud lingid tugidokumentidele, kuidas hallata ja kustutada k\u00fcpsiste kasutamist peamistes veebilehitsejates.\n\nChrome: <a href=\"https:\/\/support.google.com\/accounts\/answer\/32050\" target=\"_blank\" rel=\"noopener\">https:\/\/support.google.com\/accounts\/answer\/32050<\/a>\n\nSafari: <a href=\"https:\/\/support.apple.com\/en-in\/guide\/safari\/sfri11471\/mac\" target=\"_blank\" rel=\"noopener\">https:\/\/support.apple.com\/en-in\/guide\/safari\/sfri11471\/mac<\/a>\n\nFirefox: <a href=\"https:\/\/support.mozilla.org\/en-US\/kb\/clear-cookies-and-site-data-firefox?redirectslug=delete-cookies-remove-info-websites-stored&amp;redirectlocale=en-US\" target=\"_blank\" rel=\"noopener\">https:\/\/support.mozilla.org\/en-US\/kb\/clear-cookies-and-site-data-firefox?redirectslug=delete-cookies-remove-info-websites-stored&amp;redirectlocale=en-US<\/a>\n\nInternet Explorer: <a href=\"https:\/\/support.microsoft.com\/en-us\/topic\/how-to-delete-cookie-files-in-internet-explorer-bca9446f-d873-78de-77ba-d42645fa52fc\" target=\"_blank\" rel=\"noopener\">https:\/\/support.microsoft.com\/en-us\/topic\/how-to-delete-cookie-files-in-internet-explorer-bca9446f-d873-78de-77ba-d42645fa52fc<\/a>\n\nKui kasutate m\u00f5nda muud veebilehitsejat, vaadake palun oma veebilehitseja ametlikke tugidokumente.\n\n<\/div>\n&nbsp;\n<p class=\"cookie-policy-p\">K\u00fcpsiste poliitika, mille on koostanud <a target=\"_blank\" href=\"https:\/\/www.cookieyes.com\/?utm_source=CP&amp;utm_medium=footer&amp;utm_campaign=UW\" rel=\"noopener\">CookieYes - k\u00fcpsiste poliitika generaator<\/a>.<\/p>\n<\/div><\/div>\n<\/section>","protected":false},"excerpt":{"rendered":"<p>Home Cookie Policy Effective Date: 09-Dec-2021 Last Updated: 09-Dec-2021 &nbsp; What are cookies? This Cookie Policy explains what cookies are and how we use them, the types of cookies we use i.e, the information we collect using cookies and how that information is used, and how to manage the cookie settings. Cookies are small text [&hellip;]<\/p>\n","protected":false},"author":2,"featured_media":0,"parent":0,"menu_order":0,"comment_status":"closed","ping_status":"closed","template":"","meta":{"_acf_changed":false,"_breakdance_hide_in_design_set":false,"_breakdance_tags":"","footnotes":""},"class_list":["post-676","page","type-page","status-publish","hentry"],"acf":[],"_links":{"self":[{"href":"https:\/\/sigmapolymergroup.com\/et\/wp-json\/wp\/v2\/pages\/676","targetHints":{"allow":["GET"]}}],"collection":[{"href":"https:\/\/sigmapolymergroup.com\/et\/wp-json\/wp\/v2\/pages"}],"about":[{"href":"https:\/\/sigmapolymergroup.com\/et\/wp-json\/wp\/v2\/types\/page"}],"author":[{"embeddable":true,"href":"https:\/\/sigmapolymergroup.com\/et\/wp-json\/wp\/v2\/users\/2"}],"replies":[{"embeddable":true,"href":"https:\/\/sigmapolymergroup.com\/et\/wp-json\/wp\/v2\/comments?post=676"}],"version-history":[{"count":3,"href":"https:\/\/sigmapolymergroup.com\/et\/wp-json\/wp\/v2\/pages\/676\/revisions"}],"predecessor-version":[{"id":815,"href":"https:\/\/sigmapolymergroup.com\/et\/wp-json\/wp\/v2\/pages\/676\/revisions\/815"}],"wp:attachment":[{"href":"https:\/\/sigmapolymergroup.com\/et\/wp-json\/wp\/v2\/media?parent=676"}],"curies":[{"name":"wp","href":"https:\/\/api.w.org\/{rel}","templated":true}]}}