{"id":235,"date":"2024-04-12T09:44:25","date_gmt":"2024-04-12T07:44:25","guid":{"rendered":"https:\/\/sigmapolymergroup.com\/?page_id=235"},"modified":"2026-02-18T15:39:57","modified_gmt":"2026-02-18T14:39:57","slug":"poliitika","status":"publish","type":"page","link":"https:\/\/sigmapolymergroup.com\/et\/about-us\/policies\/","title":{"rendered":"Poliitikad"},"content":{"rendered":"<section class=\"bde-section-235-100 bde-section\">\n  \n  \n\t\n\n\n\n<div class=\"section-container\"><div class=\"bde-basicslider-235-101 bde-basicslider\">\n<div class=\"breakdance-swiper-wrapper\" data-swiper-id=\"101\">\n    <div class=\"swiper\">\n      <div class=\"swiper-wrapper\">\n      \n\t                    \n        <div class=\"swiper-slide\">\n          <div class=\"bde-basicslider__slide\">\n              <div class=\"bde-basicslider__content\">\n                                                <\/div>\n\n\t\t\t\t\t\t          <img loading=\"lazy\" decoding=\"async\" class=\"breakdance-image-object bde-basicslider__image\" src=\"https:\/\/sigmapolymergroup.com\/wp-content\/uploads\/2024\/06\/sigma-polymer-group-header-1.jpg\" width=\"800\" height=\"600\" srcset=\"https:\/\/sigmapolymergroup.com\/wp-content\/uploads\/2024\/06\/sigma-polymer-group-header-1.jpg 800w, https:\/\/sigmapolymergroup.com\/wp-content\/uploads\/2024\/06\/sigma-polymer-group-header-1-300x225.jpg 300w, https:\/\/sigmapolymergroup.com\/wp-content\/uploads\/2024\/06\/sigma-polymer-group-header-1-768x576.jpg 768w\" sizes=\"auto, (max-width: 800px) 100vw, 800px\">\n\t\t\t\n          <\/div>\n        <\/div>\n       \n\t                    \n        <div class=\"swiper-slide\">\n          <div class=\"bde-basicslider__slide\">\n              <div class=\"bde-basicslider__content\">\n                                                <\/div>\n\n\t\t\t\t\t\t          <img loading=\"lazy\" decoding=\"async\" class=\"breakdance-image-object bde-basicslider__image\" src=\"https:\/\/sigmapolymergroup.com\/wp-content\/uploads\/2024\/06\/sigma-polymer-group-header-2.jpg\" width=\"800\" height=\"600\" srcset=\"https:\/\/sigmapolymergroup.com\/wp-content\/uploads\/2024\/06\/sigma-polymer-group-header-2.jpg 800w, https:\/\/sigmapolymergroup.com\/wp-content\/uploads\/2024\/06\/sigma-polymer-group-header-2-300x225.jpg 300w, https:\/\/sigmapolymergroup.com\/wp-content\/uploads\/2024\/06\/sigma-polymer-group-header-2-768x576.jpg 768w\" sizes=\"auto, (max-width: 800px) 100vw, 800px\">\n\t\t\t\n          <\/div>\n        <\/div>\n       \n\t                    \n        <div class=\"swiper-slide\">\n          <div class=\"bde-basicslider__slide\">\n              <div class=\"bde-basicslider__content\">\n                                                <\/div>\n\n\t\t\t\t\t\t          <img loading=\"lazy\" decoding=\"async\" class=\"breakdance-image-object bde-basicslider__image\" src=\"https:\/\/sigmapolymergroup.com\/wp-content\/uploads\/2024\/06\/sigma-polymer-group-header-3.jpg\" width=\"1024\" height=\"768\" srcset=\"https:\/\/sigmapolymergroup.com\/wp-content\/uploads\/2024\/06\/sigma-polymer-group-header-3.jpg 1024w, https:\/\/sigmapolymergroup.com\/wp-content\/uploads\/2024\/06\/sigma-polymer-group-header-3-300x225.jpg 300w, https:\/\/sigmapolymergroup.com\/wp-content\/uploads\/2024\/06\/sigma-polymer-group-header-3-768x576.jpg 768w\" sizes=\"auto, (max-width: 1024px) 100vw, 1024px\">\n\t\t\t\n          <\/div>\n        <\/div>\n       \n\t                    \n        <div class=\"swiper-slide\">\n          <div class=\"bde-basicslider__slide\">\n              <div class=\"bde-basicslider__content\">\n                                                <\/div>\n\n\t\t\t\t\t\t          <img loading=\"lazy\" decoding=\"async\" class=\"breakdance-image-object bde-basicslider__image\" src=\"https:\/\/sigmapolymergroup.com\/wp-content\/uploads\/2024\/06\/sigma-polymer-group-header-4.jpg\" width=\"800\" height=\"600\" srcset=\"https:\/\/sigmapolymergroup.com\/wp-content\/uploads\/2024\/06\/sigma-polymer-group-header-4.jpg 800w, https:\/\/sigmapolymergroup.com\/wp-content\/uploads\/2024\/06\/sigma-polymer-group-header-4-300x225.jpg 300w, https:\/\/sigmapolymergroup.com\/wp-content\/uploads\/2024\/06\/sigma-polymer-group-header-4-768x576.jpg 768w\" sizes=\"auto, (max-width: 800px) 100vw, 800px\">\n\t\t\t\n          <\/div>\n        <\/div>\n       \n      <\/div>\n    <\/div>\n                <div class=\"swiper-button-prev\">\n            \n        <\/div>\n        <div class=\"swiper-button-next\">\n            \n        <\/div>\n    \n            <div class=\"swiper-pagination\"><\/div>\n    \n<\/div>\n\n<\/div><div class=\"bde-columns-235-102 bde-columns\"><div class=\"bde-column-235-103 bde-column\">\n  \n  \n\t\n\n\n\n\n<\/div><div class=\"bde-column-235-104 bde-column\">\n  \n  \n\t\n\n\n\n<div class=\"bde-columns-235-105 bde-columns\"><div class=\"bde-column-235-106 bde-column\">\n  \n  \n\t\n\n\n\n<div class=\"bde-image-235-107 bde-image\">\n<figure class=\"breakdance-image breakdance-image--612\">\n\t<div class=\"breakdance-image-container\">\n\t\t<div class=\"breakdance-image-clip\"><img loading=\"lazy\" decoding=\"async\" class=\"breakdance-image-object\" src=\"https:\/\/sigmapolymergroup.com\/wp-content\/uploads\/2024\/06\/sigma-polymer-group-header-1.jpg\" width=\"800\" height=\"600\" srcset=\"https:\/\/sigmapolymergroup.com\/wp-content\/uploads\/2024\/06\/sigma-polymer-group-header-1.jpg 800w, https:\/\/sigmapolymergroup.com\/wp-content\/uploads\/2024\/06\/sigma-polymer-group-header-1-300x225.jpg 300w, https:\/\/sigmapolymergroup.com\/wp-content\/uploads\/2024\/06\/sigma-polymer-group-header-1-768x576.jpg 768w\" sizes=\"auto, (max-width: 800px) 100vw, 800px\"><\/div>\n\t<\/div><\/figure>\n\n<\/div>\n<\/div><div class=\"bde-column-235-108 bde-column\">\n  \n  \n\t\n\n\n\n<div class=\"bde-image-235-109 bde-image\">\n<figure class=\"breakdance-image breakdance-image--611\">\n\t<div class=\"breakdance-image-container\">\n\t\t<div class=\"breakdance-image-clip\"><img loading=\"lazy\" decoding=\"async\" class=\"breakdance-image-object\" src=\"https:\/\/sigmapolymergroup.com\/wp-content\/uploads\/2024\/06\/sigma-polymer-group-header-2.jpg\" width=\"800\" height=\"600\" srcset=\"https:\/\/sigmapolymergroup.com\/wp-content\/uploads\/2024\/06\/sigma-polymer-group-header-2.jpg 800w, https:\/\/sigmapolymergroup.com\/wp-content\/uploads\/2024\/06\/sigma-polymer-group-header-2-300x225.jpg 300w, https:\/\/sigmapolymergroup.com\/wp-content\/uploads\/2024\/06\/sigma-polymer-group-header-2-768x576.jpg 768w\" sizes=\"auto, (max-width: 800px) 100vw, 800px\"><\/div>\n\t<\/div><\/figure>\n\n<\/div>\n<\/div><div class=\"bde-column-235-110 bde-column\">\n  \n  \n\t\n\n\n\n<div class=\"bde-image-235-111 bde-image\">\n<figure class=\"breakdance-image breakdance-image--610\">\n\t<div class=\"breakdance-image-container\">\n\t\t<div class=\"breakdance-image-clip\"><img loading=\"lazy\" decoding=\"async\" class=\"breakdance-image-object\" src=\"https:\/\/sigmapolymergroup.com\/wp-content\/uploads\/2024\/06\/sigma-polymer-group-header-3.jpg\" width=\"1024\" height=\"768\" srcset=\"https:\/\/sigmapolymergroup.com\/wp-content\/uploads\/2024\/06\/sigma-polymer-group-header-3.jpg 1024w, https:\/\/sigmapolymergroup.com\/wp-content\/uploads\/2024\/06\/sigma-polymer-group-header-3-300x225.jpg 300w, https:\/\/sigmapolymergroup.com\/wp-content\/uploads\/2024\/06\/sigma-polymer-group-header-3-768x576.jpg 768w\" sizes=\"auto, (max-width: 1024px) 100vw, 1024px\"><\/div>\n\t<\/div><\/figure>\n\n<\/div>\n<\/div><div class=\"bde-column-235-147 bde-column\">\n  \n  \n\t\n\n\n\n<div class=\"bde-image-235-148 bde-image\">\n<figure class=\"breakdance-image breakdance-image--609\">\n\t<div class=\"breakdance-image-container\">\n\t\t<div class=\"breakdance-image-clip\"><img loading=\"lazy\" decoding=\"async\" class=\"breakdance-image-object\" src=\"https:\/\/sigmapolymergroup.com\/wp-content\/uploads\/2024\/06\/sigma-polymer-group-header-4.jpg\" width=\"800\" height=\"600\" srcset=\"https:\/\/sigmapolymergroup.com\/wp-content\/uploads\/2024\/06\/sigma-polymer-group-header-4.jpg 800w, https:\/\/sigmapolymergroup.com\/wp-content\/uploads\/2024\/06\/sigma-polymer-group-header-4-300x225.jpg 300w, https:\/\/sigmapolymergroup.com\/wp-content\/uploads\/2024\/06\/sigma-polymer-group-header-4-768x576.jpg 768w\" sizes=\"auto, (max-width: 800px) 100vw, 800px\"><\/div>\n\t<\/div><\/figure>\n\n<\/div>\n<\/div><\/div><div class=\"bde-columns-235-112 bde-columns\"><div class=\"bde-column-235-113 bde-column\">\n  \n  \n\t\n\n\n\n<div class=\"bde-breadcrumbs-235-149 bde-breadcrumbs bde-preset-f939864a-5cea-4aea-b69b-9c6af527dac6\"><nav aria-label=\"leivapuru\" class=\"rank-math-breadcrumb\"><p><span class=\"last\">Kodu<\/span><\/p><\/nav><\/div><h1 class=\"bde-heading-235-145 bde-heading\">\nMeie poliitika\n<\/h1><div class=\"bde-globalblock-235-146 bde-globalblock\"><\/div>\n<\/div><div class=\"bde-column-235-116 bde-column\">\n  \n  \n\t\n\n\n\n\n<\/div><\/div>\n<\/div><\/div><\/div>\n<\/section><section class=\"bde-section-235-143 bde-section\">\n  \n  \n\t\n\n\n\n<div class=\"section-container\"><div class=\"bde-div-235-144 bde-div\">\n  \n  \n\t\n\n\n\n<div class=\"bde-rich-text-235-118 bde-rich-text breakdance-rich-text-styles\">\n<p>Meie visioon ja v\u00e4\u00e4rtused on aluseks meie organisatsiooni edule ning aitavad meil teha igap\u00e4evaseid otsuseid, jaotada ressursse ja keskenduda meie eesm\u00e4rkidele. Ni\u0161irakendustega tegeleva ettev\u00f5ttena loome ja s\u00e4ilitame oma klientidega pikaajalisi koost\u00f6\u00f6suhteid. L\u00e4htudes ettev\u00f5tte p\u00f5him\u00f5tetest oleme p\u00fchendunud oma \u00e4ritegevuses \u00f5iguslikule, eetilisele, sotsiaalsele ja keskkonnaalaselt vastutustundlikule tegevusele.<\/p>\n<\/div><div class=\"bde-div-235-122 bde-div\">\n  \n  \n\t\n\n\n\n<div class=\"bde-text-235-120 bde-text\">\nLugege meie tegevusjuhendit, et tutvuda Sigma eetiliste p\u00f5him\u00f5tetega:\n<\/div><a class=\"bde-text-link-235-121 bde-text-link breakdance-link\" href=\"https:\/\/sigmapolymergroup.com\/wp-content\/uploads\/2026\/02\/Code-of-Conduct_EN_2026_V1.1.pdf\" target=\"_blank\" data-type=\"url\">\n  Tegevusjuhend\n\n<\/a>\n<\/div><div class=\"bde-div-235-123 bde-div\">\n  \n  \n\t\n\n\n\n<div class=\"bde-text-235-124 bde-text\">\nSigma ootab oma tarnijatelt k\u00e4itumiskoodeksi j\u00e4rgimist, tagamaks ettev\u00f5tte p\u00f5him\u00f5tetega vastuolus oleva k\u00e4itumise ennetamist ja minimeerimist.\n<\/div>\n<\/div><div class=\"bde-div-235-126 bde-div\">\n  \n  \n\t\n\n\n\n<div class=\"bde-text-235-127 bde-text\">\nLugege meie tarnijate k\u00e4itumisjuhendit, et tutvuda meie tarnijate p\u00f5him\u00f5tetega:\n<\/div><a class=\"bde-text-link-235-128 bde-text-link breakdance-link\" href=\"https:\/\/sigmapolymergroup.com\/wp-content\/uploads\/2026\/02\/Supplier-Code-of-Conducts_ENG_V1.1.pdf\" target=\"_self\" data-type=\"url\">\n  Tarnija tegevusjuhend\n\n<\/a>\n<\/div><div class=\"bde-div-235-130 bde-div\">\n  \n  \n\t\n\n\n\n<div class=\"bde-text-235-131 bde-text\">\nKlientide ja t\u00f6\u00f6tajate ootuste t\u00e4itmine on meie jaoks oluline. Peame avatud dialooge oma klientidega, tarnijatega ja t\u00f6\u00f6tajatega, et olla pidevas arengus.\n<\/div>\n<\/div><div class=\"bde-div-235-132 bde-div\">\n  \n  \n\t\n\n\n\n<div class=\"bde-text-235-133 bde-text\">\nLisateavet meie rootsikeelse \u00e4ripoliitika kohta leiate siit:\n<\/div><a class=\"bde-text-link-235-134 bde-text-link breakdance-link\" href=\"https:\/\/sigmapolymergroup.com\/wp-content\/uploads\/2025\/06\/Verksamhetspolicy-250528.pdf\" target=\"_self\" data-type=\"url\">\n  Verksamhetspolicy\n\n<\/a>\n<\/div><div class=\"bde-div-235-135 bde-div\">\n  \n  \n\t\n\n\n\n<div class=\"bde-text-235-136 bde-text\">\nMeile on oluline t\u00f6\u00f6tajate heaolu nii t\u00f6\u00f6kohal kui ka v\u00e4ljaspool ettev\u00f5tet. Seep\u00e4rast oleme loonud rikkumisest teatamise s\u00fcsteemi, mis v\u00f5imaldab iga\u00fchel anon\u00fc\u00fcmselt teatada muredest selleks etten\u00e4htud portaali kaudu.\n<\/div><div class=\"bde-div-235-137 bde-div\">\n  \n  \n\t\n\n\n\n<div class=\"bde-text-235-138 bde-text\">\nLugege meie rikkumisest teatamise poliitikat:\n<\/div><a class=\"bde-text-link-235-139 bde-text-link breakdance-link\" href=\"https:\/\/sigmapolymergroup.com\/wp-content\/uploads\/2024\/05\/Whistleblower-policy-Sigma_Eng.pdf\" target=\"_blank\" data-type=\"url\">\n  Teavitajate poliitika\n\n<\/a>\n<\/div><div class=\"bde-div-235-140 bde-div\">\n  \n  \n\t\n\n\n\n<div class=\"bde-text-235-141 bde-text\">\nRikkumisest teatamise portaal:\n<\/div><a class=\"bde-text-link-235-142 bde-text-link breakdance-link\" href=\"https:\/\/whistle-cc3cb.web.app\/sigmapolymergroup\" target=\"_blank\" data-type=\"url\" rel=\"noopener\">\n  Teavitajate portaal\n\n<\/a>\n<\/div>\n<\/div>\n<\/div><\/div>\n<\/section>","protected":false},"excerpt":{"rendered":"<p>Home Our Policies Our vision and values drive the success and spirit of our organization and help us to make daily decisions, allocate resources and focus on our targets. As a market leader in the development and production of customized polymer based solutions for niche applications, the foundation of our business is built on the [&hellip;]<\/p>\n","protected":false},"author":2,"featured_media":0,"parent":133,"menu_order":0,"comment_status":"closed","ping_status":"closed","template":"","meta":{"_acf_changed":false,"_breakdance_hide_in_design_set":false,"_breakdance_tags":"","footnotes":""},"class_list":["post-235","page","type-page","status-publish","hentry"],"acf":[],"_links":{"self":[{"href":"https:\/\/sigmapolymergroup.com\/et\/wp-json\/wp\/v2\/pages\/235","targetHints":{"allow":["GET"]}}],"collection":[{"href":"https:\/\/sigmapolymergroup.com\/et\/wp-json\/wp\/v2\/pages"}],"about":[{"href":"https:\/\/sigmapolymergroup.com\/et\/wp-json\/wp\/v2\/types\/page"}],"author":[{"embeddable":true,"href":"https:\/\/sigmapolymergroup.com\/et\/wp-json\/wp\/v2\/users\/2"}],"replies":[{"embeddable":true,"href":"https:\/\/sigmapolymergroup.com\/et\/wp-json\/wp\/v2\/comments?post=235"}],"version-history":[{"count":18,"href":"https:\/\/sigmapolymergroup.com\/et\/wp-json\/wp\/v2\/pages\/235\/revisions"}],"predecessor-version":[{"id":1283,"href":"https:\/\/sigmapolymergroup.com\/et\/wp-json\/wp\/v2\/pages\/235\/revisions\/1283"}],"up":[{"embeddable":true,"href":"https:\/\/sigmapolymergroup.com\/et\/wp-json\/wp\/v2\/pages\/133"}],"wp:attachment":[{"href":"https:\/\/sigmapolymergroup.com\/et\/wp-json\/wp\/v2\/media?parent=235"}],"curies":[{"name":"wp","href":"https:\/\/api.w.org\/{rel}","templated":true}]}}