{"id":233,"date":"2024-04-12T09:43:39","date_gmt":"2024-04-12T07:43:39","guid":{"rendered":"https:\/\/sigmapolymergroup.com\/?page_id=233"},"modified":"2024-09-24T14:34:05","modified_gmt":"2024-09-24T12:34:05","slug":"vaakumrongad","status":"publish","type":"page","link":"https:\/\/sigmapolymergroup.com\/et\/standard-products\/vacuum-rings\/","title":{"rendered":"Vaakumr\u00f5ngad"},"content":{"rendered":"<section class=\"bde-section-233-100 bde-section\">\n  \n  \n\t\n\n\n\n<div class=\"section-container\"><div class=\"bde-basicslider-233-101 bde-basicslider\">\n<div class=\"breakdance-swiper-wrapper\" data-swiper-id=\"101\">\n    <div class=\"swiper\">\n      <div class=\"swiper-wrapper\">\n      \n\t                    \n        <div class=\"swiper-slide\">\n          <div class=\"bde-basicslider__slide\">\n              <div class=\"bde-basicslider__content\">\n                                                <\/div>\n\n\t\t\t\t\t\t          <img loading=\"lazy\" decoding=\"async\" class=\"breakdance-image-object bde-basicslider__image\" src=\"https:\/\/sigmapolymergroup.com\/wp-content\/uploads\/2024\/06\/sigma-polymer-group-header-1.jpg\" width=\"800\" height=\"600\" srcset=\"https:\/\/sigmapolymergroup.com\/wp-content\/uploads\/2024\/06\/sigma-polymer-group-header-1.jpg 800w, https:\/\/sigmapolymergroup.com\/wp-content\/uploads\/2024\/06\/sigma-polymer-group-header-1-300x225.jpg 300w, https:\/\/sigmapolymergroup.com\/wp-content\/uploads\/2024\/06\/sigma-polymer-group-header-1-768x576.jpg 768w\" sizes=\"auto, (max-width: 800px) 100vw, 800px\">\n\t\t\t\n          <\/div>\n        <\/div>\n       \n\t                    \n        <div class=\"swiper-slide\">\n          <div class=\"bde-basicslider__slide\">\n              <div class=\"bde-basicslider__content\">\n                                                <\/div>\n\n\t\t\t\t\t\t          <img loading=\"lazy\" decoding=\"async\" class=\"breakdance-image-object bde-basicslider__image\" src=\"https:\/\/sigmapolymergroup.com\/wp-content\/uploads\/2024\/06\/sigma-polymer-group-header-2.jpg\" width=\"800\" height=\"600\" srcset=\"https:\/\/sigmapolymergroup.com\/wp-content\/uploads\/2024\/06\/sigma-polymer-group-header-2.jpg 800w, https:\/\/sigmapolymergroup.com\/wp-content\/uploads\/2024\/06\/sigma-polymer-group-header-2-300x225.jpg 300w, https:\/\/sigmapolymergroup.com\/wp-content\/uploads\/2024\/06\/sigma-polymer-group-header-2-768x576.jpg 768w\" sizes=\"auto, (max-width: 800px) 100vw, 800px\">\n\t\t\t\n          <\/div>\n        <\/div>\n       \n\t                    \n        <div class=\"swiper-slide\">\n          <div class=\"bde-basicslider__slide\">\n              <div class=\"bde-basicslider__content\">\n                                                <\/div>\n\n\t\t\t\t\t\t          <img loading=\"lazy\" decoding=\"async\" class=\"breakdance-image-object bde-basicslider__image\" src=\"https:\/\/sigmapolymergroup.com\/wp-content\/uploads\/2024\/06\/sigma-polymer-group-header-3.jpg\" width=\"1024\" height=\"768\" srcset=\"https:\/\/sigmapolymergroup.com\/wp-content\/uploads\/2024\/06\/sigma-polymer-group-header-3.jpg 1024w, https:\/\/sigmapolymergroup.com\/wp-content\/uploads\/2024\/06\/sigma-polymer-group-header-3-300x225.jpg 300w, https:\/\/sigmapolymergroup.com\/wp-content\/uploads\/2024\/06\/sigma-polymer-group-header-3-768x576.jpg 768w\" sizes=\"auto, (max-width: 1024px) 100vw, 1024px\">\n\t\t\t\n          <\/div>\n        <\/div>\n       \n\t                    \n        <div class=\"swiper-slide\">\n          <div class=\"bde-basicslider__slide\">\n              <div class=\"bde-basicslider__content\">\n                                                <\/div>\n\n\t\t\t\t\t\t          <img loading=\"lazy\" decoding=\"async\" class=\"breakdance-image-object bde-basicslider__image\" src=\"https:\/\/sigmapolymergroup.com\/wp-content\/uploads\/2024\/06\/sigma-polymer-group-header-4.jpg\" width=\"800\" height=\"600\" srcset=\"https:\/\/sigmapolymergroup.com\/wp-content\/uploads\/2024\/06\/sigma-polymer-group-header-4.jpg 800w, https:\/\/sigmapolymergroup.com\/wp-content\/uploads\/2024\/06\/sigma-polymer-group-header-4-300x225.jpg 300w, https:\/\/sigmapolymergroup.com\/wp-content\/uploads\/2024\/06\/sigma-polymer-group-header-4-768x576.jpg 768w\" sizes=\"auto, (max-width: 800px) 100vw, 800px\">\n\t\t\t\n          <\/div>\n        <\/div>\n       \n      <\/div>\n    <\/div>\n                <div class=\"swiper-button-prev\">\n            \n        <\/div>\n        <div class=\"swiper-button-next\">\n            \n        <\/div>\n    \n            <div class=\"swiper-pagination\"><\/div>\n    \n<\/div>\n\n<\/div><div class=\"bde-columns-233-102 bde-columns\"><div class=\"bde-column-233-103 bde-column\">\n  \n  \n\t\n\n\n\n\n<\/div><div class=\"bde-column-233-104 bde-column\">\n  \n  \n\t\n\n\n\n<div class=\"bde-columns-233-105 bde-columns\"><div class=\"bde-column-233-106 bde-column\">\n  \n  \n\t\n\n\n\n<div class=\"bde-image-233-107 bde-image\">\n<figure class=\"breakdance-image breakdance-image--612\">\n\t<div class=\"breakdance-image-container\">\n\t\t<div class=\"breakdance-image-clip\"><img loading=\"lazy\" decoding=\"async\" class=\"breakdance-image-object\" src=\"https:\/\/sigmapolymergroup.com\/wp-content\/uploads\/2024\/06\/sigma-polymer-group-header-1.jpg\" width=\"800\" height=\"600\" srcset=\"https:\/\/sigmapolymergroup.com\/wp-content\/uploads\/2024\/06\/sigma-polymer-group-header-1.jpg 800w, https:\/\/sigmapolymergroup.com\/wp-content\/uploads\/2024\/06\/sigma-polymer-group-header-1-300x225.jpg 300w, https:\/\/sigmapolymergroup.com\/wp-content\/uploads\/2024\/06\/sigma-polymer-group-header-1-768x576.jpg 768w\" sizes=\"auto, (max-width: 800px) 100vw, 800px\"><\/div>\n\t<\/div><\/figure>\n\n<\/div>\n<\/div><div class=\"bde-column-233-108 bde-column\">\n  \n  \n\t\n\n\n\n<div class=\"bde-image-233-109 bde-image\">\n<figure class=\"breakdance-image breakdance-image--611\">\n\t<div class=\"breakdance-image-container\">\n\t\t<div class=\"breakdance-image-clip\"><img loading=\"lazy\" decoding=\"async\" class=\"breakdance-image-object\" src=\"https:\/\/sigmapolymergroup.com\/wp-content\/uploads\/2024\/06\/sigma-polymer-group-header-2.jpg\" width=\"800\" height=\"600\" srcset=\"https:\/\/sigmapolymergroup.com\/wp-content\/uploads\/2024\/06\/sigma-polymer-group-header-2.jpg 800w, https:\/\/sigmapolymergroup.com\/wp-content\/uploads\/2024\/06\/sigma-polymer-group-header-2-300x225.jpg 300w, https:\/\/sigmapolymergroup.com\/wp-content\/uploads\/2024\/06\/sigma-polymer-group-header-2-768x576.jpg 768w\" sizes=\"auto, (max-width: 800px) 100vw, 800px\"><\/div>\n\t<\/div><\/figure>\n\n<\/div>\n<\/div><div class=\"bde-column-233-110 bde-column\">\n  \n  \n\t\n\n\n\n<div class=\"bde-image-233-111 bde-image\">\n<figure class=\"breakdance-image breakdance-image--610\">\n\t<div class=\"breakdance-image-container\">\n\t\t<div class=\"breakdance-image-clip\"><img loading=\"lazy\" decoding=\"async\" class=\"breakdance-image-object\" src=\"https:\/\/sigmapolymergroup.com\/wp-content\/uploads\/2024\/06\/sigma-polymer-group-header-3.jpg\" width=\"1024\" height=\"768\" srcset=\"https:\/\/sigmapolymergroup.com\/wp-content\/uploads\/2024\/06\/sigma-polymer-group-header-3.jpg 1024w, https:\/\/sigmapolymergroup.com\/wp-content\/uploads\/2024\/06\/sigma-polymer-group-header-3-300x225.jpg 300w, https:\/\/sigmapolymergroup.com\/wp-content\/uploads\/2024\/06\/sigma-polymer-group-header-3-768x576.jpg 768w\" sizes=\"auto, (max-width: 1024px) 100vw, 1024px\"><\/div>\n\t<\/div><\/figure>\n\n<\/div>\n<\/div><div class=\"bde-column-233-158 bde-column\">\n  \n  \n\t\n\n\n\n<div class=\"bde-image-233-159 bde-image\">\n<figure class=\"breakdance-image breakdance-image--609\">\n\t<div class=\"breakdance-image-container\">\n\t\t<div class=\"breakdance-image-clip\"><img loading=\"lazy\" decoding=\"async\" class=\"breakdance-image-object\" src=\"https:\/\/sigmapolymergroup.com\/wp-content\/uploads\/2024\/06\/sigma-polymer-group-header-4.jpg\" width=\"800\" height=\"600\" srcset=\"https:\/\/sigmapolymergroup.com\/wp-content\/uploads\/2024\/06\/sigma-polymer-group-header-4.jpg 800w, https:\/\/sigmapolymergroup.com\/wp-content\/uploads\/2024\/06\/sigma-polymer-group-header-4-300x225.jpg 300w, https:\/\/sigmapolymergroup.com\/wp-content\/uploads\/2024\/06\/sigma-polymer-group-header-4-768x576.jpg 768w\" sizes=\"auto, (max-width: 800px) 100vw, 800px\"><\/div>\n\t<\/div><\/figure>\n\n<\/div>\n<\/div><\/div><div class=\"bde-columns-233-112 bde-columns\"><div class=\"bde-column-233-113 bde-column\">\n  \n  \n\t\n\n\n\n<div class=\"bde-breadcrumbs-233-163 bde-breadcrumbs bde-preset-f939864a-5cea-4aea-b69b-9c6af527dac6\"><nav aria-label=\"leivapuru\" class=\"rank-math-breadcrumb\"><p><span class=\"last\">Kodu<\/span><\/p><\/nav><\/div><h1 class=\"bde-heading-233-156 bde-heading\">\nStandardtooted\n<\/h1><div class=\"bde-globalblock-233-157 bde-globalblock\"><\/div>\n<\/div><div class=\"bde-column-233-116 bde-column\">\n  \n  \n\t\n\n\n\n<div class=\"bde-div-233-117 bde-div\">\n  \n  \n\t\n\n\n\n<h4 class=\"bde-heading-233-118 bde-heading\">\nEi ole see, mida te otsite?\n<\/h4><div class=\"bde-button-233-119 bde-button bde-preset-c5986fe1-480a-48af-aa13-6b798113a18b\">\n    \n                        \n                        \n    \n    \n    \n    \n            \n                    \n            \n            \n\n    \n    \n    \n    \n    \n    <a class=\"breakdance-link button-atom button-atom--custom bde-button__button\" href=\"https:\/\/sigmapolymergroup.com\/et\/kohandatud-lahendused\/\" target=\"_self\" data-type=\"url\"  >\n\n    \n        <span class=\"button-atom__text\">Erilahendused<\/span>\n\n                            \n        \n                <\/a>\n\n    \n\n\n<\/div>\n<\/div>\n<\/div><\/div>\n<\/div><\/div><div class=\"bde-div-233-120 bde-div\">\n  \n  \n\t\n\n\n\n<div class=\"bde-rich-text-233-121 bde-rich-text breakdance-rich-text-styles\">\n<p>Sigmas pakume lisaks erilahendustele ka valikut standardtooteid. Siit leiate rohkem infot meie erinevate standardpakkumiste kohta ja k\u00fcsimuste korral v\u00f5tke meiega \u00fchendust.<\/p>\n<\/div>\n<\/div><\/div>\n<\/section><section id=\"application_areas\" class=\"bde-section-233-122 bde-section\">\n  \n  \n\t\n\n\n\n<div class=\"section-container\"><div class=\"bde-columns-233-123 bde-columns\"><div class=\"bde-column-233-124 bde-column\">\n  \n  \n\t\n\n\n\n\n<\/div><div class=\"bde-column-233-125 bde-column\">\n  \n  \n\t\n\n\n\n<h2 class=\"bde-heading-233-127 bde-heading\">\nVaakumr\u00f5ngad\n<\/h2>\n<\/div><\/div><\/div>\n<\/section><section class=\"bde-section-233-131 bde-section\">\n  \n  \n\t\n\n\n\n<div class=\"section-container\"><div class=\"bde-columns-233-140 bde-columns\"><div class=\"bde-column-233-141 bde-column\">\n  \n  \n\t\n\n\n\n<div class=\"bde-image-233-143 bde-image\">\n<figure class=\"breakdance-image breakdance-image--712\">\n\t<div class=\"breakdance-image-container\">\n\t\t<div class=\"breakdance-image-clip\"><img loading=\"lazy\" decoding=\"async\" class=\"breakdance-image-object\" src=\"https:\/\/sigmapolymergroup.com\/wp-content\/uploads\/2024\/06\/vacuum-rings-sigma-polymer-group-1920x1280-1.jpg\" width=\"1920\" height=\"1280\" srcset=\"https:\/\/sigmapolymergroup.com\/wp-content\/uploads\/2024\/06\/vacuum-rings-sigma-polymer-group-1920x1280-1.jpg 1920w, https:\/\/sigmapolymergroup.com\/wp-content\/uploads\/2024\/06\/vacuum-rings-sigma-polymer-group-1920x1280-1-300x200.jpg 300w, https:\/\/sigmapolymergroup.com\/wp-content\/uploads\/2024\/06\/vacuum-rings-sigma-polymer-group-1920x1280-1-1024x683.jpg 1024w, https:\/\/sigmapolymergroup.com\/wp-content\/uploads\/2024\/06\/vacuum-rings-sigma-polymer-group-1920x1280-1-768x512.jpg 768w, https:\/\/sigmapolymergroup.com\/wp-content\/uploads\/2024\/06\/vacuum-rings-sigma-polymer-group-1920x1280-1-1536x1024.jpg 1536w\" sizes=\"auto, (max-width: 1920px) 100vw, 1920px\"><\/div>\n\t<\/div><\/figure>\n\n<\/div><h4 class=\"bde-heading-233-148 bde-heading\">\nSilikoonivabad vaakumr\u00f5ngad\n<\/h4>\n<\/div><div class=\"bde-column-233-153 bde-column\">\n  \n  \n\t\n\n\n\n<div class=\"bde-image-233-154 bde-image\">\n<figure class=\"breakdance-image breakdance-image--711\">\n\t<div class=\"breakdance-image-container\">\n\t\t<div class=\"breakdance-image-clip\"><img loading=\"lazy\" decoding=\"async\" class=\"breakdance-image-object\" src=\"https:\/\/sigmapolymergroup.com\/wp-content\/uploads\/2024\/06\/Silicon-vacuum-rings-sigma-polymer-group-1920x1280-1.jpg\" width=\"1920\" height=\"1280\" srcset=\"https:\/\/sigmapolymergroup.com\/wp-content\/uploads\/2024\/06\/Silicon-vacuum-rings-sigma-polymer-group-1920x1280-1.jpg 1920w, https:\/\/sigmapolymergroup.com\/wp-content\/uploads\/2024\/06\/Silicon-vacuum-rings-sigma-polymer-group-1920x1280-1-300x200.jpg 300w, https:\/\/sigmapolymergroup.com\/wp-content\/uploads\/2024\/06\/Silicon-vacuum-rings-sigma-polymer-group-1920x1280-1-1024x683.jpg 1024w, https:\/\/sigmapolymergroup.com\/wp-content\/uploads\/2024\/06\/Silicon-vacuum-rings-sigma-polymer-group-1920x1280-1-768x512.jpg 768w, https:\/\/sigmapolymergroup.com\/wp-content\/uploads\/2024\/06\/Silicon-vacuum-rings-sigma-polymer-group-1920x1280-1-1536x1024.jpg 1536w\" sizes=\"auto, (max-width: 1920px) 100vw, 1920px\"><\/div>\n\t<\/div><\/figure>\n\n<\/div><h4 class=\"bde-heading-233-155 bde-heading\">\nSilikoonist vaakumr\u00f5ngad\n<\/h4>\n<\/div><\/div><\/div>\n<\/section><section class=\"bde-section-233-133 bde-section\">\n  \n  \n\t\n\n\n\n<div class=\"section-container\"><div class=\"bde-rich-text-233-134 bde-rich-text breakdance-rich-text-styles\">\n<p>Oleme rakendanud oma pol\u00fcmeerialaseid teadmisi, et t\u00f6\u00f6tada v\u00e4lja GT-vaakumir\u00f5ngas - paindlik ja vastupidav lahendus, mis v\u00e4hendab tootmiskulusid ja suurendab tuuleklaaside tootjate jaoks toote kvaliteeti.<\/p>\n<\/div><div class=\"bde-rich-text-233-145 bde-rich-text breakdance-rich-text-styles\">\n<p>Autode tuuleklaasid on vooderdatud pol\u00fcvin\u00fc\u00fclbut\u00fcraalkilega (PVB), mis on paigutatud kahe klaasikihi vahele. PVB kiht v\u00f5imaldab klaasil absorbeerida l\u00f6\u00f6gienergiat ja parandab vastupidavust lendavatele osakestele. Turvaklaasi toodetakse k\u00f5rgetel temperatuuridel - keskkond, mis esitab k\u00f5ikidele protsessis kasutatavatele materjalidele k\u00f5rgeid n\u00f5udmisi.<\/p>\n<\/div><div class=\"bde-rich-text-233-139 bde-rich-text breakdance-rich-text-styles\">\n<p><strong>Kvaliteetne ja kuluefektiivne lahendus:<\/strong> GT-vaakumir\u00f5ngast kasutatakse PVB kihtide vahele j\u00e4\u00e4va \u00f5hu eemaldamiseks turvaklaasi tootmisel. T\u00e4nu k\u00f5rgekvaliteedilise kummi kasutamisele on GT-vaakumir\u00f5ngad \u00e4\u00e4rmiselt vastupidavad kulumisele ja k\u00f5rgetele temperatuuridele. Silikoonist v\u00f5i silikoonivabast materjalist valmistatud r\u00f5ngastel on suurep\u00e4rased mehaanilised omadused, n\u00e4iteks elastsus, mis v\u00f5imaldab kasutada \u00fchte r\u00f5nga suurust paljude erinevate suuruste puhul. Kuna GT-vaakumr\u00f5ngad on valmistatud vastupidavast ja kvaliteetsest pol\u00fcmeerist, peavad need vastu suurele arvule lamineerimists\u00fcklitele, mille tulemuseks on madalamad tootmiskulud. GT-vaakumr\u00f5ngaid toodame eripikkusega vastavalt kliendi vajadusele. Neid saab valmistada vormitud nurgaga, kasutamiseks mistahes valitud kohas, et tagada t\u00e4iuslik tihendus isegi v\u00e4ga teravates nurkades.<\/p>\n<\/div><div class=\"bde-rich-text-233-160 bde-rich-text breakdance-rich-text-styles\">\n<p><strong>Uued l\u00e4henemised:<\/strong> pakume Teile tuge, mida vajate tulemuslikkuse kiirendamiseks, tuginedes meie mitmek\u00fclgsetele teadmistele ja aastak\u00fcmnete pikkusele innovatsioonikogemusele.<br \/><a href=\"https:\/\/sigmapolymergroup.com\/wp-content\/uploads\/2024\/05\/Vacuum-rings.pdf\" target=\"_blank\" rel=\"noopener\">Tutvu meie vaakumr\u00f5ngaste infolehega siin!<\/a><\/p>\n<\/div><\/div>\n<\/section><section class=\"bde-section-233-161 bde-section\">\n  \n  \n\t\n\n\n\n<div class=\"section-container\"><div class=\"bde-button-233-162 bde-button\">\n    \n                        \n                        \n    \n    \n    \n    \n            \n                    \n            \n            \n\n    \n    \n    \n    \n    \n    <a class=\"breakdance-link button-atom button-atom--secondary bde-button__button\" href=\"https:\/\/sigmapolymergroup.com\/et\/standardtooted\/\" target=\"_self\" data-type=\"url\"  >\n\n    \n        <span class=\"button-atom__text\">Tagasi standardtoodete juurde<\/span>\n\n        \n        \n                <\/a>\n\n    \n\n\n<\/div><\/div>\n<\/section>","protected":false},"excerpt":{"rendered":"<p>Home Standard Products Not what you are looking for? Go to customized solutions At Sigma, we offer a selection of standard products on top of tailor-made solutions. Browse this section to learn more about the different standard offerings we have and don\u2019t hesitate to contact us for more details! Vacuum Rings Silicone free vacuum rings [&hellip;]<\/p>\n","protected":false},"author":2,"featured_media":0,"parent":131,"menu_order":0,"comment_status":"closed","ping_status":"closed","template":"","meta":{"_acf_changed":false,"_breakdance_hide_in_design_set":false,"_breakdance_tags":"","footnotes":""},"class_list":["post-233","page","type-page","status-publish","hentry"],"acf":[],"_links":{"self":[{"href":"https:\/\/sigmapolymergroup.com\/et\/wp-json\/wp\/v2\/pages\/233","targetHints":{"allow":["GET"]}}],"collection":[{"href":"https:\/\/sigmapolymergroup.com\/et\/wp-json\/wp\/v2\/pages"}],"about":[{"href":"https:\/\/sigmapolymergroup.com\/et\/wp-json\/wp\/v2\/types\/page"}],"author":[{"embeddable":true,"href":"https:\/\/sigmapolymergroup.com\/et\/wp-json\/wp\/v2\/users\/2"}],"replies":[{"embeddable":true,"href":"https:\/\/sigmapolymergroup.com\/et\/wp-json\/wp\/v2\/comments?post=233"}],"version-history":[{"count":22,"href":"https:\/\/sigmapolymergroup.com\/et\/wp-json\/wp\/v2\/pages\/233\/revisions"}],"predecessor-version":[{"id":967,"href":"https:\/\/sigmapolymergroup.com\/et\/wp-json\/wp\/v2\/pages\/233\/revisions\/967"}],"up":[{"embeddable":true,"href":"https:\/\/sigmapolymergroup.com\/et\/wp-json\/wp\/v2\/pages\/131"}],"wp:attachment":[{"href":"https:\/\/sigmapolymergroup.com\/et\/wp-json\/wp\/v2\/media?parent=233"}],"curies":[{"name":"wp","href":"https:\/\/api.w.org\/{rel}","templated":true}]}}